{"id":20993,"date":"2017-07-29T15:25:58","date_gmt":"2017-07-29T18:25:58","guid":{"rendered":"https:\/\/kpn.com.uy\/web\/?post_type=product&#038;p=20993"},"modified":"2017-11-22T18:47:38","modified_gmt":"2017-11-22T21:47:38","slug":"mitland-t71vp3","status":"publish","type":"product","link":"https:\/\/kpn.com.uy\/web\/producto\/mitland-t71vp3\/","title":{"rendered":"Midland T71VP3"},"content":{"rendered":"","protected":false},"excerpt":{"rendered":"<p>36 Canales.<br \/>\nComunicaci\u00f3n clarida y n\u00edtida, con botones de f\u00e1cil acceso.<br \/>\nHasta 38 millas de alcance. (El mayor rango de Comunicaci\u00f3n solo se alcanza en zonas con poca o casi nada de obstrucci\u00f3n).<br \/>\n121 c\u00f3digos de privacidad.<br \/>\nFuncionamiento silencioso.<br \/>\nConfiguraci\u00f3n de energ\u00eda HI \/ LO &#8211; Le permite ajustar la potencia de transmisi\u00f3n para conservar la vida de la bater\u00eda.<br \/>\nCompatible con manos libres eVox.<br \/>\nAlimentacion dual: Funciona con 3 pilas AAA (no incluidas) o 2 pares de baterias de recargables de 1000mAh (incluidas).<br \/>\nDimensiones &#8211; 6.1&#8243; x 2.6&#8243; x 1.4&#8243;<\/p>\n","protected":false},"featured_media":20994,"template":"","meta":{"_exactmetrics_skip_tracking":false,"_exactmetrics_sitenote_active":false,"_exactmetrics_sitenote_note":"","_exactmetrics_sitenote_category":0,"_monsterinsights_skip_tracking":false,"_monsterinsights_sitenote_active":false,"_monsterinsights_sitenote_note":"","_monsterinsights_sitenote_category":0},"product_brand":[],"product_cat":[98,80],"product_tag":[],"class_list":{"0":"post-20993","1":"product","2":"type-product","3":"status-publish","4":"has-post-thumbnail","6":"product_cat-midland","7":"product_cat-radios","9":"first","10":"instock","11":"shipping-taxable","12":"product-type-simple","13":"col-xxl","14":"col-xl-4","15":"col-lg-6","16":"col-sm-6"},"_links":{"self":[{"href":"https:\/\/kpn.com.uy\/web\/wp-json\/wp\/v2\/product\/20993","targetHints":{"allow":["GET"]}}],"collection":[{"href":"https:\/\/kpn.com.uy\/web\/wp-json\/wp\/v2\/product"}],"about":[{"href":"https:\/\/kpn.com.uy\/web\/wp-json\/wp\/v2\/types\/product"}],"wp:featuredmedia":[{"embeddable":true,"href":"https:\/\/kpn.com.uy\/web\/wp-json\/wp\/v2\/media\/20994"}],"wp:attachment":[{"href":"https:\/\/kpn.com.uy\/web\/wp-json\/wp\/v2\/media?parent=20993"}],"wp:term":[{"taxonomy":"product_brand","embeddable":true,"href":"https:\/\/kpn.com.uy\/web\/wp-json\/wp\/v2\/product_brand?post=20993"},{"taxonomy":"product_cat","embeddable":true,"href":"https:\/\/kpn.com.uy\/web\/wp-json\/wp\/v2\/product_cat?post=20993"},{"taxonomy":"product_tag","embeddable":true,"href":"https:\/\/kpn.com.uy\/web\/wp-json\/wp\/v2\/product_tag?post=20993"}],"curies":[{"name":"wp","href":"https:\/\/api.w.org\/{rel}","templated":true}]}}