{"id":21013,"date":"2017-07-29T15:55:02","date_gmt":"2017-07-29T18:55:02","guid":{"rendered":"https:\/\/kpn.com.uy\/web\/?post_type=product&#038;p=21013"},"modified":"2017-08-23T17:38:38","modified_gmt":"2017-08-23T20:38:38","slug":"hydrone-asv-totalmente-autonoma-y-plataforma-survey-de-control-remoto","status":"publish","type":"product","link":"https:\/\/kpn.com.uy\/web\/producto\/hydrone-asv-totalmente-autonoma-y-plataforma-survey-de-control-remoto\/","title":{"rendered":"Hydrone-ASV totalmente aut\u00f3noma y Plataforma Survey de control remoto"},"content":{"rendered":"<p>Los ambientes de trabajo incluyen minas, plantas de tratamiento de aguas residuales, lagos contaminados, puertos y r\u00edos.<\/p>\n<p>El mando a distancia de la embarcaci\u00f3n de reconocimiento es sencillo gracias a un sistema de control remoto de alta potencia que ofrece una autonom\u00eda de hasta 2 km, con una duraci\u00f3n de la inspecci\u00f3n de m\u00e1s de 8 horas a una velocidad de inspecci\u00f3n de 3 nudos en una sola bater\u00eda. HyDrone-ASV tambi\u00e9n es totalmente aut\u00f3nomo; El veh\u00edculo puede ser monitoreado mientras est\u00e1 en marcha, en los modos Auto y Manual.<\/p>\n<p>La aplicaci\u00f3n del planificador de la misi\u00f3n funciona en un ordenador port\u00e1til de la estaci\u00f3n base conectado con un acoplamiento de la radio telemetr\u00eda, y exhibe la colocaci\u00f3n gr\u00e1fica y el progreso del veh\u00edculo contra un mapa del fondo del \u00e1rea de la encuesta. El voltaje de la bater\u00eda, la corriente y la capacidad restante se monitorean a trav\u00e9s de este enlace.<\/p>\n<p>El Hydrone-RCV ha sido presentado en POB, Surveyor Profesional (ahora XyHt) y GIM.<\/p>\n<p><strong>Opciones de Instrumentaci\u00f3n<\/strong><br \/>\nPerfilador de velocidad del sonido.<br \/>\n\u00b7 GPS RTK<br \/>\n\u00b7 Telemetr\u00eda por radio<br \/>\n\u00b7 M\u00f3dulo de sonar de barrido lateral<br \/>\n\u00b7 Software HYPACK<br \/>\n\u00b7 HydroLite-TM\u2122<br \/>\nKit HydroLite<br \/>\nEcosonda SonarMite MILSpec<br \/>\nCaja de transporte reforzada<br \/>\n\u00b7 M\u00f3dulo Piloto Autom\u00e1tico<br \/>\nSistema de control AutoNav\u2122<br \/>\nGPS integrado y br\u00fajula<br \/>\nSistema de telemetr\u00eda incorporado<br \/>\nPC port\u00e1til<br \/>\nAplicaci\u00f3n Mission Planner<br \/>\nRadio Telemetr\u00eda USB<\/p>\n<p><a href=\"https:\/\/kpn.com.uy\/web\/wp-content\/uploads\/2017\/07\/folleto-1.pdf\" target=\"_blank\" rel=\"noopener noreferrer\"><span class=\"btn btn-sm btn-primary\">Descargar PDF<\/span><\/a><\/p>\n","protected":false},"excerpt":{"rendered":"<p><strong>SEA2201<\/strong><\/p>\n<p>El HyDrone-ASV es una plataforma de one-man port\u00e1til, aut\u00f3noma y remotamente controlada por un solo hombre, desarrollada para aplicaciones de levantamiento hidrogr\u00e1fico.<br \/>\nTrabajando en conjunto con el kit de ecosonda port\u00e1til HydroLite-TM, HyDrone logra los mismos resultados que los sistemas de levantamiento RC m\u00e1s caros.<br \/>\nEl peso ligero, el perfil ancho y la construcci\u00f3n estanca proporcionan estabilidad, robustez y portabilidad. Est\u00e1 fabricado con materiales y componentes marinos de alta calidad y se desmonta f\u00e1cilmente para el transporte y el env\u00edo.<\/p>\n","protected":false},"featured_media":21709,"template":"","meta":{"_exactmetrics_skip_tracking":false,"_exactmetrics_sitenote_active":false,"_exactmetrics_sitenote_note":"","_exactmetrics_sitenote_category":0,"_monsterinsights_skip_tracking":false,"_monsterinsights_sitenote_active":false,"_monsterinsights_sitenote_note":"","_monsterinsights_sitenote_category":0},"product_brand":[],"product_cat":[112,246],"product_tag":[],"class_list":{"0":"post-21013","1":"product","2":"type-product","3":"status-publish","4":"has-post-thumbnail","6":"product_cat-hidrografia","7":"product_cat-seafloor","9":"first","10":"instock","11":"shipping-taxable","12":"product-type-simple","13":"col-xxl","14":"col-xl-4","15":"col-lg-6","16":"col-sm-6"},"_links":{"self":[{"href":"https:\/\/kpn.com.uy\/web\/wp-json\/wp\/v2\/product\/21013","targetHints":{"allow":["GET"]}}],"collection":[{"href":"https:\/\/kpn.com.uy\/web\/wp-json\/wp\/v2\/product"}],"about":[{"href":"https:\/\/kpn.com.uy\/web\/wp-json\/wp\/v2\/types\/product"}],"wp:featuredmedia":[{"embeddable":true,"href":"https:\/\/kpn.com.uy\/web\/wp-json\/wp\/v2\/media\/21709"}],"wp:attachment":[{"href":"https:\/\/kpn.com.uy\/web\/wp-json\/wp\/v2\/media?parent=21013"}],"wp:term":[{"taxonomy":"product_brand","embeddable":true,"href":"https:\/\/kpn.com.uy\/web\/wp-json\/wp\/v2\/product_brand?post=21013"},{"taxonomy":"product_cat","embeddable":true,"href":"https:\/\/kpn.com.uy\/web\/wp-json\/wp\/v2\/product_cat?post=21013"},{"taxonomy":"product_tag","embeddable":true,"href":"https:\/\/kpn.com.uy\/web\/wp-json\/wp\/v2\/product_tag?post=21013"}],"curies":[{"name":"wp","href":"https:\/\/api.w.org\/{rel}","templated":true}]}}