{"id":21021,"date":"2017-07-29T16:04:21","date_gmt":"2017-07-29T19:04:21","guid":{"rendered":"https:\/\/kpn.com.uy\/web\/?post_type=product&#038;p=21021"},"modified":"2017-08-17T15:38:45","modified_gmt":"2017-08-17T18:38:45","slug":"21021","status":"publish","type":"product","link":"https:\/\/kpn.com.uy\/web\/producto\/21021\/","title":{"rendered":"Kit Hydrolite &#8211; TM ecosonda"},"content":{"rendered":"<p>Volumen de suministro:<\/p>\n<ul>\n<li>SonarMite BT Kit de ecosonda MILSpec<\/li>\n<li>Transductor, 200kHz, 9deg<\/li>\n<li>Bater\u00eda recargable interna de 12V<\/li>\n<li>HydroLite kit de montaje \/ polea para barcos<\/li>\n<li>Frecuencia de ping: 6 Hz<\/li>\n<li>Precisi\u00f3n de la profundidad: 1cm \/ 0.1percent de profundidad<\/li>\n<li>Formatos de salida: NMEA, ASCII, Calidad<\/li>\n<li>Alcance de funcionamiento: 0.3m &#8211; 75m<\/li>\n<li>Caja de transporte resistente<\/li>\n<li>Gu\u00eda de inicio r\u00e1pido \/ Manual del usuario<\/li>\n<li>1 a\u00f1o de garant\u00eda y soporte<\/li>\n<\/ul>\n<p>Opciones:<\/p>\n<ul>\n<li>Receptor de correcci\u00f3n de Guardacostas.<\/li>\n<li>Adquisici\u00f3n de datos de PC.<\/li>\n<li>Prueba de barra digital.<\/li>\n<li>Mare\u00f3grafo.<\/li>\n<\/ul>\n<p><a href=\"https:\/\/kpn.com.uy\/web\/wp-content\/uploads\/2017\/07\/folleto-2.pdf\" target=\"_blank\" rel=\"noopener noreferrer\"><span class=\"btn btn-sm btn-primary\">Descargar PDF<\/span><\/a><\/p>\n","protected":false},"excerpt":{"rendered":"<p><strong>SEA1001<\/strong><\/p>\n<p>El HydroLite-TM debe ser incluido en todos los equipamientos est\u00e1ndar de Ingenier\u00eda para levantamiento hidrogr\u00e1fico. Desarrollado para cumplir con los requisitos de los Equipos de Buceo T\u00e1ctico del Ej\u00e9rcito de los Estados Unidos, el robusto e inal\u00e1mbrico HydroLite-TM se ve y se siente como su instrumento de reconocimiento tradicional. R\u00e1pidamente mide y registra profundidades con mayor precisi\u00f3n que los sistemas est\u00e1ndar, haciendo trabajos r\u00e1pidos de estanques, r\u00edos, lagos y m\u00e1s. El GPS y el colector de datos se venden por separado.<\/p>\n","protected":false},"featured_media":21024,"template":"","meta":{"_exactmetrics_skip_tracking":false,"_exactmetrics_sitenote_active":false,"_exactmetrics_sitenote_note":"","_exactmetrics_sitenote_category":0,"_monsterinsights_skip_tracking":false,"_monsterinsights_sitenote_active":false,"_monsterinsights_sitenote_note":"","_monsterinsights_sitenote_category":0},"product_brand":[],"product_cat":[112,246],"product_tag":[],"class_list":{"0":"post-21021","1":"product","2":"type-product","3":"status-publish","4":"has-post-thumbnail","6":"product_cat-hidrografia","7":"product_cat-seafloor","9":"first","10":"instock","11":"shipping-taxable","12":"product-type-simple","13":"col-xxl","14":"col-xl-4","15":"col-lg-6","16":"col-sm-6"},"_links":{"self":[{"href":"https:\/\/kpn.com.uy\/web\/wp-json\/wp\/v2\/product\/21021","targetHints":{"allow":["GET"]}}],"collection":[{"href":"https:\/\/kpn.com.uy\/web\/wp-json\/wp\/v2\/product"}],"about":[{"href":"https:\/\/kpn.com.uy\/web\/wp-json\/wp\/v2\/types\/product"}],"wp:featuredmedia":[{"embeddable":true,"href":"https:\/\/kpn.com.uy\/web\/wp-json\/wp\/v2\/media\/21024"}],"wp:attachment":[{"href":"https:\/\/kpn.com.uy\/web\/wp-json\/wp\/v2\/media?parent=21021"}],"wp:term":[{"taxonomy":"product_brand","embeddable":true,"href":"https:\/\/kpn.com.uy\/web\/wp-json\/wp\/v2\/product_brand?post=21021"},{"taxonomy":"product_cat","embeddable":true,"href":"https:\/\/kpn.com.uy\/web\/wp-json\/wp\/v2\/product_cat?post=21021"},{"taxonomy":"product_tag","embeddable":true,"href":"https:\/\/kpn.com.uy\/web\/wp-json\/wp\/v2\/product_tag?post=21021"}],"curies":[{"name":"wp","href":"https:\/\/api.w.org\/{rel}","templated":true}]}}