{"id":21031,"date":"2017-07-29T16:43:09","date_gmt":"2017-07-29T19:43:09","guid":{"rendered":"https:\/\/kpn.com.uy\/web\/?post_type=product&#038;p=21031"},"modified":"2017-07-29T16:43:09","modified_gmt":"2017-07-29T19:43:09","slug":"sonarmite-dfx-ecosonda-doble-frecuencia","status":"publish","type":"product","link":"https:\/\/kpn.com.uy\/web\/producto\/sonarmite-dfx-ecosonda-doble-frecuencia\/","title":{"rendered":"SonarMite &#8211; DFX ecosonda doble frecuencia"},"content":{"rendered":"<p><strong>Volumen de suministro:<\/strong><br \/>\n\u2022 ecosonda SonarMite DFX Bluetooth<br \/>\n\u2022 transductor de sonda 200 \/ 28kHz<br \/>\n\u2022 fuente de alimentaci\u00f3n de 12 voltios \/ cargador<br \/>\n\u2022 Cable de conexi\u00f3n serie<br \/>\n\u2022 Formaci\u00f3n en CD-ROM<br \/>\n\u2022 Manual de usuario<br \/>\n\u2022 1 a\u00f1o de garant\u00eda en partes y mano de obra<\/p>\n<p><strong>Opciones:<\/strong><br \/>\n\u2022 Accesorios del brazo del Hydrolite<br \/>\n\u2022 GNSS \/ DGPS<br \/>\n\u2022 Caja de env\u00edo construido s\u00f3lidamente<br \/>\n\u2022 Calibraci\u00f3n a trav\u00e9s de barra digital<br \/>\n\u2022 Mare\u00f3grafo<br \/>\n\u2022 Sensor de movimiento<\/p>\n<p><a href=\"https:\/\/kpn.com.uy\/web\/wp-content\/uploads\/2017\/07\/folleto-3.pdf\" target=\"_blank\" rel=\"noopener noreferrer\"><span class=\"btn btn-sm btn-primary\">Descargar PDF<\/span><\/a><\/p>\n","protected":false},"excerpt":{"rendered":"<p><strong>SEA1102<\/strong><br \/>\nEl SonarMite-DFX \u2122 es un sistema de sonda de doble frecuencia port\u00e1til que combina baja frecuencia (28kHz) y transductores de alta frecuencia (200 kHz) en una unidad.<br \/>\nEl dise\u00f1o \u00fanico permite la penetraci\u00f3n a trav\u00e9s de los sedimentos blandos para detectar capas m\u00e1s duras, la detecci\u00f3n de la capa superficial, y funciones como una herramienta \u00fatil para la clasificaci\u00f3n inferior.<\/p>\n","protected":false},"featured_media":21033,"template":"","meta":{"_exactmetrics_skip_tracking":false,"_exactmetrics_sitenote_active":false,"_exactmetrics_sitenote_note":"","_exactmetrics_sitenote_category":0,"_monsterinsights_skip_tracking":false,"_monsterinsights_sitenote_active":false,"_monsterinsights_sitenote_note":"","_monsterinsights_sitenote_category":0},"product_brand":[],"product_cat":[112,246],"product_tag":[],"class_list":{"0":"post-21031","1":"product","2":"type-product","3":"status-publish","4":"has-post-thumbnail","6":"product_cat-hidrografia","7":"product_cat-seafloor","9":"first","10":"instock","11":"shipping-taxable","12":"product-type-simple","13":"col-xxl","14":"col-xl-4","15":"col-lg-6","16":"col-sm-6"},"_links":{"self":[{"href":"https:\/\/kpn.com.uy\/web\/wp-json\/wp\/v2\/product\/21031","targetHints":{"allow":["GET"]}}],"collection":[{"href":"https:\/\/kpn.com.uy\/web\/wp-json\/wp\/v2\/product"}],"about":[{"href":"https:\/\/kpn.com.uy\/web\/wp-json\/wp\/v2\/types\/product"}],"wp:featuredmedia":[{"embeddable":true,"href":"https:\/\/kpn.com.uy\/web\/wp-json\/wp\/v2\/media\/21033"}],"wp:attachment":[{"href":"https:\/\/kpn.com.uy\/web\/wp-json\/wp\/v2\/media?parent=21031"}],"wp:term":[{"taxonomy":"product_brand","embeddable":true,"href":"https:\/\/kpn.com.uy\/web\/wp-json\/wp\/v2\/product_brand?post=21031"},{"taxonomy":"product_cat","embeddable":true,"href":"https:\/\/kpn.com.uy\/web\/wp-json\/wp\/v2\/product_cat?post=21031"},{"taxonomy":"product_tag","embeddable":true,"href":"https:\/\/kpn.com.uy\/web\/wp-json\/wp\/v2\/product_tag?post=21031"}],"curies":[{"name":"wp","href":"https:\/\/api.w.org\/{rel}","templated":true}]}}