{"id":21035,"date":"2017-07-29T16:46:59","date_gmt":"2017-07-29T19:46:59","guid":{"rendered":"https:\/\/kpn.com.uy\/web\/?post_type=product&#038;p=21035"},"modified":"2017-07-29T16:47:40","modified_gmt":"2017-07-29T19:47:40","slug":"survey-system-portatil-sonarm8-bt","status":"publish","type":"product","link":"https:\/\/kpn.com.uy\/web\/producto\/survey-system-portatil-sonarm8-bt\/","title":{"rendered":"Survey System port\u00e1til SonarM8 BT"},"content":{"rendered":"<p><strong>Caracter\u00edsticas:<\/strong><\/p>\n<ul>\n<li>Ancho de haz de 4 grados<\/li>\n<li>Cable de alimentaci\u00f3n de CC<\/li>\n<li>Carcasa de montaje en pared<\/li>\n<li>Grado encuesta ecosonda probada en el campo resistente<\/li>\n<li>La tecnolog\u00eda Bluetooth con dispositivos Pocket PC de Windows<\/li>\n<li>Se ha comprobado dise\u00f1o de transductores &#8216;inteligente&#8217; con la salida de control de calidad<\/li>\n<li>F\u00e1cil de integrar con otro software moderno y tecnolog\u00eda GPS<\/li>\n<\/ul>\n<p><strong>Opciones:<\/strong><\/p>\n<ul>\n<li>Software de colecci\u00f3n de datos<\/li>\n<li>Mediciones de oleaje, cabeceo y balanceo<\/li>\n<li>Veloc\u00edmetro de sonido<\/li>\n<li>Abrazadera de montaje port\u00e1til<\/li>\n<li>Caja de env\u00edo resistente<\/li>\n<li>Garant\u00eda extendida<\/li>\n<\/ul>\n<p><a href=\"https:\/\/kpn.com.uy\/web\/wp-content\/uploads\/2017\/07\/FOLLETO.pdf\" target=\"_blank\" rel=\"noopener noreferrer\"><span class=\"btn btn-sm btn-primary\">Descargar PDF<\/span><\/a><\/p>\n","protected":false},"excerpt":{"rendered":"<p><strong>SEA1020<\/strong><\/p>\n<p>El sistema de medici\u00f3n port\u00e1til SonarM8 \u2122 Bluetooth es el resultado de casi dos a\u00f1os de investigaci\u00f3n y el desarrollo para ampliar a\u00fan m\u00e1s los l\u00edmites de agua del equipo de levantamiento El hidrograf\u00eda de poca profundidad.<\/p>\n<p>La introducci\u00f3n por parte de Ohmex en 1997 de la SonarLite, los mundos primero verdaderamente port\u00e1til del sistema de ecosonda, ha sido un acto dif\u00edcil de seguir y sigue siendo el instrumento port\u00e1til de la elecci\u00f3n en muchas empresas de la encuesta de todo el mundo.<\/p>\n<p>La liberaci\u00f3n del instrumento SonarMite marca el siguiente paso de la introducci\u00f3n de una serie de equipos dise\u00f1ados en torno al concepto WinSTRUMENT que utiliza el \u00faltimo ordenador port\u00e1til integrado con las nuevas tecnolog\u00edas de medici\u00f3n.<\/p>\n","protected":false},"featured_media":21037,"template":"","meta":{"_exactmetrics_skip_tracking":false,"_exactmetrics_sitenote_active":false,"_exactmetrics_sitenote_note":"","_exactmetrics_sitenote_category":0,"_monsterinsights_skip_tracking":false,"_monsterinsights_sitenote_active":false,"_monsterinsights_sitenote_note":"","_monsterinsights_sitenote_category":0},"product_brand":[],"product_cat":[112,246],"product_tag":[],"class_list":{"0":"post-21035","1":"product","2":"type-product","3":"status-publish","4":"has-post-thumbnail","6":"product_cat-hidrografia","7":"product_cat-seafloor","9":"first","10":"instock","11":"shipping-taxable","12":"product-type-simple","13":"col-xxl","14":"col-xl-4","15":"col-lg-6","16":"col-sm-6"},"_links":{"self":[{"href":"https:\/\/kpn.com.uy\/web\/wp-json\/wp\/v2\/product\/21035","targetHints":{"allow":["GET"]}}],"collection":[{"href":"https:\/\/kpn.com.uy\/web\/wp-json\/wp\/v2\/product"}],"about":[{"href":"https:\/\/kpn.com.uy\/web\/wp-json\/wp\/v2\/types\/product"}],"wp:featuredmedia":[{"embeddable":true,"href":"https:\/\/kpn.com.uy\/web\/wp-json\/wp\/v2\/media\/21037"}],"wp:attachment":[{"href":"https:\/\/kpn.com.uy\/web\/wp-json\/wp\/v2\/media?parent=21035"}],"wp:term":[{"taxonomy":"product_brand","embeddable":true,"href":"https:\/\/kpn.com.uy\/web\/wp-json\/wp\/v2\/product_brand?post=21035"},{"taxonomy":"product_cat","embeddable":true,"href":"https:\/\/kpn.com.uy\/web\/wp-json\/wp\/v2\/product_cat?post=21035"},{"taxonomy":"product_tag","embeddable":true,"href":"https:\/\/kpn.com.uy\/web\/wp-json\/wp\/v2\/product_tag?post=21035"}],"curies":[{"name":"wp","href":"https:\/\/api.w.org\/{rel}","templated":true}]}}