{"id":21039,"date":"2017-07-29T16:56:23","date_gmt":"2017-07-29T19:56:23","guid":{"rendered":"https:\/\/kpn.com.uy\/web\/?post_type=product&#038;p=21039"},"modified":"2017-11-03T15:55:23","modified_gmt":"2017-11-03T18:55:23","slug":"qm55","status":"publish","type":"product","link":"https:\/\/kpn.com.uy\/web\/producto\/qm55\/","title":{"rendered":"QM55"},"content":{"rendered":"<p><strong>Caracter\u00edsticas t\u00e9cnicas:<\/strong><br \/>\nAlcance en medici\u00f3n: 50 m<br \/>\nPrecisi\u00f3n en distancia: \u00b1 1,5 mm<br \/>\nSensor de inclinaci\u00f3n: NO<br \/>\nElemento de punter\u00eda: puntero luminoso<br \/>\nDimensiones: 125x52x28 mm<br \/>\nPeso: 187 g<br \/>\nRetroiluminaci\u00f3n: SI<br \/>\nMemoria: 50<br \/>\nAlimentaci\u00f3n el\u00e9ctrica: 2 bater\u00edas AAA<br \/>\nTipo de LASER: clase 2 (635nm, \u22641 mW)<br \/>\nProtecci\u00f3n contra polvo y agua: IP54<br \/>\nCaracter\u00edsticas especiales: Soporta ca\u00eddas de 1,5 m. Indicador de intensidad de se\u00f1al.<\/p>\n<p>Aplicaciones<br \/>\n\u2022 Medici\u00f3n de distancias<br \/>\n\u2022 Medici\u00f3n para c\u00e1lculo de materiales<br \/>\n\u2022 Medici\u00f3n segura en lugares de dif\u00edcil acceso<\/p>\n<p><a href=\"https:\/\/kpn.com.uy\/web\/wp-content\/uploads\/2017\/07\/folleto-4.pdf\" target=\"_blank\" rel=\"noopener noreferrer\"><span class=\"btn btn-sm btn-primary\">Descargar PDF<\/span><\/a><\/p>\n","protected":false},"excerpt":{"rendered":"<p>El L\u00e1ser QM55 de Spectra Precision\u00ae es un r\u00e1pido y preciso l\u00e1ser medidor de distancias para uso en interiores. Las caracter\u00edsticas incluyen \u00e1rea, volumen y funciones de Pit\u00e1goras para mediciones indirectas.<br \/>\nEs muy \u00fatil para las mediciones verticales dif\u00edciles, entornos saturados, sobre el agua y otras medidas para las cuales las cintas m\u00e9tricas no son convenientes.<br \/>\nSu indicador de intensidad de se\u00f1al, permite determinar r\u00e1pidamente las condiciones de medici\u00f3n.<\/p>\n","protected":false},"featured_media":21041,"template":"","meta":{"_exactmetrics_skip_tracking":false,"_exactmetrics_sitenote_active":false,"_exactmetrics_sitenote_note":"","_exactmetrics_sitenote_category":0,"_monsterinsights_skip_tracking":false,"_monsterinsights_sitenote_active":false,"_monsterinsights_sitenote_note":"","_monsterinsights_sitenote_category":0},"product_brand":[],"product_cat":[262,78,269,109,104],"product_tag":[],"class_list":{"0":"post-21039","1":"product","2":"type-product","3":"status-publish","4":"has-post-thumbnail","6":"product_cat-distanciometro","7":"product_cat-distanciometros","8":"product_cat-distanciometros-laser","9":"product_cat-ingenieria","10":"product_cat-spectra","12":"first","13":"instock","14":"shipping-taxable","15":"product-type-simple","16":"col-xxl","17":"col-xl-4","18":"col-lg-6","19":"col-sm-6"},"_links":{"self":[{"href":"https:\/\/kpn.com.uy\/web\/wp-json\/wp\/v2\/product\/21039","targetHints":{"allow":["GET"]}}],"collection":[{"href":"https:\/\/kpn.com.uy\/web\/wp-json\/wp\/v2\/product"}],"about":[{"href":"https:\/\/kpn.com.uy\/web\/wp-json\/wp\/v2\/types\/product"}],"wp:featuredmedia":[{"embeddable":true,"href":"https:\/\/kpn.com.uy\/web\/wp-json\/wp\/v2\/media\/21041"}],"wp:attachment":[{"href":"https:\/\/kpn.com.uy\/web\/wp-json\/wp\/v2\/media?parent=21039"}],"wp:term":[{"taxonomy":"product_brand","embeddable":true,"href":"https:\/\/kpn.com.uy\/web\/wp-json\/wp\/v2\/product_brand?post=21039"},{"taxonomy":"product_cat","embeddable":true,"href":"https:\/\/kpn.com.uy\/web\/wp-json\/wp\/v2\/product_cat?post=21039"},{"taxonomy":"product_tag","embeddable":true,"href":"https:\/\/kpn.com.uy\/web\/wp-json\/wp\/v2\/product_tag?post=21039"}],"curies":[{"name":"wp","href":"https:\/\/api.w.org\/{rel}","templated":true}]}}