{"id":21042,"date":"2017-07-29T17:00:21","date_gmt":"2017-07-29T20:00:21","guid":{"rendered":"https:\/\/kpn.com.uy\/web\/?post_type=product&#038;p=21042"},"modified":"2017-11-03T15:54:09","modified_gmt":"2017-11-03T18:54:09","slug":"qm95","status":"publish","type":"product","link":"https:\/\/kpn.com.uy\/web\/producto\/qm95\/","title":{"rendered":"QM95"},"content":{"rendered":"","protected":false},"excerpt":{"rendered":"<p>El manejo por parte de una \u00fanica persona permite realizar mediciones seguras en ubicaciones peligrosas o de dif\u00edcil acceso<br \/>\nRobusto y resistente, dise\u00f1ado para la construcci\u00f3n, soporta ca\u00eddas de hasta 1,5 m<br \/>\nHerm\u00e9tico al polvo y al agua, si se ensucia, basta con lavarlo<br \/>\nMas preciso que las cintas m\u00e9tricas tradicionales<br \/>\nPeque\u00f1o y compacto, cabe en el bolsillo o ri\u00f1onera de herramientas<br \/>\nPantalla iluminada, f\u00e1cil de leer en condiciones de poca luz<br \/>\nLarga duraci\u00f3n de la bater\u00eda, hasta 8.000 mediciones<br \/>\nAlcance de QM95: 200 m, calcula Area y Volumen<\/p>\n<p><strong>Aplicaciones<\/strong><br \/>\nMedici\u00f3n de distancias<br \/>\nMedici\u00f3n para calculo de materiales<br \/>\nMedici\u00f3n segura en lugares de dif\u00edcil acceso<\/p>\n<p><a href=\"https:\/\/kpn.com.uy\/web\/wp-content\/uploads\/2017\/07\/folleto-5.pdf\" target=\"_blank\" rel=\"noopener noreferrer\"><span class=\"btn btn-sm btn-primary\">Descargar PDF<\/span><\/a><\/p>\n","protected":false},"featured_media":21044,"template":"","meta":{"_exactmetrics_skip_tracking":false,"_exactmetrics_sitenote_active":false,"_exactmetrics_sitenote_note":"","_exactmetrics_sitenote_category":0,"_monsterinsights_skip_tracking":false,"_monsterinsights_sitenote_active":false,"_monsterinsights_sitenote_note":"","_monsterinsights_sitenote_category":0},"product_brand":[],"product_cat":[258,262,78,269,109,104],"product_tag":[],"class_list":{"0":"post-21042","1":"product","2":"type-product","3":"status-publish","4":"has-post-thumbnail","6":"product_cat-arquitectura","7":"product_cat-distanciometro","8":"product_cat-distanciometros","9":"product_cat-distanciometros-laser","10":"product_cat-ingenieria","11":"product_cat-spectra","13":"first","14":"instock","15":"shipping-taxable","16":"product-type-simple","17":"col-xxl","18":"col-xl-4","19":"col-lg-6","20":"col-sm-6"},"_links":{"self":[{"href":"https:\/\/kpn.com.uy\/web\/wp-json\/wp\/v2\/product\/21042","targetHints":{"allow":["GET"]}}],"collection":[{"href":"https:\/\/kpn.com.uy\/web\/wp-json\/wp\/v2\/product"}],"about":[{"href":"https:\/\/kpn.com.uy\/web\/wp-json\/wp\/v2\/types\/product"}],"wp:featuredmedia":[{"embeddable":true,"href":"https:\/\/kpn.com.uy\/web\/wp-json\/wp\/v2\/media\/21044"}],"wp:attachment":[{"href":"https:\/\/kpn.com.uy\/web\/wp-json\/wp\/v2\/media?parent=21042"}],"wp:term":[{"taxonomy":"product_brand","embeddable":true,"href":"https:\/\/kpn.com.uy\/web\/wp-json\/wp\/v2\/product_brand?post=21042"},{"taxonomy":"product_cat","embeddable":true,"href":"https:\/\/kpn.com.uy\/web\/wp-json\/wp\/v2\/product_cat?post=21042"},{"taxonomy":"product_tag","embeddable":true,"href":"https:\/\/kpn.com.uy\/web\/wp-json\/wp\/v2\/product_tag?post=21042"}],"curies":[{"name":"wp","href":"https:\/\/api.w.org\/{rel}","templated":true}]}}