{"id":21060,"date":"2017-07-29T17:20:02","date_gmt":"2017-07-29T20:20:02","guid":{"rendered":"https:\/\/kpn.com.uy\/web\/?post_type=product&#038;p=21060"},"modified":"2017-07-29T17:24:18","modified_gmt":"2017-07-29T20:24:18","slug":"nivel-ul633-14","status":"publish","type":"product","link":"https:\/\/kpn.com.uy\/web\/producto\/nivel-ul633-14\/","title":{"rendered":"Nivel UL633 &#8211; 14"},"content":{"rendered":"<p>El filtro de vibraci\u00f3n de nivelado electr\u00f3nico amortigua las vibraciones que normalmente se sufren en tr\u00edpodes altos, en zonas de mucho viento o en lugares de trabajo con fuertes vibraciones.<br \/>\nLa compensaci\u00f3n autom\u00e1tica de temperatura, pendiente y eje transversal elimina la necesidad de repetir trabajos<br \/>\nPrecisa alineaci\u00f3n doble autom\u00e1tica de los ejes respecto a dos puntos de alineaci\u00f3n deseados sin necesidad de posicionar los receptores perpendicularmente a 90\u00b0 (rango de alineaci\u00f3n de +\/-40\u00b0 en los ejes Y y X)<br \/>\nAlineaci\u00f3n de puntos autom\u00e1tica para aplicaciones de tendido de tuber\u00edas.<br \/>\nEl receptor SF601 gu\u00eda el rayo hacia el punto objetivo en el eje horizontal, mientras que se mantiene el valor de pendiente del eje z.<br \/>\nLa b\u00fasqueda de punto utiliza el Spot Finder SF601 para localizar manualmente el centro del rayo de plomada<br \/>\nLas funciones de comparaci\u00f3n de pendientes Grade Match simple\/ doble (ejes X e Y por separado o al mismo tiempo) y Spot Match (eje Z) miden y muestran la pendiente existente sobre un terreno desconocido, eliminando los c\u00e1lculos lentos y con tendencia a errores, el tiempo invertido en buscar planos de pendientes y las excavaciones innecesarias.<br \/>\nLas funciones PlaneLok simple\/doble (ejes X e Y por separado o al mismo tiempo) y SpotLok (eje Z) conectan autom\u00e1ticamente a un punto de alineaci\u00f3n vertical o elevaci\u00f3n existente, eliminando todo tipo de desviaci\u00f3n o posibilidad de error por una calibraci\u00f3n inadecuada o las condiciones meteorol\u00f3gicas.<br \/>\nMuy resistente, soporta ca\u00eddas de 1 m (3 pies) sobre hormig\u00f3n; costes de mantenimiento y reparaci\u00f3n reducidos.<br \/>\nEl modo de mascara elimina las interferencias con otras cuadrillas en el lugar de trabajo.<br \/>\nLas distintas velocidades de rotaci\u00f3n y el modo de escaneo ofrecen valor a\u00f1adido y cumplen los requisitos para obras en interiores.<\/p>\n<p><strong>VIDEO<\/strong><\/p>\n<p><iframe width=\"100%\" height=\"315\" src=\"https:\/\/www.youtube.com\/embed\/yddIME2NbTg\" frameborder=\"0\" allowfullscreen><\/iframe><\/p>\n","protected":false},"excerpt":{"rendered":"<p><strong>El l\u00e1ser de construcci\u00f3n mas vers\u00e1til de la historia.<\/strong><\/p>\n<p>La auto nivelaci\u00f3n electr\u00f3nica autom\u00e1tica permite ajustar de forma r\u00e1pida y sencilla la nivelaci\u00f3n horizontal, la pendiente y el aplomado vertical.<br \/>\nAmplio alcance de pendientes compensadas, del -25% al +25%.<br \/>\nR\u00e1pida configuraci\u00f3n con el control remoto por radio e infrarrojos combinado, que incluye aplicaciones de tendido de tuber\u00edas.<\/p>\n","protected":false},"featured_media":21062,"template":"","meta":{"_exactmetrics_skip_tracking":false,"_exactmetrics_sitenote_active":false,"_exactmetrics_sitenote_note":"","_exactmetrics_sitenote_category":0,"_monsterinsights_skip_tracking":false,"_monsterinsights_sitenote_active":false,"_monsterinsights_sitenote_note":"","_monsterinsights_sitenote_category":0},"product_brand":[],"product_cat":[109,82,104],"product_tag":[],"class_list":{"0":"post-21060","1":"product","2":"type-product","3":"status-publish","4":"has-post-thumbnail","6":"product_cat-ingenieria","7":"product_cat-nivellaser","8":"product_cat-spectra","10":"first","11":"instock","12":"shipping-taxable","13":"product-type-simple","14":"col-xxl","15":"col-xl-4","16":"col-lg-6","17":"col-sm-6"},"_links":{"self":[{"href":"https:\/\/kpn.com.uy\/web\/wp-json\/wp\/v2\/product\/21060","targetHints":{"allow":["GET"]}}],"collection":[{"href":"https:\/\/kpn.com.uy\/web\/wp-json\/wp\/v2\/product"}],"about":[{"href":"https:\/\/kpn.com.uy\/web\/wp-json\/wp\/v2\/types\/product"}],"wp:featuredmedia":[{"embeddable":true,"href":"https:\/\/kpn.com.uy\/web\/wp-json\/wp\/v2\/media\/21062"}],"wp:attachment":[{"href":"https:\/\/kpn.com.uy\/web\/wp-json\/wp\/v2\/media?parent=21060"}],"wp:term":[{"taxonomy":"product_brand","embeddable":true,"href":"https:\/\/kpn.com.uy\/web\/wp-json\/wp\/v2\/product_brand?post=21060"},{"taxonomy":"product_cat","embeddable":true,"href":"https:\/\/kpn.com.uy\/web\/wp-json\/wp\/v2\/product_cat?post=21060"},{"taxonomy":"product_tag","embeddable":true,"href":"https:\/\/kpn.com.uy\/web\/wp-json\/wp\/v2\/product_tag?post=21060"}],"curies":[{"name":"wp","href":"https:\/\/api.w.org\/{rel}","templated":true}]}}