{"id":21071,"date":"2017-07-29T17:33:55","date_gmt":"2017-07-29T20:33:55","guid":{"rendered":"https:\/\/kpn.com.uy\/web\/?post_type=product&#038;p=21071"},"modified":"2019-01-07T12:52:29","modified_gmt":"2019-01-07T15:52:29","slug":"al32","status":"publish","type":"product","link":"https:\/\/kpn.com.uy\/web\/producto\/al32\/","title":{"rendered":"SPECTRA AL (20,24,28 y 32x)"},"content":{"rendered":"","protected":false},"excerpt":{"rendered":"<p>NIVEL SPECTRA AUTOMATICO<\/p>\n<p>&nbsp;<\/p>\n<p>&#8211; Compensador magnetico<br \/>\n&#8211; Dise\u00f1o 100 % met\u00e1lico<br \/>\n&#8211; Aumento 24X \u2013 28X<\/p>\n<p>&#8211; Compensador amortiguador de aire<br \/>\n&#8211; Aumento 32X<\/p>\n<p>&#8211; Doble manejo del tangencial horizontal<br \/>\n&#8211; L\u00edneas estad\u00eda de medici\u00f3n de distancia<br \/>\n&#8211; Eficiente medici\u00f3n de \u00e1ngulos horizontales.<br \/>\n&#8211; Resistente al agua<\/p>\n<p>Accionamientos tangentes horizontales y continuos de doble cara<br \/>\nL\u00edneas estadimetricas para la medici\u00f3n simple de distancias.<br \/>\nC\u00f3moda medici\u00f3n de \u00e1ngulos horizontales<br \/>\nGu\u00eda visual y espejo para la burbuja incorporados<br \/>\nCarcasa met\u00e1lica para una mayor durabilidad<br \/>\nConstrucci\u00f3n resistente al agua<br \/>\nIncluye estuche r\u00edgido<br \/>\nVersion Pack incluye mira de 5 metros y tr\u00edpode de aluminio<\/p>\n<p><a href=\"https:\/\/kpn.com.uy\/web\/wp-content\/uploads\/2017\/07\/Hoja-de-datos_Nivel-\u00f3ptico-Spectra.pdf\">Hoja de datos_Nivel \u00f3ptico Spectra<\/a><\/p>\n","protected":false},"featured_media":21072,"template":"","meta":{"_exactmetrics_skip_tracking":false,"_exactmetrics_sitenote_active":false,"_exactmetrics_sitenote_note":"","_exactmetrics_sitenote_category":0,"_monsterinsights_skip_tracking":false,"_monsterinsights_sitenote_active":false,"_monsterinsights_sitenote_note":"","_monsterinsights_sitenote_category":0},"product_brand":[],"product_cat":[258,109,264,76,104],"product_tag":[],"class_list":{"0":"post-21071","1":"product","2":"type-product","3":"status-publish","4":"has-post-thumbnail","6":"product_cat-arquitectura","7":"product_cat-ingenieria","8":"product_cat-nivel-optico","9":"product_cat-nivelesopticos","10":"product_cat-spectra","12":"first","13":"instock","14":"shipping-taxable","15":"product-type-simple","16":"col-xxl","17":"col-xl-4","18":"col-lg-6","19":"col-sm-6"},"_links":{"self":[{"href":"https:\/\/kpn.com.uy\/web\/wp-json\/wp\/v2\/product\/21071","targetHints":{"allow":["GET"]}}],"collection":[{"href":"https:\/\/kpn.com.uy\/web\/wp-json\/wp\/v2\/product"}],"about":[{"href":"https:\/\/kpn.com.uy\/web\/wp-json\/wp\/v2\/types\/product"}],"wp:featuredmedia":[{"embeddable":true,"href":"https:\/\/kpn.com.uy\/web\/wp-json\/wp\/v2\/media\/21072"}],"wp:attachment":[{"href":"https:\/\/kpn.com.uy\/web\/wp-json\/wp\/v2\/media?parent=21071"}],"wp:term":[{"taxonomy":"product_brand","embeddable":true,"href":"https:\/\/kpn.com.uy\/web\/wp-json\/wp\/v2\/product_brand?post=21071"},{"taxonomy":"product_cat","embeddable":true,"href":"https:\/\/kpn.com.uy\/web\/wp-json\/wp\/v2\/product_cat?post=21071"},{"taxonomy":"product_tag","embeddable":true,"href":"https:\/\/kpn.com.uy\/web\/wp-json\/wp\/v2\/product_tag?post=21071"}],"curies":[{"name":"wp","href":"https:\/\/api.w.org\/{rel}","templated":true}]}}