{"id":21075,"date":"2017-07-29T17:37:47","date_gmt":"2017-07-29T20:37:47","guid":{"rendered":"https:\/\/kpn.com.uy\/web\/?post_type=product&#038;p=21075"},"modified":"2017-07-29T17:40:45","modified_gmt":"2017-07-29T20:40:45","slug":"dr400-digital-de-rod","status":"publish","type":"product","link":"https:\/\/kpn.com.uy\/web\/producto\/dr400-digital-de-rod\/","title":{"rendered":"DR400 digital de Rod"},"content":{"rendered":"","protected":false},"excerpt":{"rendered":"<p> El DR400 DigiRod \u2122  de Spectra Precision \u00ae es una varilla digital, herramienta vers\u00e1til y revolucionaria que elimina la necesidad de bornes al comprobar niveles con un l\u00e1ser giratorio. La combinaci\u00f3n de un receptor l\u00e1ser con la lectura digital, un medidor de distancia l\u00e1ser, y un sensor de inclinaci\u00f3n incorporado, suministran la informaci\u00f3n necesaria para tomar lecturas precisas de nivel sin necesidad de realizar lectura sobre la mira, incluso en \u00e1ngulos de inclinaci\u00f3n de hasta 30 grados.<br \/>\nSe pueden lograr las funciones de varios bornes diferentes, incluyendo los de elevaci\u00f3n directas, de corte \/ relleno y los de lectura indirecta. Las unidades de medida son seleccionables con s\u00f3lo pulsar un bot\u00f3n en metros, pies decimales, o fracciones de pulgada. Se pueden tomar mediciones de elevaci\u00f3n hasta 6 metros (20 pies) y el sensor de inclinaci\u00f3n garantiza la precisi\u00f3n mediante la correcci\u00f3n autom\u00e1tica de la distancia vertical real. El usuario simplemente coloca el punto de medida de distancia por l\u00e1ser, se hace una comprobaci\u00f3n de nivel, se capta el haz rayo l\u00e1ser rotatorio en cualquier lugar de la ventana de recepci\u00f3n, y la distancia desde el suelo hasta el rayo giratorio es medida y mostrada.<\/p>\n","protected":false},"featured_media":21077,"template":"","meta":{"_exactmetrics_skip_tracking":false,"_exactmetrics_sitenote_active":false,"_exactmetrics_sitenote_note":"","_exactmetrics_sitenote_category":0,"_monsterinsights_skip_tracking":false,"_monsterinsights_sitenote_active":false,"_monsterinsights_sitenote_note":"","_monsterinsights_sitenote_category":0},"product_brand":[],"product_cat":[109,247,104],"product_tag":[],"class_list":{"0":"post-21075","1":"product","2":"type-product","3":"status-publish","4":"has-post-thumbnail","6":"product_cat-ingenieria","7":"product_cat-receptores-laser","8":"product_cat-spectra","10":"first","11":"instock","12":"shipping-taxable","13":"product-type-simple","14":"col-xxl","15":"col-xl-4","16":"col-lg-6","17":"col-sm-6"},"_links":{"self":[{"href":"https:\/\/kpn.com.uy\/web\/wp-json\/wp\/v2\/product\/21075","targetHints":{"allow":["GET"]}}],"collection":[{"href":"https:\/\/kpn.com.uy\/web\/wp-json\/wp\/v2\/product"}],"about":[{"href":"https:\/\/kpn.com.uy\/web\/wp-json\/wp\/v2\/types\/product"}],"wp:featuredmedia":[{"embeddable":true,"href":"https:\/\/kpn.com.uy\/web\/wp-json\/wp\/v2\/media\/21077"}],"wp:attachment":[{"href":"https:\/\/kpn.com.uy\/web\/wp-json\/wp\/v2\/media?parent=21075"}],"wp:term":[{"taxonomy":"product_brand","embeddable":true,"href":"https:\/\/kpn.com.uy\/web\/wp-json\/wp\/v2\/product_brand?post=21075"},{"taxonomy":"product_cat","embeddable":true,"href":"https:\/\/kpn.com.uy\/web\/wp-json\/wp\/v2\/product_cat?post=21075"},{"taxonomy":"product_tag","embeddable":true,"href":"https:\/\/kpn.com.uy\/web\/wp-json\/wp\/v2\/product_tag?post=21075"}],"curies":[{"name":"wp","href":"https:\/\/api.w.org\/{rel}","templated":true}]}}