{"id":21079,"date":"2017-07-29T17:46:05","date_gmt":"2017-07-29T20:46:05","guid":{"rendered":"https:\/\/kpn.com.uy\/web\/?post_type=product&#038;p=21079"},"modified":"2017-07-29T17:46:05","modified_gmt":"2017-07-29T20:46:05","slug":"hl760","status":"publish","type":"product","link":"https:\/\/kpn.com.uy\/web\/producto\/hl760\/","title":{"rendered":"HL760"},"content":{"rendered":"","protected":false},"excerpt":{"rendered":"<p>Receptor altamente vers\u00e1til para aplicaciones b\u00e1sicas y avanzadas de nivelaci\u00f3n y alineaci\u00f3n.<br \/>\nFunciona con LL400HV, HV302, GL412 y GL422N en aplicaciones de Grade Match y PlaneLok autom\u00e1ticas.<\/p>\n<p>La funci\u00f3n de huella digital filtra otros l\u00e1seres que golpean al receptor y s\u00f3lo aceptan el l\u00e1ser con el que est\u00e1 emparejado.<br \/>\nNo hay necesidad de ir &#8220;en el grado&#8221; a la medida: ahorra tiempo considerable.<br \/>\nReduce la repetici\u00f3n al permitir el monitoreo remoto.<br \/>\nAumenta la fiabilidad, precisi\u00f3n y durabilidad.<\/p>\n<p><a href=\"https:\/\/kpn.com.uy\/web\/wp-content\/uploads\/2017\/07\/folleto-9.pdf\" target=\"_blank\" rel=\"noopener noreferrer\"><span class=\"btn btn-sm btn-primary\">Descargar PDF<\/span><\/a><\/p>\n","protected":false},"featured_media":21080,"template":"","meta":{"_exactmetrics_skip_tracking":false,"_exactmetrics_sitenote_active":false,"_exactmetrics_sitenote_note":"","_exactmetrics_sitenote_category":0,"_monsterinsights_skip_tracking":false,"_monsterinsights_sitenote_active":false,"_monsterinsights_sitenote_note":"","_monsterinsights_sitenote_category":0},"product_brand":[],"product_cat":[109,247,104],"product_tag":[],"class_list":{"0":"post-21079","1":"product","2":"type-product","3":"status-publish","4":"has-post-thumbnail","6":"product_cat-ingenieria","7":"product_cat-receptores-laser","8":"product_cat-spectra","10":"first","11":"instock","12":"shipping-taxable","13":"product-type-simple","14":"col-xxl","15":"col-xl-4","16":"col-lg-6","17":"col-sm-6"},"_links":{"self":[{"href":"https:\/\/kpn.com.uy\/web\/wp-json\/wp\/v2\/product\/21079","targetHints":{"allow":["GET"]}}],"collection":[{"href":"https:\/\/kpn.com.uy\/web\/wp-json\/wp\/v2\/product"}],"about":[{"href":"https:\/\/kpn.com.uy\/web\/wp-json\/wp\/v2\/types\/product"}],"wp:featuredmedia":[{"embeddable":true,"href":"https:\/\/kpn.com.uy\/web\/wp-json\/wp\/v2\/media\/21080"}],"wp:attachment":[{"href":"https:\/\/kpn.com.uy\/web\/wp-json\/wp\/v2\/media?parent=21079"}],"wp:term":[{"taxonomy":"product_brand","embeddable":true,"href":"https:\/\/kpn.com.uy\/web\/wp-json\/wp\/v2\/product_brand?post=21079"},{"taxonomy":"product_cat","embeddable":true,"href":"https:\/\/kpn.com.uy\/web\/wp-json\/wp\/v2\/product_cat?post=21079"},{"taxonomy":"product_tag","embeddable":true,"href":"https:\/\/kpn.com.uy\/web\/wp-json\/wp\/v2\/product_tag?post=21079"}],"curies":[{"name":"wp","href":"https:\/\/api.w.org\/{rel}","templated":true}]}}