{"id":21383,"date":"2017-08-16T16:28:43","date_gmt":"2017-08-16T19:28:43","guid":{"rendered":"https:\/\/kpn.com.uy\/web\/?post_type=product&#038;p=21383"},"modified":"2025-12-19T14:06:33","modified_gmt":"2025-12-19T17:06:33","slug":"estacion-trimble-s5","status":"publish","type":"product","link":"https:\/\/kpn.com.uy\/web\/producto\/estacion-trimble-s5\/","title":{"rendered":"Estaci\u00f3n Trimble S5"},"content":{"rendered":"<p><a href=\"https:\/\/kpn.com.uy\/web\/wp-content\/uploads\/2017\/08\/S5-HOJA-DE-DATOS.pdf\" target=\"_blank\" rel=\"noopener noreferrer\"><span class=\"btn btn-sm btn-primary\">Descargar PDF<\/span><\/a><\/p>\n<p>&nbsp;<\/p>\n<p><strong>Principales Caracter\u00edsticas:<\/strong><br \/>\n&#8211; Todo lo que necesita para realizar proyectos de medici\u00f3n b\u00e1sicos<br \/>\n&#8211; Mida m\u00e1s lejos y m\u00e1s r\u00e1pido con la medici\u00f3n electr\u00f3nica de distancias Trimble DR Plus<br \/>\n&#8211; Administre equipos en tiempo real con Locate2Protect<br \/>\n&#8211; Se integra perfectamente con el sistema m\u00f3vil para la adquisici\u00f3n de im\u00e1genes Trimble V10 Imaging Rover y con los receptores GNSS<br \/>\n&#8211; Intuitivo software de campo Trimble Access<br \/>\n&#8211; Software de oficina Trimble Business Center para el procesamiento de datos r\u00e1pido<\/p>\n<p>&nbsp;<\/p>\n","protected":false},"excerpt":{"rendered":"<p>Todo lo que necesita para realizar eficientemente los proyectos de medici\u00f3n est\u00e1 disponible en la soluci\u00f3n de estaci\u00f3n total rob\u00f3tica Trimble\u00ae S5:Un instrumento preciso y confiable, con medici\u00f3n electr\u00f3nica de distancias DR Plus, tecnolog\u00eda MagDrive\u2122, el popular controlador Trimble TSC3 con software de campo Trimble Access\u2122 y funciones de procesamiento de datos r\u00e1pido con el software de oficina Trimble Business Center.<br \/>\nTrimble ha estado fabricando estaciones totales rob\u00f3ticas l\u00edderes de la industria desde hace m\u00e1s de una d\u00e9cada. Puede confiar en que la estaci\u00f3n total Trimble S5 lo mantenga productivo en el campo sin importar el reto al que se enfrente.<\/p>\n","protected":false},"featured_media":21399,"template":"","meta":{"_exactmetrics_skip_tracking":false,"_exactmetrics_sitenote_active":false,"_exactmetrics_sitenote_note":"","_exactmetrics_sitenote_category":0,"_monsterinsights_skip_tracking":false,"_monsterinsights_sitenote_active":false,"_monsterinsights_sitenote_note":"","_monsterinsights_sitenote_category":0},"product_brand":[],"product_cat":[350,274,75,109],"product_tag":[],"class_list":{"0":"post-21383","1":"product","2":"type-product","3":"status-publish","4":"has-post-thumbnail","6":"product_cat-equipos-forense","7":"product_cat-estaciones-totales","8":"product_cat-estacionestotales","9":"product_cat-ingenieria","11":"first","12":"instock","13":"shipping-taxable","14":"product-type-simple","15":"col-xxl","16":"col-xl-4","17":"col-lg-6","18":"col-sm-6"},"_links":{"self":[{"href":"https:\/\/kpn.com.uy\/web\/wp-json\/wp\/v2\/product\/21383","targetHints":{"allow":["GET"]}}],"collection":[{"href":"https:\/\/kpn.com.uy\/web\/wp-json\/wp\/v2\/product"}],"about":[{"href":"https:\/\/kpn.com.uy\/web\/wp-json\/wp\/v2\/types\/product"}],"wp:featuredmedia":[{"embeddable":true,"href":"https:\/\/kpn.com.uy\/web\/wp-json\/wp\/v2\/media\/21399"}],"wp:attachment":[{"href":"https:\/\/kpn.com.uy\/web\/wp-json\/wp\/v2\/media?parent=21383"}],"wp:term":[{"taxonomy":"product_brand","embeddable":true,"href":"https:\/\/kpn.com.uy\/web\/wp-json\/wp\/v2\/product_brand?post=21383"},{"taxonomy":"product_cat","embeddable":true,"href":"https:\/\/kpn.com.uy\/web\/wp-json\/wp\/v2\/product_cat?post=21383"},{"taxonomy":"product_tag","embeddable":true,"href":"https:\/\/kpn.com.uy\/web\/wp-json\/wp\/v2\/product_tag?post=21383"}],"curies":[{"name":"wp","href":"https:\/\/api.w.org\/{rel}","templated":true}]}}