{"id":21400,"date":"2017-08-16T16:38:50","date_gmt":"2017-08-16T19:38:50","guid":{"rendered":"https:\/\/kpn.com.uy\/web\/?post_type=product&#038;p=21400"},"modified":"2021-01-06T16:51:33","modified_gmt":"2021-01-06T19:51:33","slug":"estacion-trimble-s7","status":"publish","type":"product","link":"https:\/\/kpn.com.uy\/web\/producto\/estacion-trimble-s7\/","title":{"rendered":"Estaci\u00f3n Trimble S7"},"content":{"rendered":"<p><a href=\"https:\/\/kpn.com.uy\/web\/wp-content\/uploads\/2017\/08\/S7-HOJA-DE-DATOS.pdf\" target=\"_blank\" rel=\"noopener noreferrer\"><span class=\"btn btn-sm btn-primary\">Descargar PDF<\/span><\/a><\/p>\n<p><strong>Principales Caracter\u00edsticas:<\/strong><br \/>\n&#8211; Medici\u00f3n, adquisici\u00f3n de im\u00e1genes y escaneado 3D en una potente soluci\u00f3n<br \/>\n&#8211; Tecnolog\u00eda Trimble VISION mejorada para el control rob\u00f3tico por video, la documentaci\u00f3n de escenas y la medici\u00f3n fotogram\u00e9trica<br \/>\n&#8211; Administraci\u00f3n de equipos en tiempo real con Locate2Protect<br \/>\n&#8211; Trimble DR Plus para largo alcance y precisi\u00f3n superior<br \/>\n&#8211; Intuitivo software de campo Trimble Access<br \/>\n&#8211; Software de oficina Trimble Business Center para procesamiento de datos r\u00e1pido<br \/>\n&#8211; Se integra perfectamente con el sistema m\u00f3vil para la adquisici\u00f3n de im\u00e1genes Trimble V10 Imaging Rover y con los receptores GNSS<\/p>\n<p>&nbsp;<\/p>\n","protected":false},"excerpt":{"rendered":"<p><strong>LA ESTACI\u00d3N TOTAL M\u00c1S PRODUCTIVA<\/strong><br \/>\nLa estaci\u00f3n total Trimble\u00ae S7 combina el escaneado, la adquisici\u00f3n de im\u00e1genes y la medici\u00f3n en una potente soluci\u00f3n. Ahora solo necesita un instrumento en el sitio de la obra para realizar toda la captura de datos. Cree modelos 3D, documentaci\u00f3n visual de alta precisi\u00f3n del sitio de la obra, nubes de puntos, y m\u00e1s usando la estaci\u00f3n Trimble S7, el software de campo Trimble Access\u2122 y el software de oficina Trimble Business Center.<\/p>\n","protected":false},"featured_media":21405,"template":"","meta":{"_exactmetrics_skip_tracking":false,"_exactmetrics_sitenote_active":false,"_exactmetrics_sitenote_note":"","_exactmetrics_sitenote_category":0,"_monsterinsights_skip_tracking":false,"_monsterinsights_sitenote_active":false,"_monsterinsights_sitenote_note":"","_monsterinsights_sitenote_category":0},"product_brand":[],"product_cat":[75,274,109],"product_tag":[],"class_list":{"0":"post-21400","1":"product","2":"type-product","3":"status-publish","4":"has-post-thumbnail","6":"product_cat-estacionestotales","7":"product_cat-estaciones-totales","8":"product_cat-ingenieria","10":"first","11":"instock","12":"shipping-taxable","13":"product-type-simple","14":"col-xxl","15":"col-xl-4","16":"col-lg-6","17":"col-sm-6"},"_links":{"self":[{"href":"https:\/\/kpn.com.uy\/web\/wp-json\/wp\/v2\/product\/21400","targetHints":{"allow":["GET"]}}],"collection":[{"href":"https:\/\/kpn.com.uy\/web\/wp-json\/wp\/v2\/product"}],"about":[{"href":"https:\/\/kpn.com.uy\/web\/wp-json\/wp\/v2\/types\/product"}],"wp:featuredmedia":[{"embeddable":true,"href":"https:\/\/kpn.com.uy\/web\/wp-json\/wp\/v2\/media\/21405"}],"wp:attachment":[{"href":"https:\/\/kpn.com.uy\/web\/wp-json\/wp\/v2\/media?parent=21400"}],"wp:term":[{"taxonomy":"product_brand","embeddable":true,"href":"https:\/\/kpn.com.uy\/web\/wp-json\/wp\/v2\/product_brand?post=21400"},{"taxonomy":"product_cat","embeddable":true,"href":"https:\/\/kpn.com.uy\/web\/wp-json\/wp\/v2\/product_cat?post=21400"},{"taxonomy":"product_tag","embeddable":true,"href":"https:\/\/kpn.com.uy\/web\/wp-json\/wp\/v2\/product_tag?post=21400"}],"curies":[{"name":"wp","href":"https:\/\/api.w.org\/{rel}","templated":true}]}}