{"id":21406,"date":"2017-08-16T16:43:30","date_gmt":"2017-08-16T19:43:30","guid":{"rendered":"https:\/\/kpn.com.uy\/web\/?post_type=product&#038;p=21406"},"modified":"2021-01-06T16:50:04","modified_gmt":"2021-01-06T19:50:04","slug":"estacion-trimble-s9","status":"publish","type":"product","link":"https:\/\/kpn.com.uy\/web\/producto\/estacion-trimble-s9\/","title":{"rendered":"S9 y S9 HP"},"content":{"rendered":"<p><a href=\"https:\/\/kpn.com.uy\/web\/wp-content\/uploads\/2017\/08\/S9-HOJA-DE-DATOS.pdf\" target=\"_blank\" rel=\"noopener noreferrer\"><span class=\"btn btn-sm btn-primary\">Descargar PDF<\/span><\/a><\/p>\n<p><strong>Principales Caracter\u00edsticas:<\/strong><br \/>\n&#8211; Disponibles con 0,5\u201d \u00f3 1\u201d de precisi\u00f3n angular<br \/>\n&#8211; Trimble DR Plus o MED de alta precisi\u00f3n para trabajar con la velocidad, precisi\u00f3n y confiabilidad \u00f3ptimas<br \/>\n&#8211; Tecnolog\u00edas Trimble VISION y SureScan opcionales<br \/>\n&#8211; Administraci\u00f3n de equipos en tiempo real con Locate2Protect<br \/>\n&#8211; Intuitivo software de campo Trimble Access<br \/>\n&#8211; Software de oficina Trimble Business Center para el procesamiento de datos r\u00e1pido<br \/>\n&#8211; Trimble 4D Control para la administraci\u00f3n de monitoreo<\/p>\n<p>&nbsp;<\/p>\n","protected":false},"excerpt":{"rendered":"<p><strong>RENDIMIENTO Y PRECISI\u00d3N<\/strong><br \/>\nLas estaciones totales Trimble\u00ae integran las mejores tecnolog\u00edas de campo, el nivel de precisi\u00f3n actual m\u00e1s alto y caracter\u00edsticas para aplicaciones de ingenier\u00eda especializadas que le brindan lo \u00faltimo en cuanto a rendimiento y precisi\u00f3n se refiere.<br \/>\nPuede combinar el escaneado, la fotogrametr\u00eda y la medici\u00f3n en una \u00fanica soluci\u00f3n, o si desea obtener el nivel de precisi\u00f3n m\u00e1s alto puede usar las opciones FineLock\u2122 de largo alcance y la t\u00e9cnica MED DR de alta precisi\u00f3n de Trimble para las aplicaciones donde la precisi\u00f3n tome prioridad. De regreso en la oficina, conf\u00ede en nuestras potentes aplicaciones de software Trimble Business Center y Trimble 4D que lo ayudar\u00e1n a procesar y analizar sus datos.<\/p>\n","protected":false},"featured_media":21411,"template":"","meta":{"_exactmetrics_skip_tracking":false,"_exactmetrics_sitenote_active":false,"_exactmetrics_sitenote_note":"","_exactmetrics_sitenote_category":0,"_monsterinsights_skip_tracking":false,"_monsterinsights_sitenote_active":false,"_monsterinsights_sitenote_note":"","_monsterinsights_sitenote_category":0},"product_brand":[],"product_cat":[75,274,109],"product_tag":[],"class_list":{"0":"post-21406","1":"product","2":"type-product","3":"status-publish","4":"has-post-thumbnail","6":"product_cat-estacionestotales","7":"product_cat-estaciones-totales","8":"product_cat-ingenieria","10":"first","11":"instock","12":"shipping-taxable","13":"product-type-simple","14":"col-xxl","15":"col-xl-4","16":"col-lg-6","17":"col-sm-6"},"_links":{"self":[{"href":"https:\/\/kpn.com.uy\/web\/wp-json\/wp\/v2\/product\/21406","targetHints":{"allow":["GET"]}}],"collection":[{"href":"https:\/\/kpn.com.uy\/web\/wp-json\/wp\/v2\/product"}],"about":[{"href":"https:\/\/kpn.com.uy\/web\/wp-json\/wp\/v2\/types\/product"}],"wp:featuredmedia":[{"embeddable":true,"href":"https:\/\/kpn.com.uy\/web\/wp-json\/wp\/v2\/media\/21411"}],"wp:attachment":[{"href":"https:\/\/kpn.com.uy\/web\/wp-json\/wp\/v2\/media?parent=21406"}],"wp:term":[{"taxonomy":"product_brand","embeddable":true,"href":"https:\/\/kpn.com.uy\/web\/wp-json\/wp\/v2\/product_brand?post=21406"},{"taxonomy":"product_cat","embeddable":true,"href":"https:\/\/kpn.com.uy\/web\/wp-json\/wp\/v2\/product_cat?post=21406"},{"taxonomy":"product_tag","embeddable":true,"href":"https:\/\/kpn.com.uy\/web\/wp-json\/wp\/v2\/product_tag?post=21406"}],"curies":[{"name":"wp","href":"https:\/\/api.w.org\/{rel}","templated":true}]}}