{"id":21447,"date":"2017-08-16T17:30:38","date_gmt":"2017-08-16T20:30:38","guid":{"rendered":"https:\/\/kpn.com.uy\/web\/?post_type=product&#038;p=21447"},"modified":"2021-03-25T16:39:05","modified_gmt":"2021-03-25T19:39:05","slug":"geo-7-2","status":"publish","type":"product","link":"https:\/\/kpn.com.uy\/web\/producto\/geo-7-2\/","title":{"rendered":"Geo 7"},"content":{"rendered":"<p><a href=\"https:\/\/kpn.com.uy\/web\/wp-content\/uploads\/2017\/08\/Trimble-Geo7.pdf\" target=\"_blank\" rel=\"noopener noreferrer\"><span class=\"btn btn-sm btn-primary\">Descargar PDF<\/span><\/a><\/p>\n<p><strong>PRINCIPALES CARACTER\u00cdSTICAS:<\/strong><br \/>\n&#8211; Captura de datos de recursos f\u00e1cil y productiva con medici\u00f3n y mapeo remoto<br \/>\n&#8211; Capture m\u00e1s posiciones y obtenga mayor precisi\u00f3n en entornos GNSS dif\u00edciles<br \/>\n&#8211; Compatible con las constelaciones de sat\u00e9lites GNSS existentes y planeadas para maximizar la inversi\u00f3n<br \/>\n&#8211; Flexibles opciones de software para capturar, procesar y administrar datos con flujos de trabajo sencillos y conectados<\/p>\n<p>&nbsp;<\/p>\n","protected":false},"excerpt":{"rendered":"<p><strong>Listo para cualquier cosa<\/strong><br \/>\nSea totalmente productivo con los modelos de la serie Trimble\u00ae Geo 7.<br \/>\nSin importar lo que se le cruce en el camino.<\/p>\n","protected":false},"featured_media":21450,"template":"","meta":{"_exactmetrics_skip_tracking":false,"_exactmetrics_sitenote_active":false,"_exactmetrics_sitenote_note":"","_exactmetrics_sitenote_category":0,"_monsterinsights_skip_tracking":false,"_monsterinsights_sitenote_active":false,"_monsterinsights_sitenote_note":"","_monsterinsights_sitenote_category":0},"product_brand":[],"product_cat":[363,85,273,109,110,287],"product_tag":[],"class_list":{"0":"post-21447","1":"product","2":"type-product","3":"status-publish","4":"has-post-thumbnail","6":"product_cat-controladoras-trimble","7":"product_cat-equiposdemanocongnss","8":"product_cat-gnss-cartograficos","9":"product_cat-ingenieria","10":"product_cat-mapping-gis","11":"product_cat-sig-mapping-trimble","13":"first","14":"instock","15":"shipping-taxable","16":"product-type-simple","17":"col-xxl","18":"col-xl-4","19":"col-lg-6","20":"col-sm-6"},"_links":{"self":[{"href":"https:\/\/kpn.com.uy\/web\/wp-json\/wp\/v2\/product\/21447","targetHints":{"allow":["GET"]}}],"collection":[{"href":"https:\/\/kpn.com.uy\/web\/wp-json\/wp\/v2\/product"}],"about":[{"href":"https:\/\/kpn.com.uy\/web\/wp-json\/wp\/v2\/types\/product"}],"wp:featuredmedia":[{"embeddable":true,"href":"https:\/\/kpn.com.uy\/web\/wp-json\/wp\/v2\/media\/21450"}],"wp:attachment":[{"href":"https:\/\/kpn.com.uy\/web\/wp-json\/wp\/v2\/media?parent=21447"}],"wp:term":[{"taxonomy":"product_brand","embeddable":true,"href":"https:\/\/kpn.com.uy\/web\/wp-json\/wp\/v2\/product_brand?post=21447"},{"taxonomy":"product_cat","embeddable":true,"href":"https:\/\/kpn.com.uy\/web\/wp-json\/wp\/v2\/product_cat?post=21447"},{"taxonomy":"product_tag","embeddable":true,"href":"https:\/\/kpn.com.uy\/web\/wp-json\/wp\/v2\/product_tag?post=21447"}],"curies":[{"name":"wp","href":"https:\/\/api.w.org\/{rel}","templated":true}]}}