{"id":21474,"date":"2017-08-17T11:47:09","date_gmt":"2017-08-17T14:47:09","guid":{"rendered":"https:\/\/kpn.com.uy\/web\/?post_type=product&#038;p=21474"},"modified":"2017-12-07T11:45:52","modified_gmt":"2017-12-07T14:45:52","slug":"geomax-zipp20","status":"publish","type":"product","link":"https:\/\/kpn.com.uy\/web\/producto\/geomax-zipp20\/","title":{"rendered":"Geomax Zipp20"},"content":{"rendered":"<p>Con el Microsurvey Field Genius, X-Pad, Carlson SurvCE o cualquier software de campo localizado, el Zipp20 le permite trabajar de la manera que mejor se adapte a sus necesidades. Con el Bluetooth\u00ae integrado y la capacidad de conectarse a cualquier tableta o registrador de datos, el Zipp20 le brinda la m\u00e1xima flexibilidad. Todo esto combinado en un sistema que ofrece una pantalla t\u00e1ctil y de color, medici\u00f3n de largo alcance sin prisma y todas sus aplicaciones favoritas de Windows\u00ae CE hacen que el Zipp20 sea la estaci\u00f3n total que &#8220;funciona cuando lo hace&#8221;.<br \/>\nAbrir totalmente Windows\u00ae CE<br \/>\n\u2022 Soporta cualquier software de campo<br \/>\n\u2022 Abierto para desarrollo propio<br \/>\n\u2022 Personalice su sistema<br \/>\nTotalmente conectado<br \/>\n\u2022 Bluetooth\u00ae integrado<br \/>\n\u2022 Dispositivo de memoria USB<br \/>\n\u2022 Tecnolog\u00eda Plug &#8216;n Play<br \/>\nTotalmente destacado<br \/>\n\u2022 Pantalla t\u00e1ctil y color de 3.5 &#8221;<br \/>\n\u2022 Rango de 500 m sin prisma<br \/>\n\u2022 L\u00e1ser visible coaxial<\/p>\n<p><strong>Software de campo: FIELD GENIUS<\/strong><\/p>\n<p>GeoMax FieldGenius le ofrece un poderoso software de recolecci\u00f3n de datos para todas sus tareas diarias de topograf\u00eda en el campo.<\/p>\n<p>Totalmente equipado con cuatro m\u00f3dulos integrados, FieldGenius cubre toda la gama: de estaciones totales manuales a rob\u00f3ticas a GNSS.<\/p>\n<p><strong>Modelado digital del terreno, vol\u00famenes y contorneado<\/strong><br \/>\nFieldGenius tiene la capacidad de crear y utilizar superficies DTM de datos de encuestas existentes o crear un DTM en tiempo real a medida que se recopilan los datos. El TIN y los contornos se actualizar\u00e1n autom\u00e1ticamente con cada nuevo disparo.<\/p>\n<p><strong>Ruta de gran alcance<\/strong><br \/>\nFieldGenius roading le permite ingresar o importar manualmente sus datos de alineaci\u00f3n incluyendo datos de l\u00ednea central, vertical y de plantilla. Establezca sus puntos a lo largo de su alineaci\u00f3n con confianza.<\/p>\n<p><strong>Control de instrumentos al alcance de su mano<\/strong><br \/>\nLa estaci\u00f3n total y las funciones GPS est\u00e1n disponibles en una barra de herramientas com\u00fan y f\u00e1cil de usar. Acceda a los modos de medici\u00f3n con s\u00f3lo pulsar un bot\u00f3n.<\/p>\n<p><a href=\"https:\/\/kpn.com.uy\/web\/wp-content\/uploads\/2017\/08\/GeoMax-Zipp20-DS_es.pdf\" target=\"_blank\" rel=\"noopener noreferrer\"><span class=\"btn btn-sm btn-primary\">Descargar PDF<\/span><\/a><\/p>\n","protected":false},"excerpt":{"rendered":"<p>\u00a1Op\u00e9relo a su manera, gu\u00e1rdelo a su manera, proc\u00e9selo a su manera! Ejecutar Windows\u00ae CE totalmente abierto le permite utilizar el software de campo de su elecci\u00f3n a bordo del Zipp20 &#8211; Open WinCE\u00ae Series.<\/p>\n","protected":false},"featured_media":21477,"template":"","meta":{"_exactmetrics_skip_tracking":false,"_exactmetrics_sitenote_active":false,"_exactmetrics_sitenote_note":"","_exactmetrics_sitenote_category":0,"_monsterinsights_skip_tracking":false,"_monsterinsights_sitenote_active":false,"_monsterinsights_sitenote_note":"","_monsterinsights_sitenote_category":0},"product_brand":[],"product_cat":[75,248,109],"product_tag":[],"class_list":{"0":"post-21474","1":"product","2":"type-product","3":"status-publish","4":"has-post-thumbnail","6":"product_cat-estacionestotales","7":"product_cat-geomax","8":"product_cat-ingenieria","10":"first","11":"instock","12":"shipping-taxable","13":"product-type-simple","14":"col-xxl","15":"col-xl-4","16":"col-lg-6","17":"col-sm-6"},"_links":{"self":[{"href":"https:\/\/kpn.com.uy\/web\/wp-json\/wp\/v2\/product\/21474","targetHints":{"allow":["GET"]}}],"collection":[{"href":"https:\/\/kpn.com.uy\/web\/wp-json\/wp\/v2\/product"}],"about":[{"href":"https:\/\/kpn.com.uy\/web\/wp-json\/wp\/v2\/types\/product"}],"wp:featuredmedia":[{"embeddable":true,"href":"https:\/\/kpn.com.uy\/web\/wp-json\/wp\/v2\/media\/21477"}],"wp:attachment":[{"href":"https:\/\/kpn.com.uy\/web\/wp-json\/wp\/v2\/media?parent=21474"}],"wp:term":[{"taxonomy":"product_brand","embeddable":true,"href":"https:\/\/kpn.com.uy\/web\/wp-json\/wp\/v2\/product_brand?post=21474"},{"taxonomy":"product_cat","embeddable":true,"href":"https:\/\/kpn.com.uy\/web\/wp-json\/wp\/v2\/product_cat?post=21474"},{"taxonomy":"product_tag","embeddable":true,"href":"https:\/\/kpn.com.uy\/web\/wp-json\/wp\/v2\/product_tag?post=21474"}],"curies":[{"name":"wp","href":"https:\/\/api.w.org\/{rel}","templated":true}]}}