{"id":21480,"date":"2017-08-17T11:53:47","date_gmt":"2017-08-17T14:53:47","guid":{"rendered":"https:\/\/kpn.com.uy\/web\/?post_type=product&#038;p=21480"},"modified":"2017-08-17T11:53:47","modified_gmt":"2017-08-17T14:53:47","slug":"zenius5","status":"publish","type":"product","link":"https:\/\/kpn.com.uy\/web\/producto\/zenius5\/","title":{"rendered":"Zenius5"},"content":{"rendered":"<p>El Zenius5 W es una computadora de mano vers\u00e1til totalmente equipada con todo lo necesario para hacer el trabajo. Si est\u00e1 buscando flexibilidad en software y versatilidad en el manejo de conexiones a hardware en el campo o en la oficina, esta unidad es para usted. Esta robusta computadora de mano de Windows Mobile\u00ae est\u00e1 preparada para cumplir con los requisitos de GeoMax en cuanto a potencia, funcionalidad y confiabilidad, asegurando que siempre funcionen cuando lo haga. La c\u00e1mara de 5MP integrada ayuda con las tareas diarias de documentaci\u00f3n tomando fotos y almacen\u00e1ndolas como notas.<\/p>\n<p>Versatilidad<\/p>\n<p>Nube conectada por WiFi o conexi\u00f3n celular<br \/>\nConecte a todos los instrumentos con Bluetooth o RS232<br \/>\nRegistro de datos sin procesar GNSS<br \/>\nTotalmente equipado<\/p>\n<p>Documentaci\u00f3n del sitio con c\u00e1mara de a bordo<br \/>\nDatos Geo-Etiquetados por receptor GNSS interno<br \/>\nTeclas personalizables para un acceso r\u00e1pido<br \/>\nRobustez<\/p>\n<p>Dise\u00f1o de teclado a prueba de guantes<br \/>\nResiste los est\u00e1ndares militares<br \/>\nPantalla transparente<\/p>\n<p><a href=\"https:\/\/kpn.com.uy\/web\/wp-content\/uploads\/2017\/08\/GeoMax-Zenius5W-DS_hoja-de-datos.pdf\" target=\"_blank\" rel=\"noopener noreferrer\"><span class=\"btn btn-sm btn-primary\">Descargar PDF<\/span><\/a><\/p>\n","protected":false},"excerpt":{"rendered":"<p>El Zenius5 es un vers\u00e1til, robusto y totalmente equipado controlador de campo de Windows Mobile. Debido a sus m\u00f3dulos integrados de 3,75 G GSM, WiFi y Bluetooth, es el dispositivo ideal para conectarse a todos los receptores de la familia GeoMax GNSS.<\/p>\n","protected":false},"featured_media":21481,"template":"","meta":{"_exactmetrics_skip_tracking":false,"_exactmetrics_sitenote_active":false,"_exactmetrics_sitenote_note":"","_exactmetrics_sitenote_category":0,"_monsterinsights_skip_tracking":false,"_monsterinsights_sitenote_active":false,"_monsterinsights_sitenote_note":"","_monsterinsights_sitenote_category":0},"product_brand":[],"product_cat":[86,248,109],"product_tag":[],"class_list":{"0":"post-21480","1":"product","2":"type-product","3":"status-publish","4":"has-post-thumbnail","6":"product_cat-controladoras","7":"product_cat-geomax","8":"product_cat-ingenieria","10":"first","11":"instock","12":"shipping-taxable","13":"product-type-simple","14":"col-xxl","15":"col-xl-4","16":"col-lg-6","17":"col-sm-6"},"_links":{"self":[{"href":"https:\/\/kpn.com.uy\/web\/wp-json\/wp\/v2\/product\/21480","targetHints":{"allow":["GET"]}}],"collection":[{"href":"https:\/\/kpn.com.uy\/web\/wp-json\/wp\/v2\/product"}],"about":[{"href":"https:\/\/kpn.com.uy\/web\/wp-json\/wp\/v2\/types\/product"}],"wp:featuredmedia":[{"embeddable":true,"href":"https:\/\/kpn.com.uy\/web\/wp-json\/wp\/v2\/media\/21481"}],"wp:attachment":[{"href":"https:\/\/kpn.com.uy\/web\/wp-json\/wp\/v2\/media?parent=21480"}],"wp:term":[{"taxonomy":"product_brand","embeddable":true,"href":"https:\/\/kpn.com.uy\/web\/wp-json\/wp\/v2\/product_brand?post=21480"},{"taxonomy":"product_cat","embeddable":true,"href":"https:\/\/kpn.com.uy\/web\/wp-json\/wp\/v2\/product_cat?post=21480"},{"taxonomy":"product_tag","embeddable":true,"href":"https:\/\/kpn.com.uy\/web\/wp-json\/wp\/v2\/product_tag?post=21480"}],"curies":[{"name":"wp","href":"https:\/\/api.w.org\/{rel}","templated":true}]}}