{"id":21504,"date":"2017-08-17T15:11:30","date_gmt":"2017-08-17T18:11:30","guid":{"rendered":"https:\/\/kpn.com.uy\/web\/?post_type=product&#038;p=21504"},"modified":"2017-08-17T15:11:30","modified_gmt":"2017-08-17T18:11:30","slug":"md200mr","status":"publish","type":"product","link":"https:\/\/kpn.com.uy\/web\/producto\/md200mr\/","title":{"rendered":"MD200MR"},"content":{"rendered":"","protected":false},"excerpt":{"rendered":"<p><strong>Caracter\u00edsticas:<\/strong><br \/>\nBusca todos los canales para encontrar transmisiones. Perfecto para el kit de preparaci\u00f3n de emergencias. Funciona con bater\u00edas alcalinas o bater\u00edas NiMH recargables.<\/p>\n<p><strong>Alcance <\/strong><br \/>\n32 km (Bajo condiciones \u00f3ptimas).<\/p>\n<p><strong>Consumo de energ\u00eda<\/strong><br \/>\n2.7725 Wh<\/p>\n<p><strong>Adaptador<\/strong><br \/>\nAC 100 &#8211; 240 V<\/p>\n<p><strong>Incluye<\/strong><br \/>\nAdaptador de carga mediante cable en &#8220;Y&#8221; para 2 conectores.<\/p>\n","protected":false},"featured_media":21505,"template":"","meta":{"_exactmetrics_skip_tracking":false,"_exactmetrics_sitenote_active":false,"_exactmetrics_sitenote_note":"","_exactmetrics_sitenote_category":0,"_monsterinsights_skip_tracking":false,"_monsterinsights_sitenote_active":false,"_monsterinsights_sitenote_note":"","_monsterinsights_sitenote_category":0},"product_brand":[],"product_cat":[251,80],"product_tag":[],"class_list":{"0":"post-21504","1":"product","2":"type-product","3":"status-publish","4":"has-post-thumbnail","6":"product_cat-motorola","7":"product_cat-radios","9":"first","10":"instock","11":"shipping-taxable","12":"product-type-simple","13":"col-xxl","14":"col-xl-4","15":"col-lg-6","16":"col-sm-6"},"_links":{"self":[{"href":"https:\/\/kpn.com.uy\/web\/wp-json\/wp\/v2\/product\/21504","targetHints":{"allow":["GET"]}}],"collection":[{"href":"https:\/\/kpn.com.uy\/web\/wp-json\/wp\/v2\/product"}],"about":[{"href":"https:\/\/kpn.com.uy\/web\/wp-json\/wp\/v2\/types\/product"}],"wp:featuredmedia":[{"embeddable":true,"href":"https:\/\/kpn.com.uy\/web\/wp-json\/wp\/v2\/media\/21505"}],"wp:attachment":[{"href":"https:\/\/kpn.com.uy\/web\/wp-json\/wp\/v2\/media?parent=21504"}],"wp:term":[{"taxonomy":"product_brand","embeddable":true,"href":"https:\/\/kpn.com.uy\/web\/wp-json\/wp\/v2\/product_brand?post=21504"},{"taxonomy":"product_cat","embeddable":true,"href":"https:\/\/kpn.com.uy\/web\/wp-json\/wp\/v2\/product_cat?post=21504"},{"taxonomy":"product_tag","embeddable":true,"href":"https:\/\/kpn.com.uy\/web\/wp-json\/wp\/v2\/product_tag?post=21504"}],"curies":[{"name":"wp","href":"https:\/\/api.w.org\/{rel}","templated":true}]}}