{"id":21519,"date":"2017-08-17T15:28:54","date_gmt":"2017-08-17T18:28:54","guid":{"rendered":"https:\/\/kpn.com.uy\/web\/?post_type=product&#038;p=21519"},"modified":"2019-01-07T12:36:36","modified_gmt":"2019-01-07T15:36:36","slug":"ac-2s-24x","status":"publish","type":"product","link":"https:\/\/kpn.com.uy\/web\/producto\/ac-2s-24x\/","title":{"rendered":"NIKON  AC-2S 24x"},"content":{"rendered":"","protected":false},"excerpt":{"rendered":"<p>El compensador autom\u00e1tico amortiguador magn\u00e9tico incorporado nivela la l\u00ednea de visi\u00f3n dentro del rango de \u00b1 16 pulgadas con un ajuste exacto a \u00b1 0,5 pulgadas.<br \/>\nLos mandos tangenciales horizontales tienen un alcance ilimitado y pueden ser operados con cualquier mano.<br \/>\nUn freno de fricci\u00f3n permite un ajuste r\u00e1pido y sencillo y una placa base dise\u00f1ada para montaje en tr\u00edpode de cabeza plana o abovedada.<br \/>\nLa construcci\u00f3n del cuerpo resistente al agua permite su uso en condiciones de lluvia ligera o polvo.<br \/>\nMalet\u00edn inclu\u00eddo.<\/p>\n","protected":false},"featured_media":21520,"template":"","meta":{"_exactmetrics_skip_tracking":false,"_exactmetrics_sitenote_active":false,"_exactmetrics_sitenote_note":"","_exactmetrics_sitenote_category":0,"_monsterinsights_skip_tracking":false,"_monsterinsights_sitenote_active":false,"_monsterinsights_sitenote_note":"","_monsterinsights_sitenote_category":0},"product_brand":[],"product_cat":[258,109,100,264,76],"product_tag":[],"class_list":{"0":"post-21519","1":"product","2":"type-product","3":"status-publish","4":"has-post-thumbnail","6":"product_cat-arquitectura","7":"product_cat-ingenieria","8":"product_cat-nikon","9":"product_cat-nivel-optico","10":"product_cat-nivelesopticos","12":"first","13":"instock","14":"shipping-taxable","15":"product-type-simple","16":"col-xxl","17":"col-xl-4","18":"col-lg-6","19":"col-sm-6"},"_links":{"self":[{"href":"https:\/\/kpn.com.uy\/web\/wp-json\/wp\/v2\/product\/21519","targetHints":{"allow":["GET"]}}],"collection":[{"href":"https:\/\/kpn.com.uy\/web\/wp-json\/wp\/v2\/product"}],"about":[{"href":"https:\/\/kpn.com.uy\/web\/wp-json\/wp\/v2\/types\/product"}],"wp:featuredmedia":[{"embeddable":true,"href":"https:\/\/kpn.com.uy\/web\/wp-json\/wp\/v2\/media\/21520"}],"wp:attachment":[{"href":"https:\/\/kpn.com.uy\/web\/wp-json\/wp\/v2\/media?parent=21519"}],"wp:term":[{"taxonomy":"product_brand","embeddable":true,"href":"https:\/\/kpn.com.uy\/web\/wp-json\/wp\/v2\/product_brand?post=21519"},{"taxonomy":"product_cat","embeddable":true,"href":"https:\/\/kpn.com.uy\/web\/wp-json\/wp\/v2\/product_cat?post=21519"},{"taxonomy":"product_tag","embeddable":true,"href":"https:\/\/kpn.com.uy\/web\/wp-json\/wp\/v2\/product_tag?post=21519"}],"curies":[{"name":"wp","href":"https:\/\/api.w.org\/{rel}","templated":true}]}}