{"id":21522,"date":"2017-08-17T15:32:03","date_gmt":"2017-08-17T18:32:03","guid":{"rendered":"https:\/\/kpn.com.uy\/web\/?post_type=product&#038;p=21522"},"modified":"2019-01-07T12:36:29","modified_gmt":"2019-01-07T15:36:29","slug":"ap-8-28x","status":"publish","type":"product","link":"https:\/\/kpn.com.uy\/web\/producto\/ap-8-28x\/","title":{"rendered":"NIKON AP-8 28x"},"content":{"rendered":"","protected":false},"excerpt":{"rendered":"<p>Nikon AL-NIKON-AP-8 Nivel autom\u00e1tico con c\u00edrculo, 360 grados.<\/p>\n<p>Telescopio 28x con una lente de objetivo de 30mm para im\u00e1genes claras y brillantes en una orientaci\u00f3n erguida y no revuelta.<\/p>\n<p>El compensador incorporado nivela autom\u00e1ticamente la l\u00ednea de visi\u00f3n sobre un amplio rango de compensaci\u00f3n de \u00b1 16 pulgadas con una precisi\u00f3n de ajuste de \u00b1 0,5 pulgadas.<\/p>\n<p>Distancia de enfoque m\u00ednima de 0,75 metros \/ 2,46 pies, la desviaci\u00f3n est\u00e1ndar para un nivel de doble carrera de 1 km es de \u00b1 2,5 mm.<\/p>\n<p>Los mandos tangenciales horizontales tienen un alcance ilimitado y pueden ser operados con cualquier mano. El freno de fricci\u00f3n permite un ajuste r\u00e1pido y f\u00e1cil.<\/p>\n<p>La resistencia al agua permite su uso en condiciones de lluvia ligera o polvorientas.<br \/>\nPlaca base especialmente dise\u00f1ada para montaje en tr\u00edpodes de cabeza plana o abovedada.<\/p>\n","protected":false},"featured_media":21523,"template":"","meta":{"_exactmetrics_skip_tracking":false,"_exactmetrics_sitenote_active":false,"_exactmetrics_sitenote_note":"","_exactmetrics_sitenote_category":0,"_monsterinsights_skip_tracking":false,"_monsterinsights_sitenote_active":false,"_monsterinsights_sitenote_note":"","_monsterinsights_sitenote_category":0},"product_brand":[],"product_cat":[258,109,100,264,76],"product_tag":[],"class_list":{"0":"post-21522","1":"product","2":"type-product","3":"status-publish","4":"has-post-thumbnail","6":"product_cat-arquitectura","7":"product_cat-ingenieria","8":"product_cat-nikon","9":"product_cat-nivel-optico","10":"product_cat-nivelesopticos","12":"first","13":"instock","14":"shipping-taxable","15":"product-type-simple","16":"col-xxl","17":"col-xl-4","18":"col-lg-6","19":"col-sm-6"},"_links":{"self":[{"href":"https:\/\/kpn.com.uy\/web\/wp-json\/wp\/v2\/product\/21522","targetHints":{"allow":["GET"]}}],"collection":[{"href":"https:\/\/kpn.com.uy\/web\/wp-json\/wp\/v2\/product"}],"about":[{"href":"https:\/\/kpn.com.uy\/web\/wp-json\/wp\/v2\/types\/product"}],"wp:featuredmedia":[{"embeddable":true,"href":"https:\/\/kpn.com.uy\/web\/wp-json\/wp\/v2\/media\/21523"}],"wp:attachment":[{"href":"https:\/\/kpn.com.uy\/web\/wp-json\/wp\/v2\/media?parent=21522"}],"wp:term":[{"taxonomy":"product_brand","embeddable":true,"href":"https:\/\/kpn.com.uy\/web\/wp-json\/wp\/v2\/product_brand?post=21522"},{"taxonomy":"product_cat","embeddable":true,"href":"https:\/\/kpn.com.uy\/web\/wp-json\/wp\/v2\/product_cat?post=21522"},{"taxonomy":"product_tag","embeddable":true,"href":"https:\/\/kpn.com.uy\/web\/wp-json\/wp\/v2\/product_tag?post=21522"}],"curies":[{"name":"wp","href":"https:\/\/api.w.org\/{rel}","templated":true}]}}