{"id":21556,"date":"2017-08-22T16:58:44","date_gmt":"2017-08-22T19:58:44","guid":{"rendered":"https:\/\/kpn.com.uy\/web\/?post_type=product&#038;p=21556"},"modified":"2020-05-26T16:43:27","modified_gmt":"2020-05-26T19:43:27","slug":"nedo-catalogo-20162017","status":"publish","type":"product","link":"https:\/\/kpn.com.uy\/web\/producto\/nedo-catalogo-20162017\/","title":{"rendered":"Nedo Cat\u00e1logo 2020\/2021"},"content":{"rendered":"","protected":false},"excerpt":{"rendered":"<p>Desde 115 a\u00f1os el nombre Nedo figura como marca para t\u00e9cnica de medici\u00f3n inteligente de alta calidad made in Dornstetten.<br \/>\nLos geodestas y los operarios de la construcci\u00f3n conf\u00edan a diario en los productos Nedo en las m\u00e1s diversas tareas de medici\u00f3n, en m\u00e1s de 100 pa\u00edses del mundo. La calidad, la fiabilidad y la robustez de nuestros productos entusiasman a los profesionales.<br \/>\nLa orientaci\u00f3n al cliente, la puntualidad y el excelente servicio de atenci\u00f3n al cliente convence a nuestros socios de distribuci\u00f3n.<\/p>\n[maxbutton id=\"1\" url=\"https:\/\/kpn.com.uy\/web\/wp-content\/uploads\/2017\/08\/Catalogo-2020-2021.pdf\" text=\"Descargar PDF\" ]\n<p>&nbsp;<\/p>\n","protected":false},"featured_media":21557,"template":"","meta":{"_exactmetrics_skip_tracking":false,"_exactmetrics_sitenote_active":false,"_exactmetrics_sitenote_note":"","_exactmetrics_sitenote_category":0,"_monsterinsights_skip_tracking":false,"_monsterinsights_sitenote_active":false,"_monsterinsights_sitenote_note":"","_monsterinsights_sitenote_category":0},"product_brand":[],"product_cat":[61,99],"product_tag":[],"class_list":{"0":"post-21556","1":"product","2":"type-product","3":"status-publish","4":"has-post-thumbnail","6":"product_cat-catalogos","7":"product_cat-nedo","9":"first","10":"instock","11":"shipping-taxable","12":"product-type-simple","13":"col-xxl","14":"col-xl-4","15":"col-lg-6","16":"col-sm-6"},"_links":{"self":[{"href":"https:\/\/kpn.com.uy\/web\/wp-json\/wp\/v2\/product\/21556","targetHints":{"allow":["GET"]}}],"collection":[{"href":"https:\/\/kpn.com.uy\/web\/wp-json\/wp\/v2\/product"}],"about":[{"href":"https:\/\/kpn.com.uy\/web\/wp-json\/wp\/v2\/types\/product"}],"wp:featuredmedia":[{"embeddable":true,"href":"https:\/\/kpn.com.uy\/web\/wp-json\/wp\/v2\/media\/21557"}],"wp:attachment":[{"href":"https:\/\/kpn.com.uy\/web\/wp-json\/wp\/v2\/media?parent=21556"}],"wp:term":[{"taxonomy":"product_brand","embeddable":true,"href":"https:\/\/kpn.com.uy\/web\/wp-json\/wp\/v2\/product_brand?post=21556"},{"taxonomy":"product_cat","embeddable":true,"href":"https:\/\/kpn.com.uy\/web\/wp-json\/wp\/v2\/product_cat?post=21556"},{"taxonomy":"product_tag","embeddable":true,"href":"https:\/\/kpn.com.uy\/web\/wp-json\/wp\/v2\/product_tag?post=21556"}],"curies":[{"name":"wp","href":"https:\/\/api.w.org\/{rel}","templated":true}]}}