{"id":21577,"date":"2017-08-22T19:04:13","date_gmt":"2017-08-22T22:04:13","guid":{"rendered":"https:\/\/kpn.com.uy\/web\/?post_type=product&#038;p=21577"},"modified":"2017-08-22T19:09:33","modified_gmt":"2017-08-22T22:09:33","slug":"receptores-laser-hr500-cr600","status":"publish","type":"product","link":"https:\/\/kpn.com.uy\/web\/producto\/receptores-laser-hr500-cr600\/","title":{"rendered":"Receptores L\u00e1ser HR500 \/ CR600"},"content":{"rendered":"<p><strong>L\u00e1seres de Spectra Precision<\/strong><br \/>\nConocidos por sus caracter\u00edsticas innovadoras y su probada confiabilidad y resistencia, los l\u00e1seres de Spectra Precision son los que los profesionales de la construcci\u00f3n de todo el mundo utilizan en lugar de otras marcas. Los<br \/>\nl\u00e1seres de Spectra Precision forman parte de la familia de soluciones de posicionamiento de Trimble, desde el concepto hasta la conclusi\u00f3n, para la topograf\u00eda, la construcci\u00f3n y el control de m\u00e1quinas, y cuentan con la red de<br \/>\nasistencia y servicio t\u00e9cnico mundial m\u00e1s fuerte de la industria.<\/p>\n<p><strong>Asistencia y servicio t\u00e9cnico inigualables<\/strong><br \/>\nCon la red de asistencia y de distribuidores m\u00e1s grande del mundo, ninguna otra compa\u00f1\u00eda puede igualar la asistencia y el servicio t\u00e9cnico que Trimble ofrece. Nuestros experimentados distribuidores locales son m\u00e1s que representantes de ventas, son nuestros socios. Conocen su empresa, proveen un servicio de calidad inigualable y lo pueden ayudar a financiar el equipo que necesita. Una experiencia incomparable en la industria de la construcci\u00f3n,<br \/>\nque cuenta con el firme respaldo de un compromiso de calidad e inversi\u00f3n en investigaci\u00f3n y desarrollo para asegurar que los productos que ofrecemos no sean tan s\u00f3lo herramientas, sino soluciones que le permitir\u00e1n trabajar<br \/>\nde forma m\u00e1s productiva y obtener mayores beneficios todos los d\u00edas.<\/p>\n<p><a href=\"https:\/\/kpn.com.uy\/web\/wp-content\/uploads\/2017\/08\/cr600.pdf\" target=\"_blank\" rel=\"noopener noreferrer\"><span class=\"btn btn-sm btn-primary\">Descargar PDF<\/span><\/a><\/p>\n","protected":false},"excerpt":{"rendered":"<p><strong>Elevaciones precisas en el sitio de la obra <\/strong><br \/>\nLos innovadores receptores Spectra Precision L\u00e1ser HR500 y CR600 de Trimble proveen a los contratistas generales, de concreto (hormig\u00f3n), de control de m\u00e1quinas y de preparaci\u00f3n del sitio de la obra herramientas f\u00e1ciles de usar para la medici\u00f3n precisa de elevaciones sobre el terreno.<br \/>\nCon diversas caracter\u00edsticas \u00fanicas, incluyendo la posibilidad de utilizarlos como receptores de mano,<br \/>\nmontados en una mira y para el control de m\u00e1quinas, estos receptores pueden funcionar en una amplia serie de aplicaciones a la vez que mejoran su productividad y la precisi\u00f3n. El dise\u00f1o resistente e impermeable significa que pueden resistir incluso las condiciones m\u00e1s adversas del sitio de la obra. En una palabra, son dos de las herramientas m\u00e1s fuertes y confiables de las que jam\u00e1s pueda disponer.<\/p>\n","protected":false},"featured_media":21579,"template":"","meta":{"_exactmetrics_skip_tracking":false,"_exactmetrics_sitenote_active":false,"_exactmetrics_sitenote_note":"","_exactmetrics_sitenote_category":0,"_monsterinsights_skip_tracking":false,"_monsterinsights_sitenote_active":false,"_monsterinsights_sitenote_note":"","_monsterinsights_sitenote_category":0},"product_brand":[],"product_cat":[109,247,104],"product_tag":[],"class_list":{"0":"post-21577","1":"product","2":"type-product","3":"status-publish","4":"has-post-thumbnail","6":"product_cat-ingenieria","7":"product_cat-receptores-laser","8":"product_cat-spectra","10":"first","11":"instock","12":"shipping-taxable","13":"product-type-simple","14":"col-xxl","15":"col-xl-4","16":"col-lg-6","17":"col-sm-6"},"_links":{"self":[{"href":"https:\/\/kpn.com.uy\/web\/wp-json\/wp\/v2\/product\/21577","targetHints":{"allow":["GET"]}}],"collection":[{"href":"https:\/\/kpn.com.uy\/web\/wp-json\/wp\/v2\/product"}],"about":[{"href":"https:\/\/kpn.com.uy\/web\/wp-json\/wp\/v2\/types\/product"}],"wp:featuredmedia":[{"embeddable":true,"href":"https:\/\/kpn.com.uy\/web\/wp-json\/wp\/v2\/media\/21579"}],"wp:attachment":[{"href":"https:\/\/kpn.com.uy\/web\/wp-json\/wp\/v2\/media?parent=21577"}],"wp:term":[{"taxonomy":"product_brand","embeddable":true,"href":"https:\/\/kpn.com.uy\/web\/wp-json\/wp\/v2\/product_brand?post=21577"},{"taxonomy":"product_cat","embeddable":true,"href":"https:\/\/kpn.com.uy\/web\/wp-json\/wp\/v2\/product_cat?post=21577"},{"taxonomy":"product_tag","embeddable":true,"href":"https:\/\/kpn.com.uy\/web\/wp-json\/wp\/v2\/product_tag?post=21577"}],"curies":[{"name":"wp","href":"https:\/\/api.w.org\/{rel}","templated":true}]}}