{"id":21586,"date":"2017-08-22T19:27:30","date_gmt":"2017-08-22T22:27:30","guid":{"rendered":"https:\/\/kpn.com.uy\/web\/?post_type=product&#038;p=21586"},"modified":"2021-05-21T17:26:37","modified_gmt":"2021-05-21T20:26:37","slug":"software-field-genius-2012","status":"publish","type":"product","link":"https:\/\/kpn.com.uy\/web\/producto\/software-field-genius-2012\/","title":{"rendered":"Software Field Genius"},"content":{"rendered":"<figure class=\"wp-block-table\"><table><tbody><tr><td><\/td><\/tr><tr><td><strong>L\u00ednea de Trabajo Libre de C\u00f3digo:<\/strong>&nbsp;La l\u00ednea de trabajo es creada autom\u00e1ticamente sin ingresar c\u00f3digos y es visualizada al instante, eliminando la necesidad de hacer croquis por separado. No necesitar\u00e1 conectar sus puntos al regresar a la oficina.<br \/><strong>Visualizaci\u00f3n Avanzada con Gr\u00e1ficos Vivos e interfaz intuitiva:<\/strong>&nbsp;FieldGenius est\u00e1 organizado con iconos l\u00f3gicos, barras de herramientas personalizables, objetos inteligentes y controles para estaci\u00f3n total y GNSS f\u00e1ciles de usar.<br \/><strong>Trabaje con m\u00e1s visualizaciones que nunca:<\/strong>&nbsp;Alta-definici\u00f3n, definici\u00f3n est\u00e1ndar (o legacy), pantalla completa, modo retrato, estilo-tablet &#8211; lo que quiera..<br \/><strong>Productividad:<\/strong>&nbsp;Personalice su colector de datos asignando comandos a su teclado externo.<br \/><strong>Herramientas de c\u00e1lculo:<\/strong>&nbsp;Ingrese a la calculadora RPN desde cualquier campo de edici\u00f3n.<br \/><strong>Libertad en Elecci\u00f3n de Hardware:<\/strong>&nbsp;FieldGenius trabaja con muchos receptores GNSS, a diferencia de nuestra competencia en donde software de su misma marca debe ser usado con el receptor (o vice versa). FieldGenius tambi\u00e9n trabaja sobre una multitud de colectores de datos de mano. Nosotros creemos que usted no debe tener que comprar todo el equipo nuevo tan solo por actualizar un componente.<br \/><strong>Adem\u00e1s<\/strong>&nbsp;M\u00f3dulo Avanzado de Caminos, Superficies, Replanteo de Talud, Puntos Inteligentes, importaci\u00f3n\/exportaci\u00f3n de DXF &amp; LandXML y soporte total a Estaciones Rob\u00f3ticas y GNSS. FieldGenius es la opci\u00f3n ideal para las organizaciones que valoran la productividad.<\/td><\/tr><\/tbody><\/table><\/figure>","protected":false},"excerpt":{"rendered":"<p><span style=\"color: #084b8a; font-family: arial; font-size: medium;\"><b>La Ventaja de MicroSurvey FieldGenius<\/b><\/span><\/p>\n<p align=\"justify\"><span style=\"color: #084b8a; font-family: arial; font-size: small;\"><b>FieldGenius<\/b><\/span><span style=\"font-family: arial; font-size: small;\">\u00a0le da una ventaja competitiva en campo. Algunos de nuestros clientes han reportado hasta un 30% de reducci\u00f3n en el tiempo que les lleva completar un trabajo gracias a la ventajas que FieldGenius ofrece.<\/p>\n<p>Cuando los top\u00f3grafos le dan por primera vez un vistazo a FieldGenius su primera reacci\u00f3n es &#8220;esto es diferente&#8221;. Cuando ellos lo usan en el campo, r\u00e1pidamente se dan cuenta de que esta diferencia realmente hace una diferencia.<\/span><\/p>\n","protected":false},"featured_media":21587,"template":"","meta":{"_exactmetrics_skip_tracking":false,"_exactmetrics_sitenote_active":false,"_exactmetrics_sitenote_note":"","_exactmetrics_sitenote_category":0,"_monsterinsights_skip_tracking":false,"_monsterinsights_sitenote_active":false,"_monsterinsights_sitenote_note":"","_monsterinsights_sitenote_category":0},"product_brand":[],"product_cat":[97,381,71],"product_tag":[],"class_list":{"0":"post-21586","1":"product","2":"type-product","3":"status-publish","4":"has-post-thumbnail","6":"product_cat-microsurvey","7":"product_cat-software-de-campo","8":"product_cat-softwareingenieria","10":"first","11":"instock","12":"shipping-taxable","13":"product-type-simple","14":"col-xxl","15":"col-xl-4","16":"col-lg-6","17":"col-sm-6"},"_links":{"self":[{"href":"https:\/\/kpn.com.uy\/web\/wp-json\/wp\/v2\/product\/21586","targetHints":{"allow":["GET"]}}],"collection":[{"href":"https:\/\/kpn.com.uy\/web\/wp-json\/wp\/v2\/product"}],"about":[{"href":"https:\/\/kpn.com.uy\/web\/wp-json\/wp\/v2\/types\/product"}],"wp:featuredmedia":[{"embeddable":true,"href":"https:\/\/kpn.com.uy\/web\/wp-json\/wp\/v2\/media\/21587"}],"wp:attachment":[{"href":"https:\/\/kpn.com.uy\/web\/wp-json\/wp\/v2\/media?parent=21586"}],"wp:term":[{"taxonomy":"product_brand","embeddable":true,"href":"https:\/\/kpn.com.uy\/web\/wp-json\/wp\/v2\/product_brand?post=21586"},{"taxonomy":"product_cat","embeddable":true,"href":"https:\/\/kpn.com.uy\/web\/wp-json\/wp\/v2\/product_cat?post=21586"},{"taxonomy":"product_tag","embeddable":true,"href":"https:\/\/kpn.com.uy\/web\/wp-json\/wp\/v2\/product_tag?post=21586"}],"curies":[{"name":"wp","href":"https:\/\/api.w.org\/{rel}","templated":true}]}}