{"id":21636,"date":"2017-08-23T12:08:34","date_gmt":"2017-08-23T15:08:34","guid":{"rendered":"https:\/\/kpn.com.uy\/web\/?post_type=product&#038;p=21636"},"modified":"2017-12-18T15:58:54","modified_gmt":"2017-12-18T18:58:54","slug":"software-trimble-realworks","status":"publish","type":"product","link":"https:\/\/kpn.com.uy\/web\/producto\/software-trimble-realworks\/","title":{"rendered":"SOFTWARE TRIMBLE REALWORKS"},"content":{"rendered":"<p>El software Trimble\u00ae RealWorks\u2122 le permite registrar, visualizar, explorar y manejar datos de nubes de puntos capturados con un sensor de Trimble Spatial Imaging. El mismo incorpora herramientas precisas, caracter\u00edsticas de modelado y potentes, ideales para aplicaciones como la topograf\u00eda civil, la construcci\u00f3n, el catastro de patrominio hist\u00f3rico y aplicaciones forenses, adem\u00e1s de muchas otras m\u00e1s de la industria geoespacial.<\/p>\n<p><a href=\"https:\/\/kpn.com.uy\/web\/wp-content\/uploads\/2017\/08\/Hoja-de-datos_RealWorks.pdf\" target=\"_blank\" rel=\"noopener noreferrer\"><span class=\"btn btn-sm btn-primary\">Descargar PDF<\/span><\/a><\/p>\n","protected":false},"excerpt":{"rendered":"<p>Trimble RealWorks es un potente software de oficina de Trimble que importa numerosos datos del sensor de Spatial Imaging (im\u00e1genes espaciales) y los transforma en resultados 3D atractivos. Las potentes herramientas de Trimble RealWorks administran, procesan y analizan archivos de datos de gran tama\u00f1o que contienen millones de puntos, lo que le permite producir resultados de muy alta calidad que impresionar\u00e1n y satisfacer\u00e1n a sus clientes.<\/p>\n","protected":false},"featured_media":21637,"template":"","meta":{"_exactmetrics_skip_tracking":false,"_exactmetrics_sitenote_active":false,"_exactmetrics_sitenote_note":"","_exactmetrics_sitenote_category":0,"_monsterinsights_skip_tracking":false,"_monsterinsights_sitenote_active":false,"_monsterinsights_sitenote_note":"","_monsterinsights_sitenote_category":0},"product_brand":[],"product_cat":[109,289,71,93],"product_tag":[],"class_list":{"0":"post-21636","1":"product","2":"type-product","3":"status-publish","4":"has-post-thumbnail","6":"product_cat-ingenieria","7":"product_cat-software-arquitectura","8":"product_cat-softwareingenieria","9":"product_cat-trimble","11":"first","12":"instock","13":"shipping-taxable","14":"product-type-simple","15":"col-xxl","16":"col-xl-4","17":"col-lg-6","18":"col-sm-6"},"_links":{"self":[{"href":"https:\/\/kpn.com.uy\/web\/wp-json\/wp\/v2\/product\/21636","targetHints":{"allow":["GET"]}}],"collection":[{"href":"https:\/\/kpn.com.uy\/web\/wp-json\/wp\/v2\/product"}],"about":[{"href":"https:\/\/kpn.com.uy\/web\/wp-json\/wp\/v2\/types\/product"}],"wp:featuredmedia":[{"embeddable":true,"href":"https:\/\/kpn.com.uy\/web\/wp-json\/wp\/v2\/media\/21637"}],"wp:attachment":[{"href":"https:\/\/kpn.com.uy\/web\/wp-json\/wp\/v2\/media?parent=21636"}],"wp:term":[{"taxonomy":"product_brand","embeddable":true,"href":"https:\/\/kpn.com.uy\/web\/wp-json\/wp\/v2\/product_brand?post=21636"},{"taxonomy":"product_cat","embeddable":true,"href":"https:\/\/kpn.com.uy\/web\/wp-json\/wp\/v2\/product_cat?post=21636"},{"taxonomy":"product_tag","embeddable":true,"href":"https:\/\/kpn.com.uy\/web\/wp-json\/wp\/v2\/product_tag?post=21636"}],"curies":[{"name":"wp","href":"https:\/\/api.w.org\/{rel}","templated":true}]}}