{"id":21654,"date":"2017-08-23T13:45:45","date_gmt":"2017-08-23T16:45:45","guid":{"rendered":"https:\/\/kpn.com.uy\/web\/?post_type=product&#038;p=21654"},"modified":"2021-03-25T16:37:59","modified_gmt":"2021-03-25T19:37:59","slug":"juno-serie","status":"publish","type":"product","link":"https:\/\/kpn.com.uy\/web\/producto\/juno-serie\/","title":{"rendered":"Juno Serie 3"},"content":{"rendered":"<p><strong>PRINCIPALES CARACTER\u00cdSTICAS:<\/strong><br \/>\n&#8211; Grado de protecci\u00f3n IP54 robusto para condiciones dif\u00edciles en el exterior<br \/>\n&#8211; Con much\u00edsimas prestaciones, totalmente integrado, econ\u00f3mico<br \/>\n&#8211; Comunicaci\u00f3n de voz y datos por telefon\u00eda celular 3.75G<br \/>\n&#8211; Receptor GPS de alta sensibilidad<br \/>\n&#8211; C\u00e1mara digital de 5 megapixeles con enfoque autom\u00e1tico y flash<br \/>\n&#8211; Bater\u00eda de larga duraci\u00f3n para todo un d\u00eda de trabajo<br \/>\n&#8211; Liviano y compacto<\/p>\n<p><a href=\"https:\/\/kpn.com.uy\/web\/wp-content\/uploads\/2017\/08\/Juno3Series.pdf\" target=\"_blank\" rel=\"noopener noreferrer\"><span class=\"btn btn-sm btn-primary\">Descargar PDF<\/span><\/a><\/p>\n","protected":false},"excerpt":{"rendered":"<p>Una y controle los recursos de su equipo distribuido para proporcionar datos geogr\u00e1ficos geoetiquetados en los que pueda confiar. Con los modelos de la serie Trimble\u00ae Juno\u00ae, el equipo de personal m\u00f3vil dispondr\u00e1 de un sistema de captura de datos basados en GPS totalmente integrado para el trabajo diario. Si su organizaci\u00f3n gestiona recursos cr\u00edticos, responde a emergencias o mantiene al d\u00eda una empresa de sistema de informaci\u00f3n<br \/>\ngeogr\u00e1fica (SIG), podr\u00e1 aumentar la eficacia tanto en el campo como en la oficina con flujos de trabajo de captura de datos dedicados y dispositivos Trimble Juno.<\/p>\n","protected":false},"featured_media":21655,"template":"","meta":{"_exactmetrics_skip_tracking":false,"_exactmetrics_sitenote_active":false,"_exactmetrics_sitenote_note":"","_exactmetrics_sitenote_category":0,"_monsterinsights_skip_tracking":false,"_monsterinsights_sitenote_active":false,"_monsterinsights_sitenote_note":"","_monsterinsights_sitenote_category":0},"product_brand":[],"product_cat":[363,109,110,93],"product_tag":[],"class_list":{"0":"post-21654","1":"product","2":"type-product","3":"status-publish","4":"has-post-thumbnail","6":"product_cat-controladoras-trimble","7":"product_cat-ingenieria","8":"product_cat-mapping-gis","9":"product_cat-trimble","11":"first","12":"instock","13":"shipping-taxable","14":"product-type-simple","15":"col-xxl","16":"col-xl-4","17":"col-lg-6","18":"col-sm-6"},"_links":{"self":[{"href":"https:\/\/kpn.com.uy\/web\/wp-json\/wp\/v2\/product\/21654","targetHints":{"allow":["GET"]}}],"collection":[{"href":"https:\/\/kpn.com.uy\/web\/wp-json\/wp\/v2\/product"}],"about":[{"href":"https:\/\/kpn.com.uy\/web\/wp-json\/wp\/v2\/types\/product"}],"wp:featuredmedia":[{"embeddable":true,"href":"https:\/\/kpn.com.uy\/web\/wp-json\/wp\/v2\/media\/21655"}],"wp:attachment":[{"href":"https:\/\/kpn.com.uy\/web\/wp-json\/wp\/v2\/media?parent=21654"}],"wp:term":[{"taxonomy":"product_brand","embeddable":true,"href":"https:\/\/kpn.com.uy\/web\/wp-json\/wp\/v2\/product_brand?post=21654"},{"taxonomy":"product_cat","embeddable":true,"href":"https:\/\/kpn.com.uy\/web\/wp-json\/wp\/v2\/product_cat?post=21654"},{"taxonomy":"product_tag","embeddable":true,"href":"https:\/\/kpn.com.uy\/web\/wp-json\/wp\/v2\/product_tag?post=21654"}],"curies":[{"name":"wp","href":"https:\/\/api.w.org\/{rel}","templated":true}]}}