{"id":21663,"date":"2017-08-23T13:58:59","date_gmt":"2017-08-23T16:58:59","guid":{"rendered":"https:\/\/kpn.com.uy\/web\/?post_type=product&#038;p=21663"},"modified":"2021-03-25T16:37:40","modified_gmt":"2021-03-25T19:37:40","slug":"nomad-1050-series","status":"publish","type":"product","link":"https:\/\/kpn.com.uy\/web\/producto\/nomad-1050-series\/","title":{"rendered":"Nomad 1050 Series"},"content":{"rendered":"","protected":false},"excerpt":{"rendered":"<p>La serie Trimble\u00ae Nomad\u00ae 1050 es una familia de dispositivos de mano GPS probados, ultrafuertes y repletos de funciones, creados para profesionales de SIG m\u00f3viles que llevan a cabo actividades de recopilaci\u00f3n e inspecci\u00f3n de datos de campo en entornos hostiles.<\/p>\n<ul>\n<li>Dispositivos de mano ultra resistentes construidos para trabajar en entornos desafiantes<\/li>\n<li>La duraci\u00f3n prolongada de la bater\u00eda extiende el tiempo en el campo<\/li>\n<li>Potencia inform\u00e1tica mejorada y memoria de 8 GB para un procesamiento r\u00e1pido de datos de campo<\/li>\n<li>Conectividad de campo a oficina con comunicaciones de datos inal\u00e1mbricas<\/li>\n<li>Seguimiento de activos simplificado y r\u00e1pido con esc\u00e1ner de c\u00f3digo de barras integrado 1D \/ 2D opcional<\/li>\n<li>Compatible con el software Trimble GIS para flujos de trabajo de campo a oficina completos<\/li>\n<\/ul>\n<p><a href=\"https:\/\/kpn.com.uy\/web\/wp-content\/uploads\/2017\/08\/Datasheet-Nomad-1050-Series-Spanish-Screen.pdf\" target=\"_blank\" rel=\"noopener\">Descargar PDF<\/a><\/p>\n","protected":false},"featured_media":21665,"template":"","meta":{"_exactmetrics_skip_tracking":false,"_exactmetrics_sitenote_active":false,"_exactmetrics_sitenote_note":"","_exactmetrics_sitenote_category":0,"_monsterinsights_skip_tracking":false,"_monsterinsights_sitenote_active":false,"_monsterinsights_sitenote_note":"","_monsterinsights_sitenote_category":0},"product_brand":[],"product_cat":[363,85,273,83,109,93],"product_tag":[],"class_list":{"0":"post-21663","1":"product","2":"type-product","3":"status-publish","4":"has-post-thumbnail","6":"product_cat-controladoras-trimble","7":"product_cat-equiposdemanocongnss","8":"product_cat-gnss-cartograficos","9":"product_cat-gpstopografia","10":"product_cat-ingenieria","11":"product_cat-trimble","13":"first","14":"instock","15":"shipping-taxable","16":"product-type-simple","17":"col-xxl","18":"col-xl-4","19":"col-lg-6","20":"col-sm-6"},"_links":{"self":[{"href":"https:\/\/kpn.com.uy\/web\/wp-json\/wp\/v2\/product\/21663","targetHints":{"allow":["GET"]}}],"collection":[{"href":"https:\/\/kpn.com.uy\/web\/wp-json\/wp\/v2\/product"}],"about":[{"href":"https:\/\/kpn.com.uy\/web\/wp-json\/wp\/v2\/types\/product"}],"wp:featuredmedia":[{"embeddable":true,"href":"https:\/\/kpn.com.uy\/web\/wp-json\/wp\/v2\/media\/21665"}],"wp:attachment":[{"href":"https:\/\/kpn.com.uy\/web\/wp-json\/wp\/v2\/media?parent=21663"}],"wp:term":[{"taxonomy":"product_brand","embeddable":true,"href":"https:\/\/kpn.com.uy\/web\/wp-json\/wp\/v2\/product_brand?post=21663"},{"taxonomy":"product_cat","embeddable":true,"href":"https:\/\/kpn.com.uy\/web\/wp-json\/wp\/v2\/product_cat?post=21663"},{"taxonomy":"product_tag","embeddable":true,"href":"https:\/\/kpn.com.uy\/web\/wp-json\/wp\/v2\/product_tag?post=21663"}],"curies":[{"name":"wp","href":"https:\/\/api.w.org\/{rel}","templated":true}]}}