{"id":21666,"date":"2017-08-23T14:16:46","date_gmt":"2017-08-23T17:16:46","guid":{"rendered":"https:\/\/kpn.com.uy\/web\/?post_type=product&#038;p=21666"},"modified":"2017-08-23T14:16:46","modified_gmt":"2017-08-23T17:16:46","slug":"pathfinder-proxt","status":"publish","type":"product","link":"https:\/\/kpn.com.uy\/web\/producto\/pathfinder-proxt\/","title":{"rendered":"Pathfinder ProXT"},"content":{"rendered":"<p><strong>PRINCIPALES CARACTER\u00cdSTICAS:<\/strong><br \/>\n&#8211; GpS con subm\u00e9trica en tiempo real y SbaS integrado, que incluye tecnolog\u00eda EVErESt para el rechazo de la trayectoria m\u00faltiple<br \/>\n&#8211; Receptor, antena y bater\u00eda en una sola unidad compacta<br \/>\n&#8211; Tecnolog\u00eda inal\u00e1mbrica bluetooth para un manejo c\u00f3modo sin cables<br \/>\n&#8211; Robusto e impermeable para todo tipo de condiciones climatol\u00f3gicas<br \/>\n&#8211; Bater\u00eda, reemplazable por el usuario, suficiente para un d\u00eda de trabajo en el campo<br \/>\n&#8211; Selecci\u00f3n de computadora de campo y software que se adaptan a su flujo de trabajo<\/p>\n<p><a href=\"https:\/\/kpn.com.uy\/web\/wp-content\/uploads\/2017\/08\/proxt.pdf\" target=\"_blank\" rel=\"noopener noreferrer\"><span class=\"btn btn-sm btn-primary\">Descargar PDF<\/span><\/a><\/p>\n","protected":false},"excerpt":{"rendered":"<p><strong>RECEPTOR GPS CON BLUETOOTH COMPLETAMENTE INTEGRADO DE PRECISION SUBMETRICA<\/strong><br \/>\nConstruido espec\u00edficamente para capturar datos GIS, el receptor Pathfinder\u00ae ProXTTM fija nuevos est\u00e1ndares en facilidad de uso.<br \/>\nUn receptor GPS subm\u00e9trico, con antena y bater\u00eda suficiente para un d\u00eda completo de trabajo &#8211; todo en uno &#8211; el receptor ProXT es libre de cables, haciendo la captura de datos m\u00e1s sencillo que nunca.<br \/>\nSencillo de instalar y utilizar, lo disculpamos por desde\u00f1ar su sofisticada tecnolog\u00eda.<\/p>\n","protected":false},"featured_media":21667,"template":"","meta":{"_exactmetrics_skip_tracking":false,"_exactmetrics_sitenote_active":false,"_exactmetrics_sitenote_note":"","_exactmetrics_sitenote_category":0,"_monsterinsights_skip_tracking":false,"_monsterinsights_sitenote_active":false,"_monsterinsights_sitenote_note":"","_monsterinsights_sitenote_category":0},"product_brand":[],"product_cat":[83,109,93],"product_tag":[],"class_list":{"0":"post-21666","1":"product","2":"type-product","3":"status-publish","4":"has-post-thumbnail","6":"product_cat-gpstopografia","7":"product_cat-ingenieria","8":"product_cat-trimble","10":"first","11":"instock","12":"shipping-taxable","13":"product-type-simple","14":"col-xxl","15":"col-xl-4","16":"col-lg-6","17":"col-sm-6"},"_links":{"self":[{"href":"https:\/\/kpn.com.uy\/web\/wp-json\/wp\/v2\/product\/21666","targetHints":{"allow":["GET"]}}],"collection":[{"href":"https:\/\/kpn.com.uy\/web\/wp-json\/wp\/v2\/product"}],"about":[{"href":"https:\/\/kpn.com.uy\/web\/wp-json\/wp\/v2\/types\/product"}],"wp:featuredmedia":[{"embeddable":true,"href":"https:\/\/kpn.com.uy\/web\/wp-json\/wp\/v2\/media\/21667"}],"wp:attachment":[{"href":"https:\/\/kpn.com.uy\/web\/wp-json\/wp\/v2\/media?parent=21666"}],"wp:term":[{"taxonomy":"product_brand","embeddable":true,"href":"https:\/\/kpn.com.uy\/web\/wp-json\/wp\/v2\/product_brand?post=21666"},{"taxonomy":"product_cat","embeddable":true,"href":"https:\/\/kpn.com.uy\/web\/wp-json\/wp\/v2\/product_cat?post=21666"},{"taxonomy":"product_tag","embeddable":true,"href":"https:\/\/kpn.com.uy\/web\/wp-json\/wp\/v2\/product_tag?post=21666"}],"curies":[{"name":"wp","href":"https:\/\/api.w.org\/{rel}","templated":true}]}}