{"id":21746,"date":"2017-08-31T11:34:31","date_gmt":"2017-08-31T14:34:31","guid":{"rendered":"https:\/\/kpn.com.uy\/web\/?post_type=product&#038;p=21746"},"modified":"2017-11-03T09:54:51","modified_gmt":"2017-11-03T12:54:51","slug":"pantalla-compass","status":"publish","type":"product","link":"https:\/\/kpn.com.uy\/web\/producto\/pantalla-compass\/","title":{"rendered":"Pantalla Compass"},"content":{"rendered":"<p><strong>Caracter\u00edsticas principales:<\/strong><\/p>\n<ul>\n<li>Dise\u00f1o compacto con barra de luces incorporada.<\/li>\n<li>Pantalla t\u00e1ctil en color de 7 pulgadas.<\/li>\n<li>Gu\u00eda manual incorporada.<\/li>\n<li>Comb\u00ednelo con la direcci\u00f3n asistida OnTrac3 \u2122 o con SteerCommand\u00ae con el sistema de direcci\u00f3n integrado GPS 6500 para una gu\u00eda de alto nivel.<\/li>\n<li>Compatibilidad con el est\u00e1ndar de terminal virtual ISO 11783.<\/li>\n<li>Mapeo a pantalla completa.<\/li>\n<li>Opciones de varios idiomas.<\/li>\n<\/ul>\n<p>ORIENTACI\u00d3N Y DIRECCI\u00d3N:<br \/>\nCon la gu\u00eda integrada, la pantalla Compass admite m\u00faltiples patrones de orientaci\u00f3n y muestra el campo en diferentes vistas.<br \/>\nConsulta por la direcci\u00f3n asistida OnTrac3 \u2122 o SteerCommand\u00ae con el sistema de direcci\u00f3n integrado GPS 6500 para combinar con la pantalla Compass.<\/p>\n<p>INTERFAZ SIMPLE<br \/>\n* F\u00e1cil operaci\u00f3n y configuraci\u00f3n para la orientaci\u00f3n.<br \/>\n* Los operadores simplemente podr\u00e1n crear un nuevo evento e ir, mediante la opci\u00f3n de caracter\u00edstica de evento<br \/>\n* Los eventos rastrean el trabajo de campo y los mapas. Estos quedaran denominados autom\u00e1ticamente por fecha y hora.<br \/>\n* Se requieren pocos pulsadores.<\/p>\n<p>MAPEO<br \/>\nPodr\u00e1s registrar los l\u00edmites de campo, sub-l\u00edmites, obst\u00e1culos en el campo, v\u00edas fluviales o l\u00edneas de azulejos, as\u00ed como visualizar mapas en tiempo real desde la cabina.<\/p>\n<p>TERMINAL VIRTUAL<br \/>\nLa capacidad de la terminal virtual ayuda a eliminar el desorden de otros controladores de implementos en la cabina y le da a la pantalla la capacidad de controlar implementos compatibles con ISOBUS incluyendo sembradoras, jardineras, esparcidores y pulverizadores.<\/p>\n<p>CONSULTE POR M\u00c1S INFORMACI\u00d3N!!<\/p>\n","protected":false},"excerpt":{"rendered":"<p>Los productores que buscan una pantalla de agricultura de precisi\u00f3n simple y asequible cuentan ahora con una soluci\u00f3n de nivel de entrada que ofrece orientaci\u00f3n y capacidades de terminales virtuales.<\/p>\n<p>La pantalla Compass ofrece una gu\u00eda integrada en pantalla para aumentar la precisi\u00f3n y extender las horas de trabajo.\u00a0Adem\u00e1s, la pantalla Compass soporta los patrones de gu\u00eda m\u00e1s comunes y avanzados, incluido SmartPath.<\/p>\n","protected":false},"featured_media":21747,"template":"","meta":{"_exactmetrics_skip_tracking":false,"_exactmetrics_sitenote_active":false,"_exactmetrics_sitenote_note":"","_exactmetrics_sitenote_category":0,"_monsterinsights_skip_tracking":false,"_monsterinsights_sitenote_active":false,"_monsterinsights_sitenote_note":"","_monsterinsights_sitenote_category":0},"product_brand":[],"product_cat":[94,108,64],"product_tag":[],"class_list":{"0":"post-21746","1":"product","2":"type-product","3":"status-publish","4":"has-post-thumbnail","6":"product_cat-agleader","7":"product_cat-agricultura","8":"product_cat-monitoresdisplay","10":"first","11":"instock","12":"shipping-taxable","13":"product-type-simple","14":"col-xxl","15":"col-xl-4","16":"col-lg-6","17":"col-sm-6"},"_links":{"self":[{"href":"https:\/\/kpn.com.uy\/web\/wp-json\/wp\/v2\/product\/21746","targetHints":{"allow":["GET"]}}],"collection":[{"href":"https:\/\/kpn.com.uy\/web\/wp-json\/wp\/v2\/product"}],"about":[{"href":"https:\/\/kpn.com.uy\/web\/wp-json\/wp\/v2\/types\/product"}],"wp:featuredmedia":[{"embeddable":true,"href":"https:\/\/kpn.com.uy\/web\/wp-json\/wp\/v2\/media\/21747"}],"wp:attachment":[{"href":"https:\/\/kpn.com.uy\/web\/wp-json\/wp\/v2\/media?parent=21746"}],"wp:term":[{"taxonomy":"product_brand","embeddable":true,"href":"https:\/\/kpn.com.uy\/web\/wp-json\/wp\/v2\/product_brand?post=21746"},{"taxonomy":"product_cat","embeddable":true,"href":"https:\/\/kpn.com.uy\/web\/wp-json\/wp\/v2\/product_cat?post=21746"},{"taxonomy":"product_tag","embeddable":true,"href":"https:\/\/kpn.com.uy\/web\/wp-json\/wp\/v2\/product_tag?post=21746"}],"curies":[{"name":"wp","href":"https:\/\/api.w.org\/{rel}","templated":true}]}}