{"id":21752,"date":"2017-08-31T11:39:36","date_gmt":"2017-08-31T14:39:36","guid":{"rendered":"https:\/\/kpn.com.uy\/web\/?post_type=product&#038;p=21752"},"modified":"2017-11-13T10:33:28","modified_gmt":"2017-11-13T13:33:28","slug":"direccion-ontrac3-asistida","status":"publish","type":"product","link":"https:\/\/kpn.com.uy\/web\/producto\/direccion-ontrac3-asistida\/","title":{"rendered":"Direccio\u0301n OnTrac3 Asistida"},"content":{"rendered":"<p><strong>Beneficios:<\/strong><\/p>\n<ul>\n<li>R\u00e1pida y f\u00e1cil instalaci\u00f3n &#8220;Lock-n&#8217;-Roll&#8221;.<\/li>\n<li>F\u00e1cil transferencia entre veh\u00edculos.<\/li>\n<li>Auto-calibraci\u00f3n para la sintonizaci\u00f3n y calibraci\u00f3n sencilla del veh\u00edculo.<\/li>\n<li>El motor accionado por engranajes es superior a los sistemas de direcci\u00f3n de dise\u00f1o de fricci\u00f3n &#8211; elimina el deslizamiento.<\/li>\n<li>La nueva unidad de accionamiento mec\u00e1nico sin escobillas y sin escobillas proporciona un par m\u00e1s alto para una mayor potencia y una direcci\u00f3n m\u00e1s r\u00e1pida, adem\u00e1s de una operaci\u00f3n silenciosa.<\/li>\n<li>Los componentes de compensaci\u00f3n de terreno de nueve ejes se adaptan a la circulaci\u00f3n por tierra y por v\u00edas fluviales, zanjas y terrazas.<\/li>\n<li>La br\u00fajula interna proporciona un rumbo constante.<\/li>\n<li>Luces de diagn\u00f3stico LED para un seguimiento de la supervisi\u00f3n del sistema.<\/li>\n<li>F\u00e1cil de acoplar \/ desacoplar de la pantalla o interruptor de pie opcional.<\/li>\n<li>Controlado por todas las presentaciones actuales de Ag Leader.<\/li>\n<li>El tama\u00f1o compacto del controlador permite una f\u00e1cil transferencia entre m\u00e1quinas y permite una mayor flexibilidad con la instalaci\u00f3n.<\/li>\n<li>Kit de instalaci\u00f3n personalizada disponible en m\u00e1s de 700 veh\u00edculos.<\/li>\n<\/ul>\n<p>&nbsp;<\/p>\n<p>&nbsp;<\/p>\n","protected":false},"excerpt":{"rendered":"<p>Direcci\u00f3n simplificada para tractores, cosechadoras, plataformas de aplicaci\u00f3n y m\u00e1s.<br \/>\nLa manera econ\u00f3mica de agregar la direcci\u00f3n asistida a su operaci\u00f3n<\/p>\n","protected":false},"featured_media":21754,"template":"","meta":{"_exactmetrics_skip_tracking":false,"_exactmetrics_sitenote_active":false,"_exactmetrics_sitenote_note":"","_exactmetrics_sitenote_category":0,"_monsterinsights_skip_tracking":false,"_monsterinsights_sitenote_active":false,"_monsterinsights_sitenote_note":"","_monsterinsights_sitenote_category":0},"product_brand":[],"product_cat":[94,108,68],"product_tag":[],"class_list":{"0":"post-21752","1":"product","2":"type-product","3":"status-publish","4":"has-post-thumbnail","6":"product_cat-agleader","7":"product_cat-agricultura","8":"product_cat-orientacionydireccion","10":"first","11":"instock","12":"shipping-taxable","13":"product-type-simple","14":"col-xxl","15":"col-xl-4","16":"col-lg-6","17":"col-sm-6"},"_links":{"self":[{"href":"https:\/\/kpn.com.uy\/web\/wp-json\/wp\/v2\/product\/21752","targetHints":{"allow":["GET"]}}],"collection":[{"href":"https:\/\/kpn.com.uy\/web\/wp-json\/wp\/v2\/product"}],"about":[{"href":"https:\/\/kpn.com.uy\/web\/wp-json\/wp\/v2\/types\/product"}],"wp:featuredmedia":[{"embeddable":true,"href":"https:\/\/kpn.com.uy\/web\/wp-json\/wp\/v2\/media\/21754"}],"wp:attachment":[{"href":"https:\/\/kpn.com.uy\/web\/wp-json\/wp\/v2\/media?parent=21752"}],"wp:term":[{"taxonomy":"product_brand","embeddable":true,"href":"https:\/\/kpn.com.uy\/web\/wp-json\/wp\/v2\/product_brand?post=21752"},{"taxonomy":"product_cat","embeddable":true,"href":"https:\/\/kpn.com.uy\/web\/wp-json\/wp\/v2\/product_cat?post=21752"},{"taxonomy":"product_tag","embeddable":true,"href":"https:\/\/kpn.com.uy\/web\/wp-json\/wp\/v2\/product_tag?post=21752"}],"curies":[{"name":"wp","href":"https:\/\/api.w.org\/{rel}","templated":true}]}}