{"id":21755,"date":"2017-08-31T11:43:20","date_gmt":"2017-08-31T14:43:20","guid":{"rendered":"https:\/\/kpn.com.uy\/web\/?post_type=product&#038;p=21755"},"modified":"2017-08-31T11:43:42","modified_gmt":"2017-08-31T14:43:42","slug":"l160-barra-de-luces-2","status":"publish","type":"product","link":"https:\/\/kpn.com.uy\/web\/producto\/l160-barra-de-luces-2\/","title":{"rendered":"L160 Barra de luces"},"content":{"rendered":"<p>Un accesorio de gu\u00eda complementario para las pantallas Ag Leader, el dise\u00f1o compacto de la barra de luces L160 lo convierte en la herramienta de gu\u00eda ideal para el montaje en tablero o parabrisas.<\/p>\n<p><strong>Iluminando el camino, de d\u00eda o de noche<\/strong><\/p>\n<p>La barra de luces L160 CAN bus cuenta con una pantalla de f\u00e1cil lectura y un espaciamiento de LED configurable.\u00a0Al montar la L160 Lightbar en el parabrisas o el tablero, los operadores pueden monitorear la gu\u00eda mirando hacia adelante mientras mantienen su pantalla f\u00e1cil de alcanzar.<\/p>\n<p>Caracter\u00edsticas principales:<\/p>\n<ul>\n<li>Elija entre los modos de LED &#8220;chase&#8221; o &#8220;pull&#8221;.<\/li>\n<li>El brillo ajustable es ideal para uso diurno o nocturno.<\/li>\n<li>Muestra el error de pista cruzada, el n\u00famero de paso y el t\u00edtulo de grado.<\/li>\n<\/ul>\n","protected":false},"excerpt":{"rendered":"<p>Un accesorio de gu\u00eda complementario para las pantallas Ag Leader, el dise\u00f1o compacto de la barra de luces L160 lo convierte en la herramienta de gu\u00eda ideal para el montaje en tablero o parabrisas.<\/p>\n","protected":false},"featured_media":21757,"template":"","meta":{"_exactmetrics_skip_tracking":false,"_exactmetrics_sitenote_active":false,"_exactmetrics_sitenote_note":"","_exactmetrics_sitenote_category":0,"_monsterinsights_skip_tracking":false,"_monsterinsights_sitenote_active":false,"_monsterinsights_sitenote_note":"","_monsterinsights_sitenote_category":0},"product_brand":[],"product_cat":[94,108,68],"product_tag":[],"class_list":{"0":"post-21755","1":"product","2":"type-product","3":"status-publish","4":"has-post-thumbnail","6":"product_cat-agleader","7":"product_cat-agricultura","8":"product_cat-orientacionydireccion","10":"first","11":"instock","12":"shipping-taxable","13":"product-type-simple","14":"col-xxl","15":"col-xl-4","16":"col-lg-6","17":"col-sm-6"},"_links":{"self":[{"href":"https:\/\/kpn.com.uy\/web\/wp-json\/wp\/v2\/product\/21755","targetHints":{"allow":["GET"]}}],"collection":[{"href":"https:\/\/kpn.com.uy\/web\/wp-json\/wp\/v2\/product"}],"about":[{"href":"https:\/\/kpn.com.uy\/web\/wp-json\/wp\/v2\/types\/product"}],"wp:featuredmedia":[{"embeddable":true,"href":"https:\/\/kpn.com.uy\/web\/wp-json\/wp\/v2\/media\/21757"}],"wp:attachment":[{"href":"https:\/\/kpn.com.uy\/web\/wp-json\/wp\/v2\/media?parent=21755"}],"wp:term":[{"taxonomy":"product_brand","embeddable":true,"href":"https:\/\/kpn.com.uy\/web\/wp-json\/wp\/v2\/product_brand?post=21755"},{"taxonomy":"product_cat","embeddable":true,"href":"https:\/\/kpn.com.uy\/web\/wp-json\/wp\/v2\/product_cat?post=21755"},{"taxonomy":"product_tag","embeddable":true,"href":"https:\/\/kpn.com.uy\/web\/wp-json\/wp\/v2\/product_tag?post=21755"}],"curies":[{"name":"wp","href":"https:\/\/api.w.org\/{rel}","templated":true}]}}