{"id":21758,"date":"2017-08-31T11:47:59","date_gmt":"2017-08-31T14:47:59","guid":{"rendered":"https:\/\/kpn.com.uy\/web\/?post_type=product&#038;p=21758"},"modified":"2017-08-31T12:16:05","modified_gmt":"2017-08-31T15:16:05","slug":"sistema-de-receptor-gps","status":"publish","type":"product","link":"https:\/\/kpn.com.uy\/web\/producto\/sistema-de-receptor-gps\/","title":{"rendered":"Sistema de Receptor GPS"},"content":{"rendered":"<p>Los sistemas de receptor GPS Ag Leader ofrecen precisi\u00f3n, repetibilidad y rango y sirven como complemento de las capacidades de gu\u00eda incorporadas de las pantallas Ag Leader y de las opciones de direcci\u00f3n asistida e integrada.<\/p>\n<p>&nbsp;<\/p>\n<p>GPS 6000<\/p>\n<p>Opci\u00f3n de nivel de entrada para los productores que buscan un receptor rentable.\u00a0Receptor de una sola frecuencia dise\u00f1ado para funciones de correlaci\u00f3n general y AutoSwath.<\/p>\n<ul>\n<li>Las correcciones diferenciales incluyen GLIDE, WAAS \/ EGNOS<\/li>\n<li>GLONASS est\u00e1ndar<\/li>\n<li>GLIDE ofrece una precisi\u00f3n mejorada sin correcci\u00f3n diferencial basada en suscripci\u00f3n.<\/li>\n<li>Aumento del tiempo de actividad de la se\u00f1al proporcionado por la tecnolog\u00eda est\u00e1ndar StableLoc \u2122.<\/li>\n<li>Salida de velocidad simulada del radar.<\/li>\n<li>Salida de hasta 10 Hz.<\/li>\n<li>Diagn\u00f3sticos de LEDs para la supervisi\u00f3n del sistema de un vistazo.<\/li>\n<li>Los imanes integrados y la placa de montaje incluida con pasadores de fijaci\u00f3n proporcionan un montaje repetible.<\/li>\n<li>Dise\u00f1o sellado, compacto y robusto.<\/li>\n<\/ul>\n<h3>GPS 6500<\/h3>\n<p>Antena inteligente completamente escalable y robusta, dise\u00f1ada para satisfacer la necesidad de l\u00edneas de base de RTK extendidas de m\u00e1s de 20 millas utilizando el rel\u00e9 CDMA o el rel\u00e9 GSM a trav\u00e9s de una soluci\u00f3n NTRIP.<\/p>\n<ul>\n<li>Las correcciones diferenciales incluyen GLIDE, WAAS \/ EGNOS, TerraStar y RTK (con rel\u00e9).<\/li>\n<li>GLONASS est\u00e1ndar<\/li>\n<li>GLIDE ofrece una precisi\u00f3n mejorada sin correcci\u00f3n diferencial basada en suscripci\u00f3n.<\/li>\n<li>Aumento del tiempo de actividad de la se\u00f1al proporcionado por la tecnolog\u00eda est\u00e1ndar StableLoc \u2122.<\/li>\n<li>Salida de velocidad simulada del radar.<\/li>\n<li>Salida de hasta 20 Hz.<\/li>\n<li>Diagn\u00f3sticos de LEDs para la supervisi\u00f3n del sistema de un vistazo.<\/li>\n<li>Los imanes integrados y la placa de montaje incluida con pasadores de fijaci\u00f3n proporcionan un montaje repetible.<\/li>\n<li>Dise\u00f1o sellado, compacto y robusto.<\/li>\n<\/ul>\n<p>&nbsp;<\/p>\n","protected":false},"excerpt":{"rendered":"<p>Los sistemas de receptor GPS Ag Leader ofrecen precisi\u00f3n, repetibilidad y rango y sirven como complemento de las capacidades de gu\u00eda incorporadas de las pantallas Ag Leader y de las opciones de direcci\u00f3n asistida e integrada.<\/p>\n","protected":false},"featured_media":21759,"template":"","meta":{"_exactmetrics_skip_tracking":false,"_exactmetrics_sitenote_active":false,"_exactmetrics_sitenote_note":"","_exactmetrics_sitenote_category":0,"_monsterinsights_skip_tracking":false,"_monsterinsights_sitenote_active":false,"_monsterinsights_sitenote_note":"","_monsterinsights_sitenote_category":0},"product_brand":[],"product_cat":[94,108,68],"product_tag":[],"class_list":{"0":"post-21758","1":"product","2":"type-product","3":"status-publish","4":"has-post-thumbnail","6":"product_cat-agleader","7":"product_cat-agricultura","8":"product_cat-orientacionydireccion","10":"first","11":"instock","12":"shipping-taxable","13":"product-type-simple","14":"col-xxl","15":"col-xl-4","16":"col-lg-6","17":"col-sm-6"},"_links":{"self":[{"href":"https:\/\/kpn.com.uy\/web\/wp-json\/wp\/v2\/product\/21758","targetHints":{"allow":["GET"]}}],"collection":[{"href":"https:\/\/kpn.com.uy\/web\/wp-json\/wp\/v2\/product"}],"about":[{"href":"https:\/\/kpn.com.uy\/web\/wp-json\/wp\/v2\/types\/product"}],"wp:featuredmedia":[{"embeddable":true,"href":"https:\/\/kpn.com.uy\/web\/wp-json\/wp\/v2\/media\/21759"}],"wp:attachment":[{"href":"https:\/\/kpn.com.uy\/web\/wp-json\/wp\/v2\/media?parent=21758"}],"wp:term":[{"taxonomy":"product_brand","embeddable":true,"href":"https:\/\/kpn.com.uy\/web\/wp-json\/wp\/v2\/product_brand?post=21758"},{"taxonomy":"product_cat","embeddable":true,"href":"https:\/\/kpn.com.uy\/web\/wp-json\/wp\/v2\/product_cat?post=21758"},{"taxonomy":"product_tag","embeddable":true,"href":"https:\/\/kpn.com.uy\/web\/wp-json\/wp\/v2\/product_tag?post=21758"}],"curies":[{"name":"wp","href":"https:\/\/api.w.org\/{rel}","templated":true}]}}