{"id":21763,"date":"2017-08-31T12:47:31","date_gmt":"2017-08-31T15:47:31","guid":{"rendered":"https:\/\/kpn.com.uy\/web\/?post_type=product&#038;p=21763"},"modified":"2017-11-03T12:59:20","modified_gmt":"2017-11-03T15:59:20","slug":"steer-command","status":"publish","type":"product","link":"https:\/\/kpn.com.uy\/web\/producto\/steer-command\/","title":{"rendered":"Steer Command"},"content":{"rendered":"<p>Para los productores que buscan una experiencia de direcci\u00f3n integrada, SteerCommand ofrece el mejor desempe\u00f1o de manejo integrado de la clase cuando se combina con el GPS 6500 para una direcci\u00f3n repetible y de precisi\u00f3n mediante correcci\u00f3n RTK.<\/p>\n<ul>\n<li>Acceso a redes CORS y RTK para precisi\u00f3n de sub-pulgadas repetible con GPS 6500 combinado con rel\u00e9.<\/li>\n<li>GPS 6500 con SteerCommand soporta GLIDE, WAAS \/ EGNOS, Terra-Star y RTK.<\/li>\n<li>La Compensaci\u00f3n de Terreno de Nueve Ejes se acomoda para rodadura y conducci\u00f3n a trav\u00e9s de canales, zanjas y terrazas.<\/li>\n<li>La br\u00fajula interna ayuda a mantener un rumbo constante.<\/li>\n<li>El tama\u00f1o compacto del controlador permite una f\u00e1cil transferencia entre m\u00e1quinas y permite una mayor flexibilidad con la instalaci\u00f3n.<\/li>\n<li>M\u00e1xima compatibilidad con kits de instalaci\u00f3n personalizados para m\u00e1s de 600 veh\u00edculos diferentes.<\/li>\n<\/ul>\n","protected":false},"excerpt":{"rendered":"<p>Ag Leader puede revolucionar la forma de cultivar con nuestras tecnolog\u00edas de autosteer.\u00a0Si desea una precisi\u00f3n inferior a la pulgada, un rendimiento de direcci\u00f3n l\u00edder y una configuraci\u00f3n sencilla, obtendr\u00e1 eso y mucho m\u00e1s con el nuevo controlador de direcci\u00f3n automatizado SteerCommand emparejado con GPS 6500.<\/p>\n","protected":false},"featured_media":21764,"template":"","meta":{"_exactmetrics_skip_tracking":false,"_exactmetrics_sitenote_active":false,"_exactmetrics_sitenote_note":"","_exactmetrics_sitenote_category":0,"_monsterinsights_skip_tracking":false,"_monsterinsights_sitenote_active":false,"_monsterinsights_sitenote_note":"","_monsterinsights_sitenote_category":0},"product_brand":[],"product_cat":[94,108,68],"product_tag":[],"class_list":{"0":"post-21763","1":"product","2":"type-product","3":"status-publish","4":"has-post-thumbnail","6":"product_cat-agleader","7":"product_cat-agricultura","8":"product_cat-orientacionydireccion","10":"first","11":"instock","12":"shipping-taxable","13":"product-type-simple","14":"col-xxl","15":"col-xl-4","16":"col-lg-6","17":"col-sm-6"},"_links":{"self":[{"href":"https:\/\/kpn.com.uy\/web\/wp-json\/wp\/v2\/product\/21763","targetHints":{"allow":["GET"]}}],"collection":[{"href":"https:\/\/kpn.com.uy\/web\/wp-json\/wp\/v2\/product"}],"about":[{"href":"https:\/\/kpn.com.uy\/web\/wp-json\/wp\/v2\/types\/product"}],"wp:featuredmedia":[{"embeddable":true,"href":"https:\/\/kpn.com.uy\/web\/wp-json\/wp\/v2\/media\/21764"}],"wp:attachment":[{"href":"https:\/\/kpn.com.uy\/web\/wp-json\/wp\/v2\/media?parent=21763"}],"wp:term":[{"taxonomy":"product_brand","embeddable":true,"href":"https:\/\/kpn.com.uy\/web\/wp-json\/wp\/v2\/product_brand?post=21763"},{"taxonomy":"product_cat","embeddable":true,"href":"https:\/\/kpn.com.uy\/web\/wp-json\/wp\/v2\/product_cat?post=21763"},{"taxonomy":"product_tag","embeddable":true,"href":"https:\/\/kpn.com.uy\/web\/wp-json\/wp\/v2\/product_tag?post=21763"}],"curies":[{"name":"wp","href":"https:\/\/api.w.org\/{rel}","templated":true}]}}