{"id":21819,"date":"2017-09-08T15:39:50","date_gmt":"2017-09-08T18:39:50","guid":{"rendered":"https:\/\/kpn.com.uy\/web\/?post_type=product&#038;p=21819"},"modified":"2017-11-26T14:15:49","modified_gmt":"2017-11-26T17:15:49","slug":"sistemas-de-nivelacion-para-agricultura-de-presicion-con-gps-en-el-tractor","status":"publish","type":"product","link":"https:\/\/kpn.com.uy\/web\/producto\/sistemas-de-nivelacion-para-agricultura-de-presicion-con-gps-en-el-tractor\/","title":{"rendered":"Sistemas de Nivelacion Para Agricultura de Presicion con GPS en el tractor"},"content":{"rendered":"<div class=\"row\">\n<div class=\"col-lg-7 fontOpen justify\">MOBA 3D-matic es el sistema de nivelaci\u00f3n 3D \u00f3ptimo para la aplicaci\u00f3n en niveladoras, bulldozers y traillas. El sistema proporciona resultados exactos y funciona tanto con GNSS como con estaci\u00f3n total TPS. MOBA 3D-matic convence por su sencilla instalaci\u00f3n, facilidad de manejo y una clara representaci\u00f3n de toda la informaci\u00f3n relevante en la pantalla. El software MOBA 3D-matic trabaja con el formato com\u00fan DXF, ya que de esta manera todos los datos se pueden seguir usando de forma inmediata y aplicarse con precisi\u00f3n sobre el terreno. Otra de sus ventajas: Gracias a la estructura modular, el sistema basado en comunicaci\u00f3n CAN es compatible con todos los sistemas de nivelaci\u00f3n de MOBA, lo que permite la ampliaci\u00f3n de 2D a 3D en todo momento. El sistema es f\u00e1cil de montar y puede integrarse con posterioridad en cualquier momento.<\/div>\n<\/div>\n<div class=\"row laTabla fontOpen\">\n<div class=\"col-lg-8\">\n<p><strong>MOBA LASER \u2013 MATIC Y LASER DUAL \u2013 MATIC<\/strong><\/p>\n<p>La preparaci\u00f3n del terreno juega un importante rol en la agricultura. En un cultivo uniforme, las plantas pueden ser plantadas, regadas y fertilizadas. Esos procesos de trabajo eficientes no solo ahorran un tiempo considerable, sino tambi\u00e9n conservan los recursos. A trav\u00e9s de un riego y fertilizaci\u00f3n optimizados, tambi\u00e9n se asegura un crecimiento constante. El agricultor se beneficia as\u00ed de un aumento en el crecimiento de hasta el 25%.<\/p>\n<p>En otros sectores, una nivelaci\u00f3n precisa es importante. En la construcci\u00f3n de carreteras, la desigualdad est\u00e1 obstaculizando un asfaltado uniforme y eficiente y, a su vez, una experiencia de conducci\u00f3n segura. Adem\u00e1s, en la construcci\u00f3n de instalaciones deportivas y aer\u00f3dromos, una superficie plana es esencial.<\/p>\n<p>Con el MOBA Laser \u2013 Matic, las superficies se pueden nivelar con facilidad y precisi\u00f3n. El receptor Laser LS \u2013 3000, que se encuentra en el m\u00e1stil electr\u00f3nico variable ETM \u2013 900, recibe referencias de altura de un transmisor laser estacionario. La medici\u00f3n topogr\u00e1fica exacta y el control hidr\u00e1ulico llevan a cabo el controlador digital laser \u2013 matic. La altura de la cuchilla de arrastre se adapta autom\u00e1ticamente a la informaci\u00f3n recibido en tiempo real.<\/p>\n<p><strong>CONTROL DE MAQUINARIA MOBA 3D \u2013 MOBA MATIC<\/strong><\/p>\n<p>Con el sistema de nivelaci\u00f3n MOBA 3D \u2013 Matic, se logran resultados muy precisos. Este sistema es f\u00e1cil de operar y usar. El proceso de trabajo se acelera, haciendo que el trabajo de topograf\u00eda y las medidas de control manual ya no sean necesarias. Los datos pueden ser enviados directamente desde la oficina al sistema, y \u200b\u200bluego implementados.<\/p>\n<p>&nbsp;<\/p>\n<p>Tiene una pantalla t\u00e1ctil de 7 pulgadas, en donde el conductor ve la posici\u00f3n real y la derivaci\u00f3n al modelo digital. Si no hay datos de proyecto disponibles, tambi\u00e9n se pueden crear perfiles sencillos con el sistema.<\/p>\n<p><strong>Uso con la estaci\u00f3n total:<\/strong>\u00a0es posible un nivelado preciso incluso cuando no hay recepci\u00f3n de sat\u00e9lite (es decir, en t\u00faneles, ya que s\u00f3lo se garantiza contacto visual desde el prisma hasta la estaci\u00f3n total). Con la estaci\u00f3n total, el sistema alcanza la m\u00e1xima precisi\u00f3n en el rango de mil\u00edmetros.<\/p>\n<p><strong>Uso con sensor GNSS<\/strong>: es posible un nivelado preciso incluso sin contacto visual, y en todas las condiciones meteorol\u00f3gicas. No hay restricciones, ya que la m\u00e1quina puede moverse con flexibilidad en terrenos dif\u00edciles.<\/p>\n<p><strong>VIDEO\u00a0<\/strong><\/p>\n<p><iframe src=\"http:\/\/www.youtube.com\/embed\/2HIgA8fR54Y\" width=\"425\" height=\"350\" frameborder=\"0\" data-mce-fragment=\"1\"><\/iframe><\/p>\n<p>&nbsp;<\/p>\n<p><a href=\"https:\/\/kpn.com.uy\/web\/wp-content\/uploads\/2017\/09\/sistema_de_Nivelacion_agricultura.pdf\" target=\"_blank\" rel=\"noopener noreferrer\"><span class=\"btn btn-sm btn-primary\">Descargar PDF<\/span><\/a><\/p>\n<\/div>\n<\/div>\n","protected":false},"excerpt":{"rendered":"<p>MOBA 3D-matic es el sistema de nivelaci\u00f3n 3D \u00f3ptimo para la aplicaci\u00f3n en niveladoras, bulldozers y traillas. El sistema proporciona resultados exactos y funciona tanto con GNSS como con estaci\u00f3n total TPS. MOBA 3D-matic convence por su sencilla instalaci\u00f3n, facilidad de manejo y una clara representaci\u00f3n de toda la informaci\u00f3n relevante en la pantalla. El software MOBA 3D-matic trabaja con el formato com\u00fan DXF, ya que de esta manera todos los datos se pueden seguir usando de forma inmediata y aplicarse con precisi\u00f3n sobre el terreno. Otra de sus ventajas: Gracias a la estructura modular, el sistema basado en comunicaci\u00f3n CAN es compatible con todos los sistemas de nivelaci\u00f3n de MOBA, lo que permite la ampliaci\u00f3n de 2D a 3D en todo momento. El sistema es f\u00e1cil de montar y puede integrarse con posterioridad en cualquier momento.<\/p>\n","protected":false},"featured_media":21820,"template":"","meta":{"_exactmetrics_skip_tracking":false,"_exactmetrics_sitenote_active":false,"_exactmetrics_sitenote_note":"","_exactmetrics_sitenote_category":0,"_monsterinsights_skip_tracking":false,"_monsterinsights_sitenote_active":false,"_monsterinsights_sitenote_note":"","_monsterinsights_sitenote_category":0},"product_brand":[],"product_cat":[108,255,254,257],"product_tag":[],"class_list":{"0":"post-21819","1":"product","2":"type-product","3":"status-publish","4":"has-post-thumbnail","6":"product_cat-agricultura","7":"product_cat-control-de-maquinaria","8":"product_cat-moba-marcas","9":"product_cat-nivelacionautomatizada","11":"first","12":"instock","13":"shipping-taxable","14":"product-type-simple","15":"col-xxl","16":"col-xl-4","17":"col-lg-6","18":"col-sm-6"},"_links":{"self":[{"href":"https:\/\/kpn.com.uy\/web\/wp-json\/wp\/v2\/product\/21819","targetHints":{"allow":["GET"]}}],"collection":[{"href":"https:\/\/kpn.com.uy\/web\/wp-json\/wp\/v2\/product"}],"about":[{"href":"https:\/\/kpn.com.uy\/web\/wp-json\/wp\/v2\/types\/product"}],"wp:featuredmedia":[{"embeddable":true,"href":"https:\/\/kpn.com.uy\/web\/wp-json\/wp\/v2\/media\/21820"}],"wp:attachment":[{"href":"https:\/\/kpn.com.uy\/web\/wp-json\/wp\/v2\/media?parent=21819"}],"wp:term":[{"taxonomy":"product_brand","embeddable":true,"href":"https:\/\/kpn.com.uy\/web\/wp-json\/wp\/v2\/product_brand?post=21819"},{"taxonomy":"product_cat","embeddable":true,"href":"https:\/\/kpn.com.uy\/web\/wp-json\/wp\/v2\/product_cat?post=21819"},{"taxonomy":"product_tag","embeddable":true,"href":"https:\/\/kpn.com.uy\/web\/wp-json\/wp\/v2\/product_tag?post=21819"}],"curies":[{"name":"wp","href":"https:\/\/api.w.org\/{rel}","templated":true}]}}