{"id":21909,"date":"2017-11-02T10:44:16","date_gmt":"2017-11-02T13:44:16","guid":{"rendered":"https:\/\/kpn.com.uy\/web\/?post_type=product&#038;p=21909"},"modified":"2017-11-30T14:27:22","modified_gmt":"2017-11-30T17:27:22","slug":"serie-trupulse-200","status":"publish","type":"product","link":"https:\/\/kpn.com.uy\/web\/producto\/serie-trupulse-200\/","title":{"rendered":"Serie  TruPulse 200"},"content":{"rendered":"<p><strong><u>TruPulse 200 L<\/u><\/strong><\/p>\n<p>El TruPulse 200L es un tel\u00e9metro l\u00e1ser profesional a un buen precio.\u00a0El inclin\u00f3metro incorporado (sensor de inclinaci\u00f3n) permite al usuario medir distancias horizontales a objetivos extremadamente lejanos.\u00a0La \u00f3ptica de ampliaci\u00f3n de 4X hace que esta unidad sea ideal para las mediciones de altura de \u00e1rboles. Se ejecuta en (1) bater\u00eda CR123A.<\/p>\n<p>Las caracter\u00edsticas m\u00e1s destacables de este modelo son:<\/p>\n<ul>\n<li>Navega a trav\u00e9s de los men\u00fas f\u00e1cilmente con iconos gr\u00e1ficos.<\/li>\n<li>Rangos extremadamente lejos sin reflector<\/li>\n<li>Supera y cuesta menos que muchos tel\u00e9metros recreativos<\/li>\n<\/ul>\n<p>&nbsp;<\/p>\n<p><strong><u>TruPulse 200 \/ B<\/u><\/strong><\/p>\n<p>El modelo TruPulse 200 mide distancias y alturas y est\u00e1 disponible en amarillo.\u00a0Viene de serie con un puerto serie, ofrece visualizaci\u00f3n de datos en el alcance con \u00f3ptica de potencia 7x y funciona con 2 pilas AA o 1 bater\u00eda CRV3.<\/p>\n<p>Las caracter\u00edsticas m\u00e1s destacables de este modelo son:<\/p>\n<ul>\n<li>Produce una mejor distancia y precisi\u00f3n de inclinaci\u00f3n.<\/li>\n<li>Aumenta la ampliaci\u00f3n del alcance y el campo de visi\u00f3n.<\/li>\n<li>Transfiere datos a trav\u00e9s del puerto serie y Bluetooth \u00ae (solo en modelo 200 B)<\/li>\n<\/ul>\n<p><strong><u>TruPulse 200 X<\/u><\/strong><\/p>\n<p>Este modelo est\u00e1 disponible en rojo LTI, mide distancias y alturas.\u00a0Viene de serie con un puerto serie, ofrece visualizaci\u00f3n de datos en el alcance con \u00f3ptica de potencia 7x y funciona con 1 bater\u00eda CR123A.<\/p>\n<p>Las caracter\u00edsticas m\u00e1s destacables de este modelo son:<\/p>\n<ul>\n<li>Obtiene mayor distancia y precisi\u00f3n de inclinaci\u00f3n.<\/li>\n<li>Se ajusta a diferentes condiciones de iluminaci\u00f3n utilizando la pantalla LED de enfoque.<\/li>\n<li>Resiste condiciones adversas con una carcasa dura e impermeable.<\/li>\n<\/ul>\n<p>&nbsp;<\/p>\n<p>CONSULTE POR LOS DISTINTOS ACCESORIOS PARA LOS DISTINTOS MODELOS!!<\/p>\n<p><a href=\"https:\/\/kpn.com.uy\/web\/wp-content\/uploads\/2017\/11\/Serie_TruPulse200.pdf\">Descargar PDF<\/a><\/p>\n","protected":false},"excerpt":{"rendered":"<p>El tel\u00e9metro l\u00e1ser TruPulse toma las medidas que necesita en un instante.\u00a0A partir de la distancia, la altura, la l\u00ednea 3D faltante, grado de pendiente 2D, el LTI TruPulse proporciona las soluciones de medici\u00f3n l\u00e1ser para obtener lo que necesita medido hecho de forma r\u00e1pida, f\u00e1cil y segura<\/p>\n<p>Estas poderosas herramientas de medici\u00f3n son mucho m\u00e1s que un simple &#8220;tel\u00e9metro l\u00e1ser&#8221; porque sus capacidades van mucho m\u00e1s all\u00e1 de s\u00f3lo medir un rango. Pueden medir instant\u00e1neamente la distancia de inclinaci\u00f3n, la inclinaci\u00f3n en grados o porcentaje y el acimut\u00a0 (solo para TruPulse 360) as\u00ed como calcular la distancia horizontal y vertical con un solo empuje de un bot\u00f3n.<\/p>\n<p>Todos los modelos TruPulse distinguen el objetivo deseado de las obstrucciones circundantes con los modos: m\u00e1s cercano, m\u00e1s lejano, continuo y de filtro.<\/p>\n","protected":false},"featured_media":21911,"template":"","meta":{"_exactmetrics_skip_tracking":false,"_exactmetrics_sitenote_active":false,"_exactmetrics_sitenote_note":"","_exactmetrics_sitenote_category":0,"_monsterinsights_skip_tracking":false,"_monsterinsights_sitenote_active":false,"_monsterinsights_sitenote_note":"","_monsterinsights_sitenote_category":0},"product_brand":[],"product_cat":[269,78,267,110],"product_tag":[],"class_list":{"0":"post-21909","1":"product","2":"type-product","3":"status-publish","4":"has-post-thumbnail","6":"product_cat-distanciometros-laser","7":"product_cat-distanciometros","8":"product_cat-forestacion","9":"product_cat-mapping-gis","11":"first","12":"instock","13":"shipping-taxable","14":"product-type-simple","15":"col-xxl","16":"col-xl-4","17":"col-lg-6","18":"col-sm-6"},"_links":{"self":[{"href":"https:\/\/kpn.com.uy\/web\/wp-json\/wp\/v2\/product\/21909","targetHints":{"allow":["GET"]}}],"collection":[{"href":"https:\/\/kpn.com.uy\/web\/wp-json\/wp\/v2\/product"}],"about":[{"href":"https:\/\/kpn.com.uy\/web\/wp-json\/wp\/v2\/types\/product"}],"wp:featuredmedia":[{"embeddable":true,"href":"https:\/\/kpn.com.uy\/web\/wp-json\/wp\/v2\/media\/21911"}],"wp:attachment":[{"href":"https:\/\/kpn.com.uy\/web\/wp-json\/wp\/v2\/media?parent=21909"}],"wp:term":[{"taxonomy":"product_brand","embeddable":true,"href":"https:\/\/kpn.com.uy\/web\/wp-json\/wp\/v2\/product_brand?post=21909"},{"taxonomy":"product_cat","embeddable":true,"href":"https:\/\/kpn.com.uy\/web\/wp-json\/wp\/v2\/product_cat?post=21909"},{"taxonomy":"product_tag","embeddable":true,"href":"https:\/\/kpn.com.uy\/web\/wp-json\/wp\/v2\/product_tag?post=21909"}],"curies":[{"name":"wp","href":"https:\/\/api.w.org\/{rel}","templated":true}]}}