{"id":21928,"date":"2017-11-02T15:54:06","date_gmt":"2017-11-02T18:54:06","guid":{"rendered":"https:\/\/kpn.com.uy\/web\/?post_type=product&#038;p=21928"},"modified":"2018-01-26T17:21:03","modified_gmt":"2018-01-26T20:21:03","slug":"lt52","status":"publish","type":"product","link":"https:\/\/kpn.com.uy\/web\/producto\/lt52\/","title":{"rendered":"LT52"},"content":{"rendered":"<p><span class=\"fontstyle0\">-Herramienta vers\u00e1til y multifunci\u00f3n, solo hay\u00a0que instalarla una vez para realizar aplomados,\u00a0nivelaciones y escuadras en toda la zona.<br \/>\n<\/span><span class=\"fontstyle0\">-La autonivelaci\u00f3n autom\u00e1tica garantiza la precisi\u00f3n y\u00a0una r\u00e1pida instalaci\u00f3n<br \/>\n<\/span><span class=\"fontstyle2\">-I<\/span><span class=\"fontstyle0\">ncorpora las cruces y puntos m\u00e1s brillantes del\u00a0sector para facilitar su visualizaci\u00f3n en interiores:\u00a0puntos visibles hasta 60 m.<br \/>\n<\/span><span class=\"fontstyle2\">&#8211;<\/span><span class=\"fontstyle0\">Amplia l\u00ednea horizontal de 210\u00b0 para la intersecci\u00f3n\u00a0de puntos en los lados. El haz vertical de aplomado\u00a0intersecta el punto de aplomado.<br \/>\n<\/span><span class=\"fontstyle2\">&#8211;<\/span><span class=\"fontstyle0\">El punto fjo libera espacio para perfles de suelo,\u00a0sin necesidad de accesorios adicionales.<br \/>\n<\/span><span class=\"fontstyle2\">&#8211;<\/span><span class=\"fontstyle0\">Larga duraci\u00f3n de la bater\u00eda: 56 horas de puntero\u00a0con pilas alcalinas<br \/>\n<\/span><span class=\"fontstyle2\">&#8211;<\/span><span class=\"fontstyle0\">Resistente al agua, el barro y los golpes, soporta ca\u00eddas\u00a0de 1 m sobre hormig\u00f3n&#8230; Grados de protecci\u00f3n iP54<\/span><\/p>\n<p><span class=\"fontstyle0\">Con una sola herramienta podr\u00e1 llevar\u00a0a cabo distintos trabajos: dise\u00f1o de paredes, instalaci\u00f3n\u00a0de techos ac\u00fasticos, transferencia de puntos hacia arriba\u00a0o hacia abajo, colocaci\u00f3n de azulejos en paredes y suelos,\u00a0carpinter\u00eda de acabado y escuadra de 90 grados.<\/span><\/p>\n<p>&nbsp;<\/p>\n<a class=\"maxbutton-1 maxbutton maxbutton-descargarpdf\" target=\"_blank\" rel=\"noopener\" href=\"https:\/\/kpn.com.uy\/web\/wp-content\/uploads\/2017\/11\/Hoja-de-datos_LT52.pdf\"><span class='mb-text'>DESCARGAR PDF<\/span><\/a>\n<p>&nbsp;<\/p>\n<p><iframe width=\"1136\" height=\"639\" src=\"https:\/\/www.youtube.com\/embed\/weTv2c8eJf4?feature=oembed\" frameborder=\"0\" allow=\"autoplay; encrypted-media\" allowfullscreen><\/iframe><\/p>\n","protected":false},"excerpt":{"rendered":"<p>El l\u00e1ser Spectra Precision\u00ae LT52 es una herramienta todoterreno. Con \u00e9l, el contratista ya no tiene que adquirir dos herramientas, ya que combina un puntero l\u00e1ser de 5\u00a0haces y un l\u00e1ser en cruz horizontal y vertical en un solo producto. Esta vers\u00e1til herramienta l\u00e1ser con auto nivelaci\u00f3n autom\u00e1tica puede utilizarse en una amplia variedad de aplicaciones en el sector de la construcci\u00f3n.<\/p>\n<p>&nbsp;<\/p>\n<p>&nbsp;<\/p>\n<p>&nbsp;<\/p>\n","protected":false},"featured_media":21933,"template":"","meta":{"_exactmetrics_skip_tracking":false,"_exactmetrics_sitenote_active":false,"_exactmetrics_sitenote_note":"","_exactmetrics_sitenote_category":0,"_monsterinsights_skip_tracking":false,"_monsterinsights_sitenote_active":false,"_monsterinsights_sitenote_note":"","_monsterinsights_sitenote_category":0},"product_brand":[],"product_cat":[258,84,266,104],"product_tag":[],"class_list":{"0":"post-21928","1":"product","2":"type-product","3":"status-publish","4":"has-post-thumbnail","6":"product_cat-arquitectura","7":"product_cat-nivel-laser-ingenieria","8":"product_cat-nivel-laser","9":"product_cat-spectra","11":"first","12":"instock","13":"shipping-taxable","14":"product-type-simple","15":"col-xxl","16":"col-xl-4","17":"col-lg-6","18":"col-sm-6"},"_links":{"self":[{"href":"https:\/\/kpn.com.uy\/web\/wp-json\/wp\/v2\/product\/21928","targetHints":{"allow":["GET"]}}],"collection":[{"href":"https:\/\/kpn.com.uy\/web\/wp-json\/wp\/v2\/product"}],"about":[{"href":"https:\/\/kpn.com.uy\/web\/wp-json\/wp\/v2\/types\/product"}],"wp:featuredmedia":[{"embeddable":true,"href":"https:\/\/kpn.com.uy\/web\/wp-json\/wp\/v2\/media\/21933"}],"wp:attachment":[{"href":"https:\/\/kpn.com.uy\/web\/wp-json\/wp\/v2\/media?parent=21928"}],"wp:term":[{"taxonomy":"product_brand","embeddable":true,"href":"https:\/\/kpn.com.uy\/web\/wp-json\/wp\/v2\/product_brand?post=21928"},{"taxonomy":"product_cat","embeddable":true,"href":"https:\/\/kpn.com.uy\/web\/wp-json\/wp\/v2\/product_cat?post=21928"},{"taxonomy":"product_tag","embeddable":true,"href":"https:\/\/kpn.com.uy\/web\/wp-json\/wp\/v2\/product_tag?post=21928"}],"curies":[{"name":"wp","href":"https:\/\/api.w.org\/{rel}","templated":true}]}}