{"id":22014,"date":"2017-11-13T17:54:19","date_gmt":"2017-11-13T20:54:19","guid":{"rendered":"https:\/\/kpn.com.uy\/web\/?post_type=product&#038;p=22014"},"modified":"2019-12-06T16:08:04","modified_gmt":"2019-12-06T19:08:04","slug":"supersquare-laser-4","status":"publish","type":"product","link":"https:\/\/kpn.com.uy\/web\/producto\/supersquare-laser-4\/","title":{"rendered":"SuperSquare-Laser 4"},"content":{"rendered":"<p>\u2013\u00a0 Las 4 l\u00edneas l\u00e1ser muy visibles son excelentes para alinear baldosas.<\/p>\n<p>\u2013\u00a0 Las 4 l\u00edneas l\u00e1ser muy visibles son excelentes para alinear baldosas.<\/p>\n<p>\u2013\u00a0 Nivelaci\u00f3n vertical y horizontal en la pared<\/p>\n<p>\u2013\u00a0 Con el borde de apoyo y la superficie de contacto es muy f\u00e1cil alinear las baldosas del suelo.<\/p>\n<p>\u2013\u00a0 \u00d3ptima alineaci\u00f3n tambi\u00e9n en puntos de dif\u00edcil acceso<\/p>\n<p>\u2013\u00a0 F\u00e1cil de utilizar en cualquier superficie, incluso con pins<\/p>\n<p>\u2013\u00a0 Niveles para ajustar el aparato<\/p>\n<p>\u2013\u00a0 Apto como nivel de burbuja l\u00e1ser<\/p>\n<p>\u2013\u00a0 Permite la colocaci\u00f3n sobre planos inclinados<\/p>\n<p>&nbsp;<\/p>\n<a class=\"maxbutton-1 maxbutton maxbutton-descargarpdf\" target=\"_blank\" rel=\"noopener\" href=\"https:\/\/kpn.com.uy\/web\/wp-content\/uploads\/2017\/11\/SuperSquare-Laser_4_ES.pdf\"><span class='mb-text'>DESCARGAR PDF<\/span><\/a>\n","protected":false},"excerpt":{"rendered":"<div class=\"page\" title=\"Page 1\">\n<div class=\"section\">\n<div class=\"layoutArea\">\n<div class=\"column\">\n<p>L\u00e1ser de li\u0301neas de 90o \u2013 Ideal para alicatar paredes y suelos<\/p>\n<\/div>\n<\/div>\n<\/div>\n<\/div>\n","protected":false},"featured_media":22016,"template":"","meta":{"_exactmetrics_skip_tracking":false,"_exactmetrics_sitenote_active":false,"_exactmetrics_sitenote_note":"","_exactmetrics_sitenote_category":0,"_monsterinsights_skip_tracking":false,"_monsterinsights_sitenote_active":false,"_monsterinsights_sitenote_note":"","_monsterinsights_sitenote_category":0},"product_brand":[],"product_cat":[258,106,84,266,323],"product_tag":[],"class_list":{"0":"post-22014","1":"product","2":"type-product","3":"status-publish","4":"has-post-thumbnail","6":"product_cat-arquitectura","7":"product_cat-marcas","8":"product_cat-nivel-laser-ingenieria","9":"product_cat-nivel-laser","10":"product_cat-niveles-laser","12":"first","13":"instock","14":"shipping-taxable","15":"product-type-simple","16":"col-xxl","17":"col-xl-4","18":"col-lg-6","19":"col-sm-6"},"_links":{"self":[{"href":"https:\/\/kpn.com.uy\/web\/wp-json\/wp\/v2\/product\/22014","targetHints":{"allow":["GET"]}}],"collection":[{"href":"https:\/\/kpn.com.uy\/web\/wp-json\/wp\/v2\/product"}],"about":[{"href":"https:\/\/kpn.com.uy\/web\/wp-json\/wp\/v2\/types\/product"}],"wp:featuredmedia":[{"embeddable":true,"href":"https:\/\/kpn.com.uy\/web\/wp-json\/wp\/v2\/media\/22016"}],"wp:attachment":[{"href":"https:\/\/kpn.com.uy\/web\/wp-json\/wp\/v2\/media?parent=22014"}],"wp:term":[{"taxonomy":"product_brand","embeddable":true,"href":"https:\/\/kpn.com.uy\/web\/wp-json\/wp\/v2\/product_brand?post=22014"},{"taxonomy":"product_cat","embeddable":true,"href":"https:\/\/kpn.com.uy\/web\/wp-json\/wp\/v2\/product_cat?post=22014"},{"taxonomy":"product_tag","embeddable":true,"href":"https:\/\/kpn.com.uy\/web\/wp-json\/wp\/v2\/product_tag?post=22014"}],"curies":[{"name":"wp","href":"https:\/\/api.w.org\/{rel}","templated":true}]}}