{"id":22020,"date":"2017-11-13T18:21:39","date_gmt":"2017-11-13T21:21:39","guid":{"rendered":"https:\/\/kpn.com.uy\/web\/?post_type=product&#038;p=22020"},"modified":"2018-01-26T17:21:51","modified_gmt":"2018-01-26T20:21:51","slug":"22020","status":"publish","type":"product","link":"https:\/\/kpn.com.uy\/web\/producto\/22020\/","title":{"rendered":"LP50"},"content":{"rendered":"<p><strong>Caracter\u00edsticas y Ventajas<\/strong><\/p>\n<p>Auto-nivelaci\u00f3n y plomada autom\u00e1ticos aseguran la instalaci\u00f3n r\u00e1pida y precisa<\/p>\n<p>Una persona es suficiente para la instalaci\u00f3n de las paredes, las puertas, la pista de techo y otros elementos elevados sin necesidad de plomada, escuadras o cintas<\/p>\n<p>Una persona es suficiente para el dise\u00f1o de las habitaciones en \u00e1ngulo recto, paredes, baldosas, y accesorios<\/p>\n<p>Resistente al polvo, al agua y a los golpes para una mayor fiabilidad y costos m\u00ednimos de reparaci\u00f3n<\/p>\n<p>Unidad duradera con capa protectora de molde de caucho que soporta una ca\u00edda de hasta 3 pies (1 m) sobre concreto y mantiene todav\u00eda una precisi\u00f3n consistente<\/p>\n<p>Garant\u00eda \u00fanica de intercambio de 3 a\u00f1os que incluye el intercambio gratis durante el primer a\u00f1o<\/p>\n<p>El LP50 se env\u00eda en un estuche r\u00edgido, con los accesorios de montaje y objetivo l\u00e1ser<\/p>\n<p>El LP30 se env\u00eda en un bolso con accesorios de montaje y objetivo l\u00e1ser<\/p>\n<a class=\"maxbutton-1 maxbutton maxbutton-descargarpdf\" target=\"_blank\" rel=\"noopener\" href=\"https:\/\/kpn.com.uy\/web\/wp-content\/uploads\/2017\/11\/Interior-Tools_Brochure_Spanish_lr.pdf\"><span class='mb-text'>DESCARGAR PDF<\/span><\/a>\n","protected":false},"excerpt":{"rendered":"<p>Las herramientas l\u00e1ser de dise\u00f1o LP30 y LP50 de Spectra Precision \u00ae est\u00e1n dise\u00f1adas para manejar una amplia gama de aplicaciones en la construcci\u00f3n de interiores. Estas robustas herramientas l\u00e1seres de dise\u00f1o, ofrecen varias ventajas a los contratistas generales y de interior, electricistas, plomeros y una variedad de comerciantes.<\/p>\n<p>El LP30 proyecta 3 rayos: un rayo arriba, uno abajo y un rayo horizontal<\/p>\n<p>El LP50 proyecta 5 rayos : un rayo arriba, uno abajo y tres rayos horizontales con 90\u00b0 grados entre s\u00ed.<\/p>\n","protected":false},"featured_media":22023,"template":"","meta":{"_exactmetrics_skip_tracking":false,"_exactmetrics_sitenote_active":false,"_exactmetrics_sitenote_note":"","_exactmetrics_sitenote_category":0,"_monsterinsights_skip_tracking":false,"_monsterinsights_sitenote_active":false,"_monsterinsights_sitenote_note":"","_monsterinsights_sitenote_category":0},"product_brand":[],"product_cat":[258,266,84,104],"product_tag":[],"class_list":{"0":"post-22020","1":"product","2":"type-product","3":"status-publish","4":"has-post-thumbnail","6":"product_cat-arquitectura","7":"product_cat-nivel-laser","8":"product_cat-nivel-laser-ingenieria","9":"product_cat-spectra","11":"first","12":"instock","13":"shipping-taxable","14":"product-type-simple","15":"col-xxl","16":"col-xl-4","17":"col-lg-6","18":"col-sm-6"},"_links":{"self":[{"href":"https:\/\/kpn.com.uy\/web\/wp-json\/wp\/v2\/product\/22020","targetHints":{"allow":["GET"]}}],"collection":[{"href":"https:\/\/kpn.com.uy\/web\/wp-json\/wp\/v2\/product"}],"about":[{"href":"https:\/\/kpn.com.uy\/web\/wp-json\/wp\/v2\/types\/product"}],"wp:featuredmedia":[{"embeddable":true,"href":"https:\/\/kpn.com.uy\/web\/wp-json\/wp\/v2\/media\/22023"}],"wp:attachment":[{"href":"https:\/\/kpn.com.uy\/web\/wp-json\/wp\/v2\/media?parent=22020"}],"wp:term":[{"taxonomy":"product_brand","embeddable":true,"href":"https:\/\/kpn.com.uy\/web\/wp-json\/wp\/v2\/product_brand?post=22020"},{"taxonomy":"product_cat","embeddable":true,"href":"https:\/\/kpn.com.uy\/web\/wp-json\/wp\/v2\/product_cat?post=22020"},{"taxonomy":"product_tag","embeddable":true,"href":"https:\/\/kpn.com.uy\/web\/wp-json\/wp\/v2\/product_tag?post=22020"}],"curies":[{"name":"wp","href":"https:\/\/api.w.org\/{rel}","templated":true}]}}