{"id":22042,"date":"2017-11-13T18:57:07","date_gmt":"2017-11-13T21:57:07","guid":{"rendered":"https:\/\/kpn.com.uy\/web\/?post_type=product&#038;p=22042"},"modified":"2017-11-26T12:08:24","modified_gmt":"2017-11-26T15:08:24","slug":"22042","status":"publish","type":"product","link":"https:\/\/kpn.com.uy\/web\/producto\/22042\/","title":{"rendered":"PRIMUS1 HVA"},"content":{"rendered":"<p>El l\u00e1ser rotativo horizontal\/vertical totalmente autom\u00e1tico con funci\u00f3n AutoAlign<br \/>\n<strong>Caracter\u00edsticas:<br \/>\n<\/strong>\u2013 L\u00e1ser rotativo totalmente autom\u00e1tico para la utilizaci\u00f3n horizontal y vertical<br \/>\n\u2013 Funci\u00f3n AutoAlign: alineaci\u00f3n autom\u00e1tica del rayo l\u00e1ser con la marca cero del receptor l\u00e1ser<br \/>\n\u2013 Robusto motor de nivelaci\u00f3n<strong><br \/>\n<\/strong>\u2013 Pantalla grande y clara para visualizar el estado de servicio, la velocidad de rotaci\u00f3n, etc.<strong><br \/>\n<\/strong>\u2013 El control de altura autom\u00e1tico detiene el l\u00e1ser en caso de sacudidas fuertes, evit\u00e1ndose as\u00ed errores de altura<strong><br \/>\n<\/strong>\u2013 Inclinaci\u00f3n manual en dos ejes<strong><br \/>\n<\/strong>\u2013 Funci\u00f3n de escaneo y modo puntual<strong><br \/>\n<\/strong>\u2013 Rayo l\u00e1ser High-Power muy visible (l\u00e1ser clase 3R) para el empleo sin complicaciones en distancias cortas<strong><br \/>\n<\/strong>\u2013 De forma alternativa puede suministrarse con l\u00e1ser clase 2 con Bright Beam TechnologyTM<strong><br \/>\n<\/strong>\u2013 Rayo de plomada hacia arriba<strong><br \/>\n<\/strong>\u2013 Vidrio anti-rotura para protecci\u00f3n del rotor<strong><br \/>\n<\/strong>\u2013 Alta precisi\u00f3n bajo cualquier condici\u00f3n de servicio<strong><br \/>\n<\/strong>\u2013 Telecomando para la comodidad de manejo<\/p>\n<p><strong><br \/>\n<\/strong><strong>\u00d3ptimo para la dura aplicaci\u00f3n en la obra. Perfecto para nivelar en las siguientes<\/strong><strong><br \/>\n<\/strong><strong>aplicaciones:<\/strong><strong><br \/>\n<\/strong>\u2013 Excavaci\u00f3n de obras<strong><br \/>\n<\/strong>\u2013 Cimentado de soleras de hormig\u00f3n o fundamentos<strong><br \/>\n<\/strong>\u2013 Construcci\u00f3n de encofrados<strong><br \/>\n<\/strong>\u2013 Aplicaci\u00f3n para reglones de tendel<strong><br \/>\n<\/strong>\u2013 Trabajos de alba\u00f1iler\u00eda<br \/>\n\u2013 Transmisi\u00f3n del nivel de metro<br \/>\n\u2013 Pavimentaci\u00f3n<br \/>\n\u2013 Construcci\u00f3n de techos<br \/>\n\u2013 Construcci\u00f3n de muros cortina<\/p>\n<p>&nbsp;<\/p>\n<p><strong>Caracter\u00edsticas t\u00e9cnicas:<\/strong><\/p>\n<ul>\n<li>Precisi\u00f3n \u00b1 0,5 mm\/10 m<\/li>\n<li>Rango de autonivelaci\u00f3n \u00b1 5\u00b0 motorizada con control autom\u00e1tico<\/li>\n<li>Funci\u00f3n de inclinaci\u00f3n en dos ejes manual<\/li>\n<li>Rango operativo \u00d8 aprox. 500 m con receptor COMMANDER2 HVA<\/li>\n<li>Rango operativo radio telecomando aprox. 150 m<\/li>\n<li>Rango operativo AutoAlign aprox. 50 m<\/li>\n<li>Velocidad de rotaci\u00f3n 10, 60, 300 y 600 R.P.M.<\/li>\n<li>Angulo de oscilaci\u00f3n 0\u00b0, 5\u00b0, 10\u00b0 y 15\u00b0<\/li>\n<li>Autonom\u00eda aprox. 100 h<\/li>\n<\/ul>\n<a class=\"maxbutton-1 maxbutton maxbutton-descargarpdf\" target=\"_blank\" rel=\"noopener\" href=\"https:\/\/kpn.com.uy\/web\/wp-content\/uploads\/2017\/11\/primus.pdf\"><span class='mb-text'>DESCARGAR PDF<\/span><\/a>\n","protected":false},"excerpt":{"rendered":"<p>Nedo PRIMUS2 es la serie de l\u00e1ser rotativos totalmente autom\u00e1ticos para el profesional. Ideal para nivelar, alinear y controlar la pendiente. Fiable y robusto para la dura aplicaci\u00f3n en la obra. Calidad sin compromisos para profesionales. El diodo l\u00e1ser de alta potencia del l\u00e1ser clase 3R garantiza en todo momento la mejor visibilidad del rayo l\u00e1ser, incluso con condiciones de luz desfavorables. La serie PRIMUS2 es la nueva referencia de los l\u00e1seres rotativos totalmente autom\u00e1ticos.<\/p>\n","protected":false},"featured_media":22044,"template":"","meta":{"_exactmetrics_skip_tracking":false,"_exactmetrics_sitenote_active":false,"_exactmetrics_sitenote_note":"","_exactmetrics_sitenote_category":0,"_monsterinsights_skip_tracking":false,"_monsterinsights_sitenote_active":false,"_monsterinsights_sitenote_note":"","_monsterinsights_sitenote_category":0},"product_brand":[],"product_cat":[99,82,265],"product_tag":[],"class_list":{"0":"post-22042","1":"product","2":"type-product","3":"status-publish","4":"has-post-thumbnail","6":"product_cat-nedo","7":"product_cat-nivellaser","8":"product_cat-nivel-laser-arquitectura","10":"first","11":"instock","12":"shipping-taxable","13":"product-type-simple","14":"col-xxl","15":"col-xl-4","16":"col-lg-6","17":"col-sm-6"},"_links":{"self":[{"href":"https:\/\/kpn.com.uy\/web\/wp-json\/wp\/v2\/product\/22042","targetHints":{"allow":["GET"]}}],"collection":[{"href":"https:\/\/kpn.com.uy\/web\/wp-json\/wp\/v2\/product"}],"about":[{"href":"https:\/\/kpn.com.uy\/web\/wp-json\/wp\/v2\/types\/product"}],"wp:featuredmedia":[{"embeddable":true,"href":"https:\/\/kpn.com.uy\/web\/wp-json\/wp\/v2\/media\/22044"}],"wp:attachment":[{"href":"https:\/\/kpn.com.uy\/web\/wp-json\/wp\/v2\/media?parent=22042"}],"wp:term":[{"taxonomy":"product_brand","embeddable":true,"href":"https:\/\/kpn.com.uy\/web\/wp-json\/wp\/v2\/product_brand?post=22042"},{"taxonomy":"product_cat","embeddable":true,"href":"https:\/\/kpn.com.uy\/web\/wp-json\/wp\/v2\/product_cat?post=22042"},{"taxonomy":"product_tag","embeddable":true,"href":"https:\/\/kpn.com.uy\/web\/wp-json\/wp\/v2\/product_tag?post=22042"}],"curies":[{"name":"wp","href":"https:\/\/api.w.org\/{rel}","templated":true}]}}