{"id":22048,"date":"2017-11-15T12:23:57","date_gmt":"2017-11-15T15:23:57","guid":{"rendered":"https:\/\/kpn.com.uy\/web\/?post_type=product&#038;p=22048"},"modified":"2018-08-22T14:35:19","modified_gmt":"2018-08-22T17:35:19","slug":"catalogo-2017","status":"publish","type":"product","link":"https:\/\/kpn.com.uy\/web\/producto\/catalogo-2017\/","title":{"rendered":"Barrenas"},"content":{"rendered":"<p>Las barrenas Hagl\u00f6f Sweden tienen mangos azules de pl\u00e1stico que facilitan el agarre y\u00a0un bloqueo mec\u00e1nico.\u00a0 Las brocas son de acero endurecido con revestimiento de PTFE de protecci\u00f3n y de reducci\u00f3n de la fricci\u00f3n. Los extractores son de acero inoxidable y est\u00e1n moldeados para extraer testigos de madera con gran facilidad.<\/p>\n","protected":false},"excerpt":{"rendered":"<p>\u2022 Las LONGITUDES de las barrenas Hagl\u00f6f Sweden disponibles van de los 100 mm o 4\u201d a los 1000 mm o 39\u201d.<br \/>\n\u2022 Para una profundidad de penetraci\u00f3n \u00f3ptima, la broca de la barrena deber\u00eda ser aproximadamente de la mitad a tres cuartos del di\u00e1metro del \u00e1rbol.<br \/>\n\u2022 DI\u00c1METROS DE TESTIGO: Los di\u00e1metros de testigo est\u00e1ndar de Hagl\u00f6f son de 4,3 mm o 5,15 mm (0,169\u201d y 0,200\u201d). Est\u00e1n disponibles barrenas de 10 y 12 mm de di\u00e1metro en varias longitudes. Las barrenas de testigo grande se utilizan principalmente para an\u00e1lisis cuantitativos para los que se necesitan muestras de gran tama\u00f1o.<br \/>\n\u2022 ROSCADOS: La mayor\u00eda de las barrenas de Hagl\u00f6f Sweden est\u00e1n disponibles con broca de barrena de 2 o 3 estr\u00edas. Las barrenas de 2 estr\u00edas se recomiendan para la madera dura. Las barrenas de 3 estr\u00edas son las m\u00e1s populares ya que es m\u00e1s f\u00e1cil trabajar con ellas y penetran m\u00e1s r\u00e1pidamente en la madera.<br \/>\n\u2022 Est\u00e1 disponible un revestimiento ESPECIAL para brocas de barrena de longitudes 100 mm\/4\u201d, 150 mm\/6\u201d, 200 mm\/8\u201d y 250 mm\/10\u201d.<br \/>\n\u2022 UNA BARRENA COMPLETA incluye el mango, una broca y un extractor en la longitud y el modelo seleccionados. Las brocas de barrena y los extractores pueden comprarse por separado.<\/p>\n<p>&nbsp;<\/p>\n<p>&nbsp;<\/p>\n","protected":false},"featured_media":22050,"template":"","meta":{"_exactmetrics_skip_tracking":false,"_exactmetrics_sitenote_active":false,"_exactmetrics_sitenote_note":"","_exactmetrics_sitenote_category":0,"_monsterinsights_skip_tracking":false,"_monsterinsights_sitenote_active":false,"_monsterinsights_sitenote_note":"","_monsterinsights_sitenote_category":0},"product_brand":[],"product_cat":[292,267,283,106],"product_tag":[],"class_list":{"0":"post-22048","1":"product","2":"type-product","3":"status-publish","4":"has-post-thumbnail","6":"product_cat-accesorios-para-inventario","7":"product_cat-forestacion","8":"product_cat-haglof","9":"product_cat-marcas","11":"first","12":"instock","13":"shipping-taxable","14":"product-type-simple","15":"col-xxl","16":"col-xl-4","17":"col-lg-6","18":"col-sm-6"},"_links":{"self":[{"href":"https:\/\/kpn.com.uy\/web\/wp-json\/wp\/v2\/product\/22048","targetHints":{"allow":["GET"]}}],"collection":[{"href":"https:\/\/kpn.com.uy\/web\/wp-json\/wp\/v2\/product"}],"about":[{"href":"https:\/\/kpn.com.uy\/web\/wp-json\/wp\/v2\/types\/product"}],"wp:featuredmedia":[{"embeddable":true,"href":"https:\/\/kpn.com.uy\/web\/wp-json\/wp\/v2\/media\/22050"}],"wp:attachment":[{"href":"https:\/\/kpn.com.uy\/web\/wp-json\/wp\/v2\/media?parent=22048"}],"wp:term":[{"taxonomy":"product_brand","embeddable":true,"href":"https:\/\/kpn.com.uy\/web\/wp-json\/wp\/v2\/product_brand?post=22048"},{"taxonomy":"product_cat","embeddable":true,"href":"https:\/\/kpn.com.uy\/web\/wp-json\/wp\/v2\/product_cat?post=22048"},{"taxonomy":"product_tag","embeddable":true,"href":"https:\/\/kpn.com.uy\/web\/wp-json\/wp\/v2\/product_tag?post=22048"}],"curies":[{"name":"wp","href":"https:\/\/api.w.org\/{rel}","templated":true}]}}