{"id":22056,"date":"2017-11-16T15:43:44","date_gmt":"2017-11-16T18:43:44","guid":{"rendered":"https:\/\/kpn.com.uy\/web\/?post_type=product&#038;p=22056"},"modified":"2017-11-16T15:44:35","modified_gmt":"2017-11-16T18:44:35","slug":"22056","status":"publish","type":"product","link":"https:\/\/kpn.com.uy\/web\/producto\/22056\/","title":{"rendered":"SIRIUS HV"},"content":{"rendered":"<p><strong>Caracter\u00edsticas:<\/strong><br \/>\n\u2013 L\u00e1ser horizontal\/vertical totalmente autom\u00e1tico para obras interiores y la utilizaci\u00f3n en el exterior<br \/>\n\u2013 Suministrable con diodo l\u00e1ser de alta potencia (l\u00e1ser clase 3R) para una buena visibilidad del rayo l\u00e1ser o con l\u00e1ser clase 2<br \/>\n\u2013 El control de altura autom\u00e1tico detiene el l\u00e1ser en caso de sacudidas fuertes, evit\u00e1ndose as\u00ed errores de altura<br \/>\n\u2013 Rayo de plomada hacia abajo y hacia arriba<br \/>\n\u2013 Inclinaci\u00f3n manual en dos ejes<br \/>\n\u2013 Funci\u00f3n de escaneo y modo puntual<br \/>\n\u2013 Carcasa robusta y a prueba de chorros de agua conforme a IP 65<br \/>\n\u2013 Protector del rotor de fundici\u00f3n de aluminio bajo presi\u00f3n y vidrio a prueba de rotura<br \/>\n\u2013 Pilas recargables de alto rendimiento NiMH para una duraci\u00f3n prolongada de funcionamiento<br \/>\n\u2013 Telecomando para la comodidad de manejo<\/p>\n<p>&nbsp;<\/p>\n<p><strong>\u00d3ptimo para la dura aplicaci\u00f3n en la obra. Perfecto para nivelar en las siguientes aplicaciones:<\/strong><br \/>\n\u2013 Cimentado de soleras de hormig\u00f3n o fundamentos<br \/>\n\u2013 Transmisi\u00f3n del nivel de metro<br \/>\n\u2013 Construcci\u00f3n de techos, en seco o pavimentos<br \/>\n\u2013 Aplicaci\u00f3n para reglones de tendel<\/p>\n<p>\u2013 Trabajos de nivelaci\u00f3n<br \/>\n\u2013 Escavaci\u00f3n y cimentaci\u00f3n<br \/>\n\u2013 Jardiner\u00eda y arquitectura paisaj\u00edstica<br \/>\n\u2013 Interiorismo<\/p>\n<p>&nbsp;<\/p>\n<p><strong>Caracter\u00edsticas t\u00e9cnicas:<\/strong><br \/>\nPrecisi\u00f3n \u00b1 1 mm\/10 m<br \/>\nRango de autonivelaci\u00f3n \u00b1 5\u00b0 motorizada con control autom\u00e1tico<br \/>\nRango operativo \u00d8 aprox. 300 m con receptor<br \/>\nVelocidad de rotaci\u00f3n 0, 60, 120, 300 y 600 R.P.M.<br \/>\nAngulo de oscilaci\u00f3n 0\u00b0, 6\u00b0, 20\u00b0, 50\u00b0 y 90\u00b0<br \/>\nAutonom\u00eda aprox. 30 h<br \/>\n<a class=\"maxbutton-1 maxbutton maxbutton-descargarpdf\" target=\"_blank\" rel=\"noopener\" href=\"https:\/\/kpn.com.uy\/web\/wp-content\/uploads\/2017\/11\/es_-laser-rotatorio-sirius1.pdf\"><span class='mb-text'>DESCARGAR PDF<\/span><\/a><\/p>\n<p>&nbsp;<\/p>\n","protected":false},"excerpt":{"rendered":"<p>El l\u00e1ser horizontal\/vertical totalmente autom\u00e1tico para profesionales h\u00e1biles.<br \/>\nIdeal para nivelar y alinear &#8211; en obras interiores, la construcci\u00f3n de edificios y las obras p\u00fablicas. SIRIUS1 HV se caracteriza por su funcionalidad \u00f3ptima, un equipamiento completo y una atractiva relaci\u00f3n calidad\/precio.<\/p>\n","protected":false},"featured_media":22058,"template":"","meta":{"_exactmetrics_skip_tracking":false,"_exactmetrics_sitenote_active":false,"_exactmetrics_sitenote_note":"","_exactmetrics_sitenote_category":0,"_monsterinsights_skip_tracking":false,"_monsterinsights_sitenote_active":false,"_monsterinsights_sitenote_note":"","_monsterinsights_sitenote_category":0},"product_brand":[],"product_cat":[258,99,265,107],"product_tag":[],"class_list":{"0":"post-22056","1":"product","2":"type-product","3":"status-publish","4":"has-post-thumbnail","6":"product_cat-arquitectura","7":"product_cat-nedo","8":"product_cat-nivel-laser-arquitectura","9":"product_cat-rubros","11":"first","12":"instock","13":"shipping-taxable","14":"product-type-simple","15":"col-xxl","16":"col-xl-4","17":"col-lg-6","18":"col-sm-6"},"_links":{"self":[{"href":"https:\/\/kpn.com.uy\/web\/wp-json\/wp\/v2\/product\/22056","targetHints":{"allow":["GET"]}}],"collection":[{"href":"https:\/\/kpn.com.uy\/web\/wp-json\/wp\/v2\/product"}],"about":[{"href":"https:\/\/kpn.com.uy\/web\/wp-json\/wp\/v2\/types\/product"}],"wp:featuredmedia":[{"embeddable":true,"href":"https:\/\/kpn.com.uy\/web\/wp-json\/wp\/v2\/media\/22058"}],"wp:attachment":[{"href":"https:\/\/kpn.com.uy\/web\/wp-json\/wp\/v2\/media?parent=22056"}],"wp:term":[{"taxonomy":"product_brand","embeddable":true,"href":"https:\/\/kpn.com.uy\/web\/wp-json\/wp\/v2\/product_brand?post=22056"},{"taxonomy":"product_cat","embeddable":true,"href":"https:\/\/kpn.com.uy\/web\/wp-json\/wp\/v2\/product_cat?post=22056"},{"taxonomy":"product_tag","embeddable":true,"href":"https:\/\/kpn.com.uy\/web\/wp-json\/wp\/v2\/product_tag?post=22056"}],"curies":[{"name":"wp","href":"https:\/\/api.w.org\/{rel}","templated":true}]}}