{"id":22067,"date":"2017-11-16T16:23:21","date_gmt":"2017-11-16T19:23:21","guid":{"rendered":"https:\/\/kpn.com.uy\/web\/?post_type=product&#038;p=22067"},"modified":"2018-11-23T17:23:52","modified_gmt":"2018-11-23T20:23:52","slug":"gl422n","status":"publish","type":"product","link":"https:\/\/kpn.com.uy\/web\/producto\/gl422n\/","title":{"rendered":"GL422N"},"content":{"rendered":"<p>El l\u00e1ser de pendiente doble autonivelante Spectra Precision\u00ae GL422N es el l\u00e1ser m\u00e1s robusto y econ\u00f3mico capaz de realizar tres tareas: nivelaci\u00f3n, pendiente y alineaci\u00f3n vertical. El GL422N ofrece un rendimiento preciso y fiable hasta en las condiciones m\u00e1s adversas, por lo que permite trabajar con m\u00e1s rapidez y eficacia.<\/p>\n<p>El robusto l\u00e1ser GL422N soporta ca\u00eddas de hasta 1\u00a0m sobre hormig\u00f3n y vuelcos del tr\u00edpode de hasta 1,5\u00a0m. Esta estabilidad, combinada con su total resistencia al agua y al polvo, reduce los tiempos de inactividad y los costes de reparaci\u00f3n a lo largo de la vida \u00fatil del producto.<\/p>\n<p>Ahora, los sistemas l\u00e1ser GL412N y GL422N incluyen el avanzado receptor HL760 de lectura digital que proporciona ajuste de pendiente autom\u00e1tico, PlaneLok y funci\u00f3n de identificaci\u00f3n.<\/p>\n<p>El ajuste de pendiente mide y muestra la pendiente existente sobre un terreno desconocido. Por consiguiente, elimina los c\u00e1lculos, reduce los errores posibles y agiliza el proceso.<br \/>\nPlaneLok se conecta autom\u00e1ticamente a una elevaci\u00f3n horizontal existente o a un punto de alineaci\u00f3n vertical y elimina todas las desviaciones y errores posibles debidos a una calibraci\u00f3n incorrecta o a las condiciones meteorol\u00f3gicas.<\/p>\n<p>La singular funci\u00f3n de identificaci\u00f3n (Fingerprint) solo acepta el rayo procedente del l\u00e1ser al que est\u00e1 acoplado.<\/p>\n<p>Tambi\u00e9n se puede utilizar el receptor CR600 cuando se necesite elevar la pantalla instalada en una m\u00e1quina.<\/p>\n<p><iframe width=\"1136\" height=\"639\" src=\"https:\/\/www.youtube.com\/embed\/QmYXCVjboZo?feature=oembed\" frameborder=\"0\" allow=\"accelerometer; autoplay; encrypted-media; gyroscope; picture-in-picture\" allowfullscreen><\/iframe><\/p>\n<a class=\"maxbutton-1 maxbutton maxbutton-descargarpdf\" target=\"_blank\" rel=\"noopener\" href=\"https:\/\/www.spectralasers.com\/media\/custom\/upload\/File-1426196012.pdf\"><span class='mb-text'>DESCARGAR PDF<\/span><\/a>\n<p>&nbsp;<\/p>\n","protected":false},"excerpt":{"rendered":"<ul>\n<li>La interfaz de usuario con men\u00fas reduce el tiempo de aprendizaje y elimina la pulsaci\u00f3n de complejos botones para activar las opciones avanzadas.<\/li>\n<li>El mando a distancia por radiocontrol RC402N permite controlar todas las funciones del l\u00e1ser desde una distancia de 100 m.<\/li>\n<li>\u00d3ptimo rendimiento en lugares de trabajo con lluvia, polvo y otras dificultades: clasificaci\u00f3n medioambiental IP66.<\/li>\n<li>Su dise\u00f1o duradero reduce los tiempos de parada por ca\u00eddas o vuelcos del tr\u00edpode.<\/li>\n<li>El ajuste de pendiente autom\u00e1tico elimina los c\u00e1lculos, lo que reduce los errores posibles y agiliza el proceso.<\/li>\n<li>El modo de m\u00e1scara elimina las interferencias con otras cuadrillas en el lugar de trabajo<\/li>\n<li>Incluye un receptor CR600 o HL760, que permite elegir la opci\u00f3n m\u00e1s adecuada para cada aplicaci\u00f3n.<\/li>\n<\/ul>\n","protected":false},"featured_media":22068,"template":"","meta":{"_exactmetrics_skip_tracking":false,"_exactmetrics_sitenote_active":false,"_exactmetrics_sitenote_note":"","_exactmetrics_sitenote_category":0,"_monsterinsights_skip_tracking":false,"_monsterinsights_sitenote_active":false,"_monsterinsights_sitenote_note":"","_monsterinsights_sitenote_category":0},"product_brand":[],"product_cat":[258,265,107,104],"product_tag":[],"class_list":{"0":"post-22067","1":"product","2":"type-product","3":"status-publish","4":"has-post-thumbnail","6":"product_cat-arquitectura","7":"product_cat-nivel-laser-arquitectura","8":"product_cat-rubros","9":"product_cat-spectra","11":"first","12":"instock","13":"shipping-taxable","14":"product-type-simple","15":"col-xxl","16":"col-xl-4","17":"col-lg-6","18":"col-sm-6"},"_links":{"self":[{"href":"https:\/\/kpn.com.uy\/web\/wp-json\/wp\/v2\/product\/22067","targetHints":{"allow":["GET"]}}],"collection":[{"href":"https:\/\/kpn.com.uy\/web\/wp-json\/wp\/v2\/product"}],"about":[{"href":"https:\/\/kpn.com.uy\/web\/wp-json\/wp\/v2\/types\/product"}],"wp:featuredmedia":[{"embeddable":true,"href":"https:\/\/kpn.com.uy\/web\/wp-json\/wp\/v2\/media\/22068"}],"wp:attachment":[{"href":"https:\/\/kpn.com.uy\/web\/wp-json\/wp\/v2\/media?parent=22067"}],"wp:term":[{"taxonomy":"product_brand","embeddable":true,"href":"https:\/\/kpn.com.uy\/web\/wp-json\/wp\/v2\/product_brand?post=22067"},{"taxonomy":"product_cat","embeddable":true,"href":"https:\/\/kpn.com.uy\/web\/wp-json\/wp\/v2\/product_cat?post=22067"},{"taxonomy":"product_tag","embeddable":true,"href":"https:\/\/kpn.com.uy\/web\/wp-json\/wp\/v2\/product_tag?post=22067"}],"curies":[{"name":"wp","href":"https:\/\/api.w.org\/{rel}","templated":true}]}}