{"id":22076,"date":"2017-11-16T16:27:42","date_gmt":"2017-11-16T19:27:42","guid":{"rendered":"https:\/\/kpn.com.uy\/web\/?post_type=product&#038;p=22076"},"modified":"2026-03-05T14:51:20","modified_gmt":"2026-03-05T17:51:20","slug":"hv101","status":"publish","type":"product","link":"https:\/\/kpn.com.uy\/web\/producto\/hv101\/","title":{"rendered":"HV101"},"content":{"rendered":"<p>El l\u00e1ser de transmisi\u00f3n HV101 env\u00eda una referencia l\u00e1ser continua y auto nivelada de 360 grados sobre\u00a0toda su \u00e1rea de trabajo. \u00a0Los controles sencillos permiten a los\u00a0operadores realizar varias funciones mediante comandos de \u201cuna sola pulsaci\u00f3n\u201d. El control remoto\u00a0ofrece las funciones de escaneado, control de velocidad, configuraciones de pendiente y control de\u00a0alineaci\u00f3n e instalaciones r\u00e1pidas por parte de una sola persona.<\/p>\n<p>Aplicaciones<br \/>\nInterior<br \/>\n\u25a0 Instalaciones ac\u00fasticas de techo<br \/>\n\u25a0 Instalaci\u00f3n de mamposter\u00eda<br \/>\n\u25a0 Escuadra\/plano<br \/>\n\u25a0 Trabajos de acabado de\u00a0interiores<br \/>\n\u25a0 Remodelaci\u00f3n<\/p>\n<p>Construcci\u00f3n general<br \/>\n\u25a0 Construcciones residenciales<br \/>\n\u25a0 Construcci\u00f3n de luminosidad\u00a0comercial<br \/>\n\u25a0 Nivelaci\u00f3n<br \/>\n\u25a0 Alineaci\u00f3n vertical<br \/>\n\u25a0 Plomada<\/p>\n<p>Versatilidad en Aplicaciones de Construcci\u00f3n General y de Interiores\u00a0HV101<br \/>\n\u25a0 Aplicaciones horizontales y verticales vers\u00e1tiles<br \/>\n\u25a0 Autonivelaci\u00f3n autom\u00e1tica<br \/>\n\u25a0 Precisi\u00f3n de 1\/8 pulgadas @ 100 pies (3mm @ 30 m)<br \/>\n\u25a0 Versatilidad Interior y Exterior<br \/>\n\u25a0 Manejo intuitivo de un solo toque<br \/>\n\u25a0 M\u00faltiples \u00e1ngulos de detecci\u00f3n y velocidades\u00a0de rotaci\u00f3n<br \/>\n\u25a0 Soporte vertical integrado<br \/>\n\u25a0 Kit completo disponible que cabe en un solo\u00a0estuche con tr\u00edpode y barra de nivel<br \/>\n\u25a0 Especialmente duradero y portatil<br \/>\n\u25a0 2 a\u00f1os de garant\u00eda<\/p>\n<p>Aplicaciones en interior con control remoto RC601<br \/>\n\u25a0 Foco laser brillante<br \/>\n\u25a0 Cuatro velocidades de rotaci\u00f3n preestablecidas<br \/>\n\u25a0 Cinco \u00e1ngulos de digitalizaci\u00f3n predeterminadas<br \/>\n\u25a0 Modo de pendiente de un solo eje\u00a0Aplicaciones en exterior con receptor HR320<br \/>\n\u25a0 Rango de trabajo de 1.150 pies (350 m) de\u00a0di\u00e1metro<br \/>\n\u25a0 Autonivelante electr\u00f3nico con advertencia de\u00a0desniveles<br \/>\n\u25a0 Kit completo con tr\u00edpode y una barra de nivel\u00a0en un estuche de transporte<br \/>\n\u25a0 Robusto receptor impermeable con abrazadera\u00a0Caracter\u00edsticas Principales<br \/>\n\u25a0 Versatilidad l\u00e1ser para aplicaciones horizontales y verticales; lugares de trabajo en interiores y exteriores<br \/>\n\u25a0 Kit de Contratista General disponible con todos los componentes interiores y exteriores<br \/>\n\u25a0 Estuche de transporte sujeta con total seguridad todos los componentes, el tr\u00edpode y la barra de nivel<br \/>\n\u25a0 Construcci\u00f3n de gran durabilidad, permite al HV101 resistir ca\u00eddas de hasta 3 pies (1 m) sobre\u00a0hormig\u00f3n<\/p>\n<p>&nbsp;<\/p>\n<p>&nbsp;<\/p>\n","protected":false},"excerpt":{"rendered":"[maxbutton id=\"1\" url=\"https:\/\/drive.google.com\/file\/d\/1KxEphCSolzAth6Xp3PAHR8Z4B2_cGDQT\/view?usp=sharing\" text=\"DESCARGAR PDF\" window=\"new\" ]\n<p>El autom\u00e1tico l\u00e1ser HV101 autonivelante de Spectra Precision \u00ae es una herramienta profesional capaz de manejar una amplia variedad de aplicaciones\u00a0 horizontales, verticales, y de plomada. Es lo suficientemente resistente para el lugar de trabajo m\u00e1s duro y est\u00e1 dise\u00f1ado para soportar\u00a0 una ca\u00edda de 3 pies (1 m) sobre concreto. Garant\u00eda: 2 a\u00f1os<\/p>\n<ul>\n<li>Auto-nivelaci\u00f3n autom\u00e1tica que aumenta la productividad gracias a configuraciones r\u00e1pidas y una capacitaci\u00f3n m\u00ednima<\/li>\n<li>El Laser es f\u00e1cilmente visible incluso en condiciones de mucha luz<\/li>\n<li>De construcci\u00f3n robusta, puede soportar duras condiciones del sitio de trabajo.<\/li>\n<li>El rayo dividido permite la transferencia de punto de plomada y el plano de 90 \u00b0 grados<\/li>\n<li>Control remoto que ofrece escaneo, control de velocidad, ajuste de pendiente y control de alineaci\u00f3n para configuraciones r\u00e1pidas hechas por una sola persona<\/li>\n<li>La garant\u00eda de 2 a\u00f1os<\/li>\n<\/ul>\n","protected":false},"featured_media":22074,"template":"","meta":{"_exactmetrics_skip_tracking":false,"_exactmetrics_sitenote_active":false,"_exactmetrics_sitenote_note":"","_exactmetrics_sitenote_category":0,"_monsterinsights_skip_tracking":false,"_monsterinsights_sitenote_active":false,"_monsterinsights_sitenote_note":"","_monsterinsights_sitenote_category":0},"product_brand":[],"product_cat":[258,265,107,104],"product_tag":[],"class_list":{"0":"post-22076","1":"product","2":"type-product","3":"status-publish","4":"has-post-thumbnail","6":"product_cat-arquitectura","7":"product_cat-nivel-laser-arquitectura","8":"product_cat-rubros","9":"product_cat-spectra","11":"first","12":"instock","13":"shipping-taxable","14":"product-type-simple","15":"col-xxl","16":"col-xl-4","17":"col-lg-6","18":"col-sm-6"},"_links":{"self":[{"href":"https:\/\/kpn.com.uy\/web\/wp-json\/wp\/v2\/product\/22076","targetHints":{"allow":["GET"]}}],"collection":[{"href":"https:\/\/kpn.com.uy\/web\/wp-json\/wp\/v2\/product"}],"about":[{"href":"https:\/\/kpn.com.uy\/web\/wp-json\/wp\/v2\/types\/product"}],"wp:featuredmedia":[{"embeddable":true,"href":"https:\/\/kpn.com.uy\/web\/wp-json\/wp\/v2\/media\/22074"}],"wp:attachment":[{"href":"https:\/\/kpn.com.uy\/web\/wp-json\/wp\/v2\/media?parent=22076"}],"wp:term":[{"taxonomy":"product_brand","embeddable":true,"href":"https:\/\/kpn.com.uy\/web\/wp-json\/wp\/v2\/product_brand?post=22076"},{"taxonomy":"product_cat","embeddable":true,"href":"https:\/\/kpn.com.uy\/web\/wp-json\/wp\/v2\/product_cat?post=22076"},{"taxonomy":"product_tag","embeddable":true,"href":"https:\/\/kpn.com.uy\/web\/wp-json\/wp\/v2\/product_tag?post=22076"}],"curies":[{"name":"wp","href":"https:\/\/api.w.org\/{rel}","templated":true}]}}