{"id":22077,"date":"2017-11-16T17:09:09","date_gmt":"2017-11-16T20:09:09","guid":{"rendered":"https:\/\/kpn.com.uy\/web\/?post_type=product&#038;p=22077"},"modified":"2018-11-23T17:16:41","modified_gmt":"2018-11-23T20:16:41","slug":"hv302","status":"publish","type":"product","link":"https:\/\/kpn.com.uy\/web\/producto\/hv302\/","title":{"rendered":"HV302"},"content":{"rendered":"<p>Ya sea para trabajos de interior o exterior, el l\u00e1ser vertical y horizontal autonivelante y autom\u00e1tico Spectra Precision\u00ae HV302 es el l\u00e1ser m\u00e1s resistente del mercado y puede utilizarse en una amplia variedad de aplicaciones horizontales, verticales y a plomo. El rayo dividido permite transferir puntos de plomada y realizar trazados a 90\u00b0. Incluso en interiores muy iluminados, el rayo de alta visibilidad del HV302 ofrece un rendimiento preciso y fiable hasta en las condiciones m\u00e1s adversas, por lo que permite trabajar con m\u00e1s rapidez y eficacia.<\/p>\n<p>El robusto l\u00e1ser HV302 soporta ca\u00eddas de hasta 1\u00a0m sobre hormig\u00f3n y vuelcos del tr\u00edpode de hasta 1,5\u00a0m. Esta estabilidad, combinada con su total resistencia al agua y al polvo, reduce los tiempos de inactividad y los costes de reparaci\u00f3n a lo largo de la vida \u00fatil del producto.<\/p>\n<p>Combina el HV302 con el avanzado receptor HL760 de lectura digital para proporcionar ajuste de pendiente, PlaneLok y funci\u00f3n de identificaci\u00f3n.<br \/>\nEl ajuste de pendiente conecta diferentes elevaciones y establece una referencia de inclinaci\u00f3n sobre un terreno desconocido. Por tanto, agiliza el proceso al eliminar el ajuste de inclinaci\u00f3n manual.<br \/>\nPlaneLok se conecta autom\u00e1ticamente a una elevaci\u00f3n horizontal existente u ofrece una r\u00e1pida alineaci\u00f3n vertical autom\u00e1tica y elimina todas las desviaciones y errores posibles debidos a una calibraci\u00f3n incorrecta o a las condiciones meteorol\u00f3gicas.<br \/>\nLa singular funci\u00f3n de identificaci\u00f3n (Fingerprint) solo acepta el rayo procedente del l\u00e1ser al que est\u00e1 acoplado.<\/p>\n<p>&nbsp;<\/p>\n<p><iframe width=\"1136\" height=\"639\" src=\"https:\/\/www.youtube.com\/embed\/6zLB5Wdf7lE?feature=oembed\" frameborder=\"0\" allow=\"accelerometer; autoplay; encrypted-media; gyroscope; picture-in-picture\" allowfullscreen><\/iframe><\/p>\n<a class=\"maxbutton-1 maxbutton maxbutton-descargarpdf\" target=\"_blank\" rel=\"noopener\" href=\"https:\/\/www.spectralasers.com\/media\/custom\/upload\/File-1530715171.pdf\"><span class='mb-text'>DESCARGAR PDF<\/span><\/a>\n","protected":false},"excerpt":{"rendered":"<ul>\n<li>Aumenta la productividad gracias a su r\u00e1pida configuraci\u00f3n, menor n\u00famero de piezas mec\u00e1nicas y autonivelaci\u00f3n autom\u00e1tica.<\/li>\n<li>Ofrece escaneo de l\u00edneas y rayo a plomo para paredes de yeso.<\/li>\n<li>Mando giratorio para una configuraci\u00f3n de plomada vertical sencilla y precisa.<\/li>\n<li>La velocidad de giro ajustable y el tama\u00f1o de las l\u00edneas de escaneo preconfiguradas se adaptan a todo tipo de aplicaciones de interior.<\/li>\n<li>\u00d3ptimo rendimiento en lugares de trabajo con lluvia, polvo y otras dificultades: clasificaci\u00f3n medioambiental IP66.<\/li>\n<li>Minimiza los costes de consumo y aumenta la fiabilidad con la opci\u00f3n entre pilas recargables o alcalinas.<\/li>\n<li>Aumenta la flexibilidad con un mando a distancia por radio de largo alcance opcional.<\/li>\n<li>Incluye receptores HR150, HL450 o HL760 para poder elegir la opci\u00f3n m\u00e1s adecuada para cada aplicaci\u00f3n.<\/li>\n<li>Existen diferentes kits dependiendo de la aplicaci\u00f3n.<\/li>\n<\/ul>\n<p>&nbsp;<\/p>\n<p>&nbsp;<\/p>\n","protected":false},"featured_media":22081,"template":"","meta":{"_exactmetrics_skip_tracking":false,"_exactmetrics_sitenote_active":false,"_exactmetrics_sitenote_note":"","_exactmetrics_sitenote_category":0,"_monsterinsights_skip_tracking":false,"_monsterinsights_sitenote_active":false,"_monsterinsights_sitenote_note":"","_monsterinsights_sitenote_category":0},"product_brand":[],"product_cat":[258,265,107,104],"product_tag":[],"class_list":{"0":"post-22077","1":"product","2":"type-product","3":"status-publish","4":"has-post-thumbnail","6":"product_cat-arquitectura","7":"product_cat-nivel-laser-arquitectura","8":"product_cat-rubros","9":"product_cat-spectra","11":"first","12":"instock","13":"shipping-taxable","14":"product-type-simple","15":"col-xxl","16":"col-xl-4","17":"col-lg-6","18":"col-sm-6"},"_links":{"self":[{"href":"https:\/\/kpn.com.uy\/web\/wp-json\/wp\/v2\/product\/22077","targetHints":{"allow":["GET"]}}],"collection":[{"href":"https:\/\/kpn.com.uy\/web\/wp-json\/wp\/v2\/product"}],"about":[{"href":"https:\/\/kpn.com.uy\/web\/wp-json\/wp\/v2\/types\/product"}],"wp:featuredmedia":[{"embeddable":true,"href":"https:\/\/kpn.com.uy\/web\/wp-json\/wp\/v2\/media\/22081"}],"wp:attachment":[{"href":"https:\/\/kpn.com.uy\/web\/wp-json\/wp\/v2\/media?parent=22077"}],"wp:term":[{"taxonomy":"product_brand","embeddable":true,"href":"https:\/\/kpn.com.uy\/web\/wp-json\/wp\/v2\/product_brand?post=22077"},{"taxonomy":"product_cat","embeddable":true,"href":"https:\/\/kpn.com.uy\/web\/wp-json\/wp\/v2\/product_cat?post=22077"},{"taxonomy":"product_tag","embeddable":true,"href":"https:\/\/kpn.com.uy\/web\/wp-json\/wp\/v2\/product_tag?post=22077"}],"curies":[{"name":"wp","href":"https:\/\/api.w.org\/{rel}","templated":true}]}}