{"id":22086,"date":"2017-11-16T17:44:41","date_gmt":"2017-11-16T20:44:41","guid":{"rendered":"https:\/\/kpn.com.uy\/web\/?post_type=product&#038;p=22086"},"modified":"2017-11-16T17:44:41","modified_gmt":"2017-11-16T20:44:41","slug":"ll-300n","status":"publish","type":"product","link":"https:\/\/kpn.com.uy\/web\/producto\/ll-300n\/","title":{"rendered":"LL 300N"},"content":{"rendered":"<p>El LL300N es completamente autom\u00e1tico, su capacidad de auto-nivelaci\u00f3n proporciona una configuraci\u00f3n r\u00e1pida y precisa. El paquete recargable de bater\u00eda Ni-Cad o pilas alcalinas mantiene la unidad de trabajo activo aunque falle el suministro de energ\u00eda. En modo de inclinaci\u00f3n manual sobre ejes cruzados con auto nivelaci\u00f3n sobre dichos ejes, permite la igualaci\u00f3n de la pendiente para el trabajo b\u00e1sico de la inclinaci\u00f3n, manteniendo la precisi\u00f3n en la inclinaci\u00f3n transversal.<\/p>\n<p>&nbsp;<\/p>\n<p><strong>Caracter\u00edsticas y ventajas<\/strong><\/p>\n<ul>\n<li>Aumenta la productividad con configuraciones r\u00e1pidas, menos piezas mec\u00e1nicas y auto nivelaci\u00f3n autom\u00e1tica<\/li>\n<li>Mantiene el rendimiento incluso en la lluvia, el polvo y otras condiciones meteorol\u00f3gicas dif\u00edciles en el lugar de trabajo<\/li>\n<li>Dise\u00f1o duradero que reduce el tiempo de inactividad debido a las ca\u00eddas y vuelcos del tr\u00edpode<\/li>\n<li>Disminuye los costos de energ\u00eda, aumenta la fiabilidad con la opci\u00f3n de las bater\u00edas recargables o alcalinas<\/li>\n<li>Aumenta la flexibilidad con la opci\u00f3n de inclinaci\u00f3n del mando a distancia<\/li>\n<li>Viene con la opci\u00f3n de los receptores HL450 o el CR600 para que Ud. pueda elegir la opci\u00f3n que m\u00e1s le convenga para su aplicaci\u00f3n<\/li>\n<\/ul>\n<a class=\"maxbutton-1 maxbutton maxbutton-descargarpdf\" target=\"_blank\" rel=\"noopener\" href=\"https:\/\/kpn.com.uy\/web\/wp-content\/uploads\/2017\/11\/File-1460622888.pdf\"><span class='mb-text'>DESCARGAR PDF<\/span><\/a>\n","protected":false},"excerpt":{"rendered":"<p>La soluci\u00f3n para nivelaci\u00f3n de medio alcance altamente precisa<\/p>\n<p>&nbsp;<\/p>\n<p>El l\u00e1ser de nivel LL300N de\u00a0 Spectra Precision \u00ae cuenta con un dise\u00f1o robusto con &#8220;casco duro&#8221; de protecci\u00f3n de rotor que proporciona una protecci\u00f3n superior contra las ca\u00eddas y el mal tiempo. Construido para soportar severas ca\u00eddas de hasta 3 pies (1 m) directamente sobre el concreto, o hasta 5 pies (1,5 m) cuando se cae estando sobre un tr\u00edpode, esto supone menos tiempo de inactividad y menor costo debido a los da\u00f1os causados por ca\u00eddas accidentales o volcamientos&#8230;. y reduce los costos de reparaci\u00f3n durante la vida \u00fatil del producto.<\/p>\n","protected":false},"featured_media":22091,"template":"","meta":{"_exactmetrics_skip_tracking":false,"_exactmetrics_sitenote_active":false,"_exactmetrics_sitenote_note":"","_exactmetrics_sitenote_category":0,"_monsterinsights_skip_tracking":false,"_monsterinsights_sitenote_active":false,"_monsterinsights_sitenote_note":"","_monsterinsights_sitenote_category":0},"product_brand":[],"product_cat":[258,265,104],"product_tag":[],"class_list":{"0":"post-22086","1":"product","2":"type-product","3":"status-publish","4":"has-post-thumbnail","6":"product_cat-arquitectura","7":"product_cat-nivel-laser-arquitectura","8":"product_cat-spectra","10":"first","11":"instock","12":"shipping-taxable","13":"product-type-simple","14":"col-xxl","15":"col-xl-4","16":"col-lg-6","17":"col-sm-6"},"_links":{"self":[{"href":"https:\/\/kpn.com.uy\/web\/wp-json\/wp\/v2\/product\/22086","targetHints":{"allow":["GET"]}}],"collection":[{"href":"https:\/\/kpn.com.uy\/web\/wp-json\/wp\/v2\/product"}],"about":[{"href":"https:\/\/kpn.com.uy\/web\/wp-json\/wp\/v2\/types\/product"}],"wp:featuredmedia":[{"embeddable":true,"href":"https:\/\/kpn.com.uy\/web\/wp-json\/wp\/v2\/media\/22091"}],"wp:attachment":[{"href":"https:\/\/kpn.com.uy\/web\/wp-json\/wp\/v2\/media?parent=22086"}],"wp:term":[{"taxonomy":"product_brand","embeddable":true,"href":"https:\/\/kpn.com.uy\/web\/wp-json\/wp\/v2\/product_brand?post=22086"},{"taxonomy":"product_cat","embeddable":true,"href":"https:\/\/kpn.com.uy\/web\/wp-json\/wp\/v2\/product_cat?post=22086"},{"taxonomy":"product_tag","embeddable":true,"href":"https:\/\/kpn.com.uy\/web\/wp-json\/wp\/v2\/product_tag?post=22086"}],"curies":[{"name":"wp","href":"https:\/\/api.w.org\/{rel}","templated":true}]}}