{"id":22110,"date":"2017-10-20T09:50:52","date_gmt":"2017-10-20T12:50:52","guid":{"rendered":"https:\/\/kpn.com.uy\/web\/?post_type=product&#038;p=22110"},"modified":"2017-12-01T12:28:16","modified_gmt":"2017-12-01T15:28:16","slug":"mx7","status":"publish","type":"product","link":"https:\/\/kpn.com.uy\/web\/producto\/mx7\/","title":{"rendered":"MX7"},"content":{"rendered":"<p><iframe width=\"1136\" height=\"639\" src=\"https:\/\/www.youtube.com\/embed\/sqSQc2wCIqc?feature=oembed\" frameborder=\"0\" gesture=\"media\" allow=\"encrypted-media\" allowfullscreen><\/iframe><\/p>\n","protected":false},"excerpt":{"rendered":"<p>El sistema m\u00f3vil para la adquisici\u00f3n de im\u00e1genes Trimble\u00ae MX7 Mobile Imaging con tecnolog\u00eda VISION\u2122 es un sistema fotogram\u00e9trico que montado en un veh\u00edculo facilita la captura de informaci\u00f3n de infraestructuras de carreteras y de obras de forma r\u00e1pida y completa. Reduzca dr\u00e1sticamente el tiempo de campo de un proyecto tomando im\u00e1genes georreferenciadas de 360 grados de 30 MP a la velocidad de desplazamiento en autopista. Luego en la oficina, utilice el software Trimble Trident\u2122 para extraer y analizar los datos recopilados. El Trimble MX7 es la soluci\u00f3n ideal para las organizaciones que quieren entrar en el mundo de la fotogrametr\u00eda m\u00f3vil con una inversi\u00f3n menor.<\/p>\n<ul>\n<li>Seis c\u00e1maras de 5 megap\u00edxeles proporcionan una r\u00e1pida documentaci\u00f3n con im\u00e1genes georreferenciadas de 360 grados.<\/li>\n<li>Posicionamiento de precisi\u00f3n utilizando GNSS y sistema de referencia inercial.<\/li>\n<li>Despliega en todos los tama\u00f1os de veh\u00edculos.<\/li>\n<li>Dise\u00f1o robusto, confiable y liviano con bajo consumo de energia.<\/li>\n<li>\u00daselo con el software intuitivo Trimble Mobile Imaging Capture.<\/li>\n<\/ul>\n<p>Las funciones de control del sistema y de grabaci\u00f3n de datos se proporcionan de forma inal\u00e1mbrica mediante una tableta o PC con WiFi. El software de fotogrametr\u00eda m\u00f3vil de Trimble est\u00e1 disponible con el sistema y ofrece una interfaz de usuario clara e intuitiva f\u00e1cil de usar que permite al operador ajustar r\u00e1pidamente los par\u00e1metros del sistema y gestionar la grabaci\u00f3n de datos<\/p>\n","protected":false},"featured_media":22111,"template":"","meta":{"_exactmetrics_skip_tracking":false,"_exactmetrics_sitenote_active":false,"_exactmetrics_sitenote_note":"","_exactmetrics_sitenote_category":0,"_monsterinsights_skip_tracking":false,"_monsterinsights_sitenote_active":false,"_monsterinsights_sitenote_note":"","_monsterinsights_sitenote_category":0},"product_brand":[],"product_cat":[110,107,281],"product_tag":[],"class_list":{"0":"post-22110","1":"product","2":"type-product","3":"status-publish","4":"has-post-thumbnail","6":"product_cat-mapping-gis","7":"product_cat-rubros","8":"product_cat-sistemasmapeomovil","10":"first","11":"instock","12":"shipping-taxable","13":"product-type-simple","14":"col-xxl","15":"col-xl-4","16":"col-lg-6","17":"col-sm-6"},"_links":{"self":[{"href":"https:\/\/kpn.com.uy\/web\/wp-json\/wp\/v2\/product\/22110","targetHints":{"allow":["GET"]}}],"collection":[{"href":"https:\/\/kpn.com.uy\/web\/wp-json\/wp\/v2\/product"}],"about":[{"href":"https:\/\/kpn.com.uy\/web\/wp-json\/wp\/v2\/types\/product"}],"wp:featuredmedia":[{"embeddable":true,"href":"https:\/\/kpn.com.uy\/web\/wp-json\/wp\/v2\/media\/22111"}],"wp:attachment":[{"href":"https:\/\/kpn.com.uy\/web\/wp-json\/wp\/v2\/media?parent=22110"}],"wp:term":[{"taxonomy":"product_brand","embeddable":true,"href":"https:\/\/kpn.com.uy\/web\/wp-json\/wp\/v2\/product_brand?post=22110"},{"taxonomy":"product_cat","embeddable":true,"href":"https:\/\/kpn.com.uy\/web\/wp-json\/wp\/v2\/product_cat?post=22110"},{"taxonomy":"product_tag","embeddable":true,"href":"https:\/\/kpn.com.uy\/web\/wp-json\/wp\/v2\/product_tag?post=22110"}],"curies":[{"name":"wp","href":"https:\/\/api.w.org\/{rel}","templated":true}]}}