{"id":22198,"date":"2017-11-30T12:55:30","date_gmt":"2017-11-30T15:55:30","guid":{"rendered":"https:\/\/kpn.com.uy\/web\/?post_type=product&#038;p=22198"},"modified":"2025-12-19T14:19:47","modified_gmt":"2025-12-19T17:19:47","slug":"trimble-catalyst","status":"publish","type":"product","link":"https:\/\/kpn.com.uy\/web\/producto\/trimble-catalyst\/","title":{"rendered":"Trimble Catalyst DA2"},"content":{"rendered":"<p>Ayer, su tel\u00e9fono podr\u00eda indicarle d\u00f3nde se encontraba a pocos metros.\u00a0Hoy, con Trimble Catalyst, su tel\u00e9fono puede indicarle d\u00f3nde se encuentra a solo unos pocos cent\u00edmetros.<\/p>\n<p>Catalyst presenta una antena liviana que se conecta directamente al tel\u00e9fono Android o al puerto USB de la tableta.\u00a0Una vez que est\u00e9 conectado a cualquier aplicaci\u00f3n habilitada para ubicaci\u00f3n de Catalyst o de terceros, puede usar medir, ubicar y compartir las cosas que mapea con el mundo.\u00a0El peque\u00f1o punto azul en tu tel\u00e9fono ahora es mucho m\u00e1s peque\u00f1o y preciso.<\/p>\n<p>&nbsp;<\/p>\n<p>Dado que la tecnolog\u00eda revolucionaria de Catalyst cuenta con un receptor GNSS de software que ofrece un posicionamiento de alta precisi\u00f3n con un servicio de suscripci\u00f3n bajo demanda, usted solo paga cuando lo necesita.<\/p>\n","protected":false},"excerpt":{"rendered":"[maxbutton id=\"1\" url=\"https:\/\/drive.google.com\/file\/d\/1A6nrXDXRqF5LeInVUrBA7KRTDnOFL4y8\/view?usp=sharing\" text=\"HOJA DE DATOS\" window=\"new\" ]\n<p>Receptor GNSS (servicio basado en subscription) tipo \u201ccoraz\u00f3n GNSS\u201d conectado a un smartphone o tableta.<br \/>\nCaracter\u00edsticas:<\/p>\n<p>Ofrece posicionamiento RTK preciso (centim\u00e9trico) mediante correcciones GNSS.<\/p>\n<p>Se utiliza con apps m\u00f3viles para medir puntos con alta precisi\u00f3n sin hardware pesado.<\/p>\n<p>Ideal para trabajos de topograf\u00eda ligera, levantamientos r\u00e1pidos y proyectos geom\u00e1ticos de campo.<\/p>\n<p>Su modelo \u201cDA2\u201d es fleixble y port\u00e1til, integr\u00e1ndose con iOS\/Android.<\/p>\n<p>&nbsp;<\/p>\n","protected":false},"featured_media":25262,"template":"","meta":{"_exactmetrics_skip_tracking":false,"_exactmetrics_sitenote_active":false,"_exactmetrics_sitenote_note":"","_exactmetrics_sitenote_category":0,"_monsterinsights_skip_tracking":false,"_monsterinsights_sitenote_active":false,"_monsterinsights_sitenote_note":"","_monsterinsights_sitenote_category":0},"product_brand":[],"product_cat":[350,273,87,287],"product_tag":[],"class_list":{"0":"post-22198","1":"product","2":"type-product","3":"status-publish","4":"has-post-thumbnail","6":"product_cat-equipos-forense","7":"product_cat-gnss-cartograficos","8":"product_cat-receptoresgnss","9":"product_cat-sig-mapping-trimble","11":"first","12":"instock","13":"shipping-taxable","14":"product-type-simple","15":"col-xxl","16":"col-xl-4","17":"col-lg-6","18":"col-sm-6"},"_links":{"self":[{"href":"https:\/\/kpn.com.uy\/web\/wp-json\/wp\/v2\/product\/22198","targetHints":{"allow":["GET"]}}],"collection":[{"href":"https:\/\/kpn.com.uy\/web\/wp-json\/wp\/v2\/product"}],"about":[{"href":"https:\/\/kpn.com.uy\/web\/wp-json\/wp\/v2\/types\/product"}],"wp:featuredmedia":[{"embeddable":true,"href":"https:\/\/kpn.com.uy\/web\/wp-json\/wp\/v2\/media\/25262"}],"wp:attachment":[{"href":"https:\/\/kpn.com.uy\/web\/wp-json\/wp\/v2\/media?parent=22198"}],"wp:term":[{"taxonomy":"product_brand","embeddable":true,"href":"https:\/\/kpn.com.uy\/web\/wp-json\/wp\/v2\/product_brand?post=22198"},{"taxonomy":"product_cat","embeddable":true,"href":"https:\/\/kpn.com.uy\/web\/wp-json\/wp\/v2\/product_cat?post=22198"},{"taxonomy":"product_tag","embeddable":true,"href":"https:\/\/kpn.com.uy\/web\/wp-json\/wp\/v2\/product_tag?post=22198"}],"curies":[{"name":"wp","href":"https:\/\/api.w.org\/{rel}","templated":true}]}}