{"id":22278,"date":"2017-12-18T16:42:52","date_gmt":"2017-12-18T19:42:52","guid":{"rendered":"https:\/\/kpn.com.uy\/web\/?post_type=product&#038;p=22278"},"modified":"2017-12-18T17:11:06","modified_gmt":"2017-12-18T20:11:06","slug":"22278","status":"publish","type":"product","link":"https:\/\/kpn.com.uy\/web\/producto\/22278\/","title":{"rendered":"PointCab &#8211; Nube de Puntos"},"content":{"rendered":"<table border=\"0\" width=\"1046\" cellspacing=\"0\" cellpadding=\"0\" align=\"center\" bgcolor=\"#FFFFFF\">\n<tbody>\n<tr>\n<td valign=\"top\" bgcolor=\"#FFFFFF\" height=\"10\">\n<p class=\"normal_instop\">Caracteristicas destacadas del software PointCab:<\/p>\n<p class=\"normal_instop\">1. Autom\u00e1tico<\/p>\n<p class=\"normal_instop\">Planos y vistas laterales listos en cuesti\u00f3n de minutos.<\/p>\n<p class=\"normal_instop\">Vectorizaci\u00f3n, mallas, vol\u00famenes, l\u00edneas de perfil\u2026<\/p>\n<p class=\"normal_instop\">2. Muy\u00a0r\u00e1pido<\/p>\n<p class=\"normal_instop\">No se conoce ning\u00fan software de proceso de nubes de puntos que conduzca al resultados tan r\u00e1pidamente.<\/p>\n<p class=\"normal_instop\">3. Tama\u00f1o m\u00ednimo<\/p>\n<p class=\"normal_instop\">\u00c1reas limitadas para cada nube de puntos.<\/p>\n<p class=\"normal_instop\">Selecci\u00f3n de puntos de escaneo sin reducci\u00f3n de la precisi\u00f3n.<\/p>\n<p class=\"normal_instop\">4. Independiente<\/p>\n<p class=\"normal_instop\">Documentaci\u00f3n para ordenador port\u00e1til, tablet PC, Mac, red o web.<\/p>\n<p>&nbsp;<\/p>\n<p class=\"normal_instop\">Todas las funciones, m\u00f3dulos y plug-ins de PointCab:<\/p>\n<div align=\"center\">\n<table border=\"1\" cellspacing=\"2\" cellpadding=\"2\">\n<thead>\n<tr>\n<td>\n<p class=\"normal_instop\">Vista general de los sectores<\/p>\n<\/td>\n<td class=\"normal_instop\">Topograf\u00eda, investigaciones forenses, conservaci\u00f3n de monumentos, planificaci\u00f3n de f\u00e1bricas, industria manufacturera<\/td>\n<td class=\"normal_instop\">Planificaci\u00f3n del paisaje, ingenier\u00eda civil<\/td>\n<td class=\"normal_instop\">Arquitectura, ingenier\u00eda estructural, construcci\u00f3n de carreteras, ingenier\u00eda<\/td>\n<\/tr>\n<\/thead>\n<tbody>\n<tr>\n<td class=\"normal_instop\" colspan=\"4\"><span class=\"titol-intro\"><span class=\"tito_categ\"><span class=\"title_block\"><span class=\"tops\"><span class=\"acc_cartela\"><span class=\"acc_miras\"><span class=\"titol-Porducte10\"><span class=\"normal_instop\">Importaci\u00f3n de datos:<\/span><\/span><\/span><\/span><\/span><\/span><\/span><\/span><\/td>\n<\/tr>\n<tr>\n<td class=\"normal_instop\">Formatos del esc\u00e1ner l\u00e1ser<\/td>\n<td class=\"normal_instop\">\u2713<\/td>\n<td class=\"normal_instop\">\u2713<\/td>\n<td class=\"normal_instop\">\u2713<\/td>\n<\/tr>\n<tr>\n<td class=\"normal_instop\">Nubes de puntos y datos de fotogrametr\u00eda<\/td>\n<td class=\"normal_instop\">\u2713<\/td>\n<td class=\"normal_instop\">\u2713<\/td>\n<td class=\"normal_instop\">\u2713<\/td>\n<\/tr>\n<tr>\n<td class=\"normal_instop\">Formato de nube de puntos en xyz, las, rcp (Autodesk)<\/td>\n<td class=\"normal_instop\">\u2713<\/td>\n<td class=\"normal_instop\">\u2713<\/td>\n<td class=\"normal_instop\">\u2713<\/td>\n<\/tr>\n<tr>\n<td class=\"normal_instop\" colspan=\"4\">Combinar varios escaneos o nubes de puntos:<\/td>\n<\/tr>\n<tr>\n<td class=\"normal_instop\">Registraci\u00f3n universal y de manera independiente del hardware<\/td>\n<td class=\"normal_instop\">\u2713\u00b9<\/td>\n<td class=\"normal_instop\">\u2014<\/td>\n<td class=\"normal_instop\">\u2713<\/td>\n<\/tr>\n<tr>\n<td class=\"normal_instop\">Mediante puntos seleccionados<\/td>\n<td class=\"normal_instop\">\u2713<\/td>\n<td class=\"normal_instop\">\u2713<\/td>\n<td class=\"normal_instop\">\u2713<\/td>\n<\/tr>\n<tr>\n<td class=\"normal_instop\">Mediante georreferenciaci\u00f3n<\/td>\n<td class=\"normal_instop\">\u2713<\/td>\n<td class=\"normal_instop\">\u2713<\/td>\n<td class=\"normal_instop\">\u2713<\/td>\n<\/tr>\n<tr>\n<td class=\"normal_instop\" colspan=\"4\">Exportaci\u00f3n y transferencia de datos a CAD:<\/td>\n<\/tr>\n<tr>\n<td class=\"normal_instop\">Resultados, layouts, vistas seccionales, medidas, vectorizaci\u00f3n, etc. en dxf, dwg, dae<\/td>\n<td class=\"normal_instop\">\u2713<\/td>\n<td class=\"normal_instop\">\u2713<\/td>\n<td class=\"normal_instop\">\u2713<\/td>\n<\/tr>\n<tr>\n<td class=\"normal_instop\">Extracciones de nube de puntos en xyz, las, rcp (Autodesk)<\/td>\n<td class=\"normal_instop\">\u2014<\/td>\n<td class=\"normal_instop\">\u2014<\/td>\n<td class=\"normal_instop\">\u2713<\/td>\n<\/tr>\n<tr>\n<td class=\"normal_instop\">Dibujos y documentaci\u00f3n en pdf, html, dxf<\/td>\n<td class=\"normal_instop\">\u2713<\/td>\n<td class=\"normal_instop\">\u2713<\/td>\n<td class=\"normal_instop\">\u2713<\/td>\n<\/tr>\n<tr>\n<td class=\"normal_instop\">Resultados y puntos 3D en tiempo real<\/td>\n<td class=\"normal_instop\">PointCab4CAD plug-ins\u00b2<\/td>\n<td class=\"normal_instop\">PointCab4CAD plug-ins\u00b2<\/td>\n<td class=\"normal_instop\">PointCab4CAD plug-ins\u00b2<\/td>\n<\/tr>\n<tr>\n<td class=\"normal_instop\" colspan=\"4\">Funciones 2D:<\/td>\n<\/tr>\n<tr>\n<td class=\"normal_instop\">Layouts y vistas seccionales (ortofotos)<\/td>\n<td class=\"normal_instop\">\u2713<\/td>\n<td class=\"normal_instop\">\u2713<\/td>\n<td class=\"normal_instop\">\u2713<\/td>\n<\/tr>\n<tr>\n<td class=\"normal_instop\">Correlaci\u00f3n de fotos de alta resoluci\u00f3n<\/td>\n<td class=\"normal_instop\">\u2713<\/td>\n<td class=\"normal_instop\">\u2713<\/td>\n<td class=\"normal_instop\">\u2713<\/td>\n<\/tr>\n<tr>\n<td class=\"normal_instop\">Identificaci\u00f3n y documentaci\u00f3n de distancias, \u00e1ngulos y superficies<\/td>\n<td class=\"normal_instop\">\u2713<\/td>\n<td class=\"normal_instop\">\u2713<\/td>\n<td class=\"normal_instop\">\u2713<\/td>\n<\/tr>\n<tr>\n<td class=\"normal_instop\">Vectorizaci\u00f3n de secciones<\/td>\n<td class=\"normal_instop\">\u2014<\/td>\n<td class=\"normal_instop\">\u2713<\/td>\n<td class=\"normal_instop\">\u2713<\/td>\n<\/tr>\n<tr>\n<td class=\"normal_instop\">Creaci\u00f3n de perfiles vectorizados<\/td>\n<td class=\"normal_instop\">\u2014<\/td>\n<td class=\"normal_instop\">\u2713<\/td>\n<td class=\"normal_instop\">\u2713<\/td>\n<\/tr>\n<tr>\n<td class=\"normal_instop\" colspan=\"4\">Documentaci\u00f3n y dibujos:<\/td>\n<\/tr>\n<tr>\n<td class=\"normal_instop\">Dibujos en 2D<\/td>\n<td class=\"normal_instop\">\u2713<\/td>\n<td class=\"normal_instop\">\u2713<\/td>\n<td class=\"normal_instop\">\u2713<\/td>\n<\/tr>\n<tr>\n<td class=\"normal_instop\">Vistas panor\u00e1micas desde cualquier posici\u00f3n<\/td>\n<td class=\"normal_instop\">\u2713<\/td>\n<td class=\"normal_instop\">\u2713<\/td>\n<td class=\"normal_instop\">\u2713<\/td>\n<\/tr>\n<tr>\n<td class=\"normal_instop\">Presentaciones web multi-plataforma<\/td>\n<td class=\"normal_instop\">\u2713<\/td>\n<td class=\"normal_instop\">\u2713<\/td>\n<td class=\"normal_instop\">\u2713<\/td>\n<\/tr>\n<tr>\n<td class=\"normal_instop\" colspan=\"4\">Funciones 3D:<\/td>\n<\/tr>\n<tr>\n<td class=\"normal_instop\">Definici\u00f3n de vol\u00famenes seg\u00fan a la norma REB<\/td>\n<td class=\"normal_instop\">\u2014<\/td>\n<td class=\"normal_instop\">\u2713<\/td>\n<td class=\"normal_instop\">\u2713<\/td>\n<\/tr>\n<tr>\n<td class=\"normal_instop\">Identificaci\u00f3n de las desviaciones de uniformidad<\/td>\n<td class=\"normal_instop\">\u2014<\/td>\n<td class=\"normal_instop\">\u2014<\/td>\n<td class=\"normal_instop\">\u2713<\/td>\n<\/tr>\n<tr>\n<td class=\"normal_instop\">Determinaci\u00f3n de proyecciones de objetos cil\u00edndricos<\/td>\n<td class=\"normal_instop\">\u2014<\/td>\n<td class=\"normal_instop\">\u2014<\/td>\n<td class=\"normal_instop\">\u2713<\/td>\n<\/tr>\n<tr>\n<td class=\"normal_instop\">Mallado<\/td>\n<td class=\"normal_instop\">\u2014<\/td>\n<td class=\"normal_instop\">\u2014<\/td>\n<td class=\"normal_instop\">\u2713<\/td>\n<\/tr>\n<\/tbody>\n<tfoot>\n<tr>\n<td>\n<p class=\"normal_instop\">Versi\u00f3n recomendada de PointCab<\/p>\n<\/td>\n<td class=\"normal_instop\">PointCab Suite<br \/>\npara top\u00f3grafos m\u00e1s el m\u00f3dulo Registraci\u00f3n<\/td>\n<td class=\"normal_instop\">PointCab Suite<br \/>\nm\u00e1s los m\u00f3dulos Perfilador y Volumen<\/td>\n<td class=\"normal_instop\">PointCab 3DPro<br \/>\ncon Registraci\u00f3n<\/td>\n<\/tr>\n<\/tfoot>\n<\/table>\n<\/div>\n<\/td>\n<td valign=\"top\" bgcolor=\"#FFFFFF\" width=\"16\"><img decoding=\"async\" src=\"https:\/\/www.instop.es\/ic\/pb15.png\" alt=\"\" width=\"16\" height=\"15\" \/><\/td>\n<td align=\"center\" valign=\"top\" bgcolor=\"#FFFFFF\" width=\"201\"><\/td>\n<\/tr>\n<\/tbody>\n<\/table>\n<p>&nbsp;<\/p>\n<p>&nbsp;<\/p>\n<p><iframe width=\"1136\" height=\"639\" src=\"https:\/\/www.youtube.com\/embed\/sSHaA5zxmFQ?feature=oembed\" frameborder=\"0\" gesture=\"media\" allow=\"encrypted-media\" allowfullscreen><\/iframe><\/p>\n<p>&nbsp;<\/p>\n<p><iframe width=\"1136\" height=\"639\" src=\"https:\/\/www.youtube.com\/embed\/zgpEiAfVFiQ?feature=oembed\" frameborder=\"0\" gesture=\"media\" allow=\"encrypted-media\" allowfullscreen><\/iframe><\/p>\n","protected":false},"excerpt":{"rendered":"<p class=\"normal_instop\">El software PointCab est\u00e1 pensado para arquitectos, ingenieros civiles, top\u00f3grafos, planificadores del territorio y del paisaje, proyectistas de planta, conservacionistas de monumentos, empresas artesanas, expertos forenses&#8230;<\/p>\n<p class=\"normal_instop\">Capaz de procesar las nubes de puntos creadas por esc\u00e1neres l\u00e1ser terrestres, cartograf\u00eda m\u00f3vil, escaneo a\u00e9reo, drones UAS\/UAV\u00a0y esc\u00e1neres de mano el PointCab tiene un amplia selecci\u00f3n de funciones para el an\u00e1lisis, el c\u00e1lculo y la documentaci\u00f3n, as\u00ed como de interfaces para casi todos los esc\u00e1neres l\u00e1ser, los datos de fotogrametr\u00eda y los sistemas CAD.<\/p>\n<p class=\"normal_instop\">\n","protected":false},"featured_media":22279,"template":"","meta":{"_exactmetrics_skip_tracking":false,"_exactmetrics_sitenote_active":false,"_exactmetrics_sitenote_note":"","_exactmetrics_sitenote_category":0,"_monsterinsights_skip_tracking":false,"_monsterinsights_sitenote_active":false,"_monsterinsights_sitenote_note":"","_monsterinsights_sitenote_category":0},"product_brand":[],"product_cat":[289],"product_tag":[],"class_list":{"0":"post-22278","1":"product","2":"type-product","3":"status-publish","4":"has-post-thumbnail","6":"product_cat-software-arquitectura","8":"first","9":"instock","10":"shipping-taxable","11":"product-type-simple","12":"col-xxl","13":"col-xl-4","14":"col-lg-6","15":"col-sm-6"},"_links":{"self":[{"href":"https:\/\/kpn.com.uy\/web\/wp-json\/wp\/v2\/product\/22278","targetHints":{"allow":["GET"]}}],"collection":[{"href":"https:\/\/kpn.com.uy\/web\/wp-json\/wp\/v2\/product"}],"about":[{"href":"https:\/\/kpn.com.uy\/web\/wp-json\/wp\/v2\/types\/product"}],"wp:featuredmedia":[{"embeddable":true,"href":"https:\/\/kpn.com.uy\/web\/wp-json\/wp\/v2\/media\/22279"}],"wp:attachment":[{"href":"https:\/\/kpn.com.uy\/web\/wp-json\/wp\/v2\/media?parent=22278"}],"wp:term":[{"taxonomy":"product_brand","embeddable":true,"href":"https:\/\/kpn.com.uy\/web\/wp-json\/wp\/v2\/product_brand?post=22278"},{"taxonomy":"product_cat","embeddable":true,"href":"https:\/\/kpn.com.uy\/web\/wp-json\/wp\/v2\/product_cat?post=22278"},{"taxonomy":"product_tag","embeddable":true,"href":"https:\/\/kpn.com.uy\/web\/wp-json\/wp\/v2\/product_tag?post=22278"}],"curies":[{"name":"wp","href":"https:\/\/api.w.org\/{rel}","templated":true}]}}