{"id":22284,"date":"2017-12-19T11:55:29","date_gmt":"2017-12-19T14:55:29","guid":{"rendered":"https:\/\/kpn.com.uy\/web\/?post_type=product&#038;p=22284"},"modified":"2021-03-25T16:36:31","modified_gmt":"2021-03-25T19:36:31","slug":"tdc100","status":"publish","type":"product","link":"https:\/\/kpn.com.uy\/web\/producto\/tdc100\/","title":{"rendered":"TDC100"},"content":{"rendered":"<div>\n<h2><\/h2>\n<h2><a class=\"maxbutton-1 maxbutton maxbutton-descargarpdf\" target=\"_blank\" rel=\"noopener\" href=\"javascript:void(0);\"><span class='mb-text'>DESCARGAR PDF<\/span><\/a><\/h2>\n<h2 class=\"text-style-headline\">Llevar solo un dispositivo<\/h2>\n<div class=\"field-wrapper field field-name-field-product-body-content\">\n<p>Una inversi\u00f3n inteligente en un solo dispositivo, la computadora de mano TDC100 basada en Android integra una variedad de caracter\u00edsticas potentes.\u00a0Proporcionando captura de fotos, un receptor GNSS de alto rendimiento y opciones integradas de modem celular 4G LTE y capacidades de llamada de voz *, la computadora de mano TDC100 es la soluci\u00f3n perfecta para aumentar la productividad y las capacidades de comunicaci\u00f3n de su fuerza de trabajo.<\/p>\n<p><em>* Modelo 4G\u00a0<\/em><\/p>\n<\/div>\n<\/div>\n<div>\n<h2 class=\"text-style-headline\">Datos GNSS con confianza de Trimble<\/h2>\n<div class=\"field-wrapper field field-name-field-product-body-content\">\n<ul>\n<li>Recopila datos GNSS precisos.<\/li>\n<li>Mejor capacidad GNSS que los tel\u00e9fonos inteligentes est\u00e1ndar.<\/li>\n<li>Proporciona una precisi\u00f3n de posicionamiento de hasta 1-2 metros en tiempo real.<\/li>\n<li>Admite las constelaciones GPS (m\u00e1s GLONASS, GALILEO o Beidou), as\u00ed como las capacidades SBAS para aprovechar la precisi\u00f3n mejorada en tiempo real.<\/li>\n<\/ul>\n<\/div>\n<\/div>\n<div>\n<h2 class=\"text-style-headline\">Ultra confiable y eficiente en el campo<\/h2>\n<div class=\"field-wrapper field field-name-field-product-body-content\">\n<ul>\n<li>Android OS 6.0 &#8220;Marshmallow&#8221;.<\/li>\n<li>Descargue e instale aplicaciones, incluyendo Trimble TerraFlex \u2122 y Esri Collector, desde Google Play Store, incluso en el campo.<\/li>\n<li>Ejecute aplicaciones personalizadas \u00fanicas para su organizaci\u00f3n.<\/li>\n<li>Tome fotograf\u00edas, env\u00ede correos electr\u00f3nicos, haga llamadas telef\u00f3nicas *.<\/li>\n<li>La clasificaci\u00f3n ambiental IP-67 protege el dispositivo del polvo y la entrada de humedad, as\u00ed como de golpes, ca\u00eddas y vibraciones, sin la necesidad de una funda protectora adicional.<\/li>\n<li>Pantalla grande y brillante de 5.3 pulgadas legible incluso con luz solar directa y gafas de sol polarizadas.<\/li>\n<li>Las bater\u00edas reemplazables por el usuario en capacidades est\u00e1ndar (3100mAh) y mejoradas (4800mAh) le permiten trabajar un d\u00eda completo de trabajo, incluso con un uso intensivo.<\/li>\n<li>La c\u00e1mara de alta resoluci\u00f3n toma fotograf\u00edas georreferenciadas.<\/li>\n<\/ul>\n<\/div>\n<p>&nbsp;<\/p>\n<\/div>\n<p>&nbsp;<\/p>\n<p><iframe width=\"1136\" height=\"639\" src=\"https:\/\/www.youtube.com\/embed\/fimWxYMRiF8?feature=oembed\" frameborder=\"0\" allow=\"accelerometer; autoplay; clipboard-write; encrypted-media; gyroscope; picture-in-picture\" allowfullscreen><\/iframe><\/p>\n","protected":false},"excerpt":{"rendered":"<p>La computadora de mano Trimble\u00ae TDC100 combina un tel\u00e9fono inteligente y la tecnolog\u00eda de recolecci\u00f3n de datos Trimble GNSS en un dispositivo robusto y liviano.\u00a0Est\u00e1 dise\u00f1ado exclusivamente para profesionales de SIG que trabajan en sitios de trabajo en una variedad de aplicaciones que incluyen obras p\u00fablicas, servicios p\u00fablicos y gesti\u00f3n ambiental.<\/p>\n","protected":false},"featured_media":22285,"template":"","meta":{"_exactmetrics_skip_tracking":false,"_exactmetrics_sitenote_active":false,"_exactmetrics_sitenote_note":"","_exactmetrics_sitenote_category":0,"_monsterinsights_skip_tracking":false,"_monsterinsights_sitenote_active":false,"_monsterinsights_sitenote_note":"","_monsterinsights_sitenote_category":0},"product_brand":[],"product_cat":[363,85,273,287],"product_tag":[],"class_list":{"0":"post-22284","1":"product","2":"type-product","3":"status-publish","4":"has-post-thumbnail","6":"product_cat-controladoras-trimble","7":"product_cat-equiposdemanocongnss","8":"product_cat-gnss-cartograficos","9":"product_cat-sig-mapping-trimble","11":"first","12":"instock","13":"shipping-taxable","14":"product-type-simple","15":"col-xxl","16":"col-xl-4","17":"col-lg-6","18":"col-sm-6"},"_links":{"self":[{"href":"https:\/\/kpn.com.uy\/web\/wp-json\/wp\/v2\/product\/22284","targetHints":{"allow":["GET"]}}],"collection":[{"href":"https:\/\/kpn.com.uy\/web\/wp-json\/wp\/v2\/product"}],"about":[{"href":"https:\/\/kpn.com.uy\/web\/wp-json\/wp\/v2\/types\/product"}],"wp:featuredmedia":[{"embeddable":true,"href":"https:\/\/kpn.com.uy\/web\/wp-json\/wp\/v2\/media\/22285"}],"wp:attachment":[{"href":"https:\/\/kpn.com.uy\/web\/wp-json\/wp\/v2\/media?parent=22284"}],"wp:term":[{"taxonomy":"product_brand","embeddable":true,"href":"https:\/\/kpn.com.uy\/web\/wp-json\/wp\/v2\/product_brand?post=22284"},{"taxonomy":"product_cat","embeddable":true,"href":"https:\/\/kpn.com.uy\/web\/wp-json\/wp\/v2\/product_cat?post=22284"},{"taxonomy":"product_tag","embeddable":true,"href":"https:\/\/kpn.com.uy\/web\/wp-json\/wp\/v2\/product_tag?post=22284"}],"curies":[{"name":"wp","href":"https:\/\/api.w.org\/{rel}","templated":true}]}}