{"id":22414,"date":"2018-02-14T11:28:29","date_gmt":"2018-02-14T14:28:29","guid":{"rendered":"https:\/\/kpn.com.uy\/web\/?post_type=product&#038;p=22414"},"modified":"2021-05-21T17:15:43","modified_gmt":"2021-05-21T20:15:43","slug":"global-mapper","status":"publish","type":"product","link":"https:\/\/kpn.com.uy\/web\/producto\/global-mapper\/","title":{"rendered":"Global Mapper &#8211; Modulo LIDAR &#8211;"},"content":{"rendered":"","protected":false},"excerpt":{"rendered":"<p>Global Mapper es una aplicaci\u00f3n SIG robusto y de bajo costo que combina una gama completa de herramientas de procesamiento de datos espaciales con acceso a una gran variedad de los formatos de datos. Desarrollado para los profesionales de SIG y asiduos al mapeo, este vers\u00e1til software es tambi\u00e9n adecuado como herramienta SIG de gesti\u00f3n de datos independiente o como complemento a una infraestructura SIG establecida.<br \/>\nGlobal Mapper cubre pr\u00e1cticamente todo lo que necesita de un SIG: la completa interoperabilidad con soporte de datos sin comparaci\u00f3n; instalaci\u00f3n y configuraci\u00f3n sencilla; el equilibrio justo entre el gran alcance de procesamiento de datos y facilidad de uso; soporte t\u00e9cnico gratuito e ilimitado y el precio realmente accesible.<\/p>\n<p>&nbsp;<\/p>\n<p>Disponible la ultima versi\u00f3n 20.1 : Herramienta de perfil de ruta mejorada<\/p>\n<p>La importancia de la herramienta Path Profile ha crecido enormemente desde la introducci\u00f3n del M\u00f3dulo LiDAR.\u00a0La novedad de la versi\u00f3n 20.1 es la opci\u00f3n de ampliar la vista del perfil para obtener una vista m\u00e1s detallada de una secci\u00f3n espec\u00edfica de la l\u00ednea del perfil.\u00a0La visualizaci\u00f3n de perfil actualizada tambi\u00e9n incluye una opci\u00f3n de leyenda para definir con mayor claridad las superficies individuales al representar l\u00edneas de perfil para varias capas.<\/p>\n<p>Global Mapper 20.1 introduce una opci\u00f3n de proyecci\u00f3n predeterminada.\u00a0Con esta nueva configuraci\u00f3n, una proyecci\u00f3n espec\u00edfica se aplicar\u00e1 autom\u00e1ticamente al crear o importar cualquier capa nueva.<\/p>\n<p>Una nueva herramienta en el amplio conjunto de funciones de Digitalizador eliminar\u00e1 autom\u00e1ticamente las brechas o \u00e1reas superpuestas entre pol\u00edgonos adyacentes.\u00a0Esta funci\u00f3n simple de coincidencia de bordes se basa en un umbral de distancia definido y garantiza la integridad topol\u00f3gica de los datos.<\/p>\n<p>&nbsp;<\/p>\n<p>&nbsp;<\/p>\n","protected":false},"featured_media":22470,"template":"","meta":{"_exactmetrics_skip_tracking":false,"_exactmetrics_sitenote_active":false,"_exactmetrics_sitenote_note":"","_exactmetrics_sitenote_category":0,"_monsterinsights_skip_tracking":false,"_monsterinsights_sitenote_active":false,"_monsterinsights_sitenote_note":"","_monsterinsights_sitenote_category":0},"product_brand":[],"product_cat":[111,110,380,272,71,91],"product_tag":[],"class_list":{"0":"post-22414","1":"product","2":"type-product","3":"status-publish","4":"has-post-thumbnail","6":"product_cat-fotogrametria","7":"product_cat-mapping-gis","8":"product_cat-procesamiento-de-imagenes","9":"product_cat-software-fotogrametria","10":"product_cat-softwareingenieria","11":"product_cat-softwaremapping","13":"first","14":"instock","15":"shipping-taxable","16":"product-type-simple","17":"col-xxl","18":"col-xl-4","19":"col-lg-6","20":"col-sm-6"},"_links":{"self":[{"href":"https:\/\/kpn.com.uy\/web\/wp-json\/wp\/v2\/product\/22414","targetHints":{"allow":["GET"]}}],"collection":[{"href":"https:\/\/kpn.com.uy\/web\/wp-json\/wp\/v2\/product"}],"about":[{"href":"https:\/\/kpn.com.uy\/web\/wp-json\/wp\/v2\/types\/product"}],"wp:featuredmedia":[{"embeddable":true,"href":"https:\/\/kpn.com.uy\/web\/wp-json\/wp\/v2\/media\/22470"}],"wp:attachment":[{"href":"https:\/\/kpn.com.uy\/web\/wp-json\/wp\/v2\/media?parent=22414"}],"wp:term":[{"taxonomy":"product_brand","embeddable":true,"href":"https:\/\/kpn.com.uy\/web\/wp-json\/wp\/v2\/product_brand?post=22414"},{"taxonomy":"product_cat","embeddable":true,"href":"https:\/\/kpn.com.uy\/web\/wp-json\/wp\/v2\/product_cat?post=22414"},{"taxonomy":"product_tag","embeddable":true,"href":"https:\/\/kpn.com.uy\/web\/wp-json\/wp\/v2\/product_tag?post=22414"}],"curies":[{"name":"wp","href":"https:\/\/api.w.org\/{rel}","templated":true}]}}