{"id":22442,"date":"2018-03-13T14:47:17","date_gmt":"2018-03-13T17:47:17","guid":{"rendered":"https:\/\/kpn.com.uy\/web\/?post_type=product&#038;p=22442"},"modified":"2018-03-13T14:49:28","modified_gmt":"2018-03-13T17:49:28","slug":"echoboat","status":"publish","type":"product","link":"https:\/\/kpn.com.uy\/web\/producto\/echoboat\/","title":{"rendered":"Echoboat"},"content":{"rendered":"","protected":false},"excerpt":{"rendered":"<p>El EchoBoat &#8211; RCV-G2\u00a0 es una plataforma de levantamiento port\u00e1til, controlado a distancia, desarrollado para levantamientos hidrogr\u00e1ficos.<\/p>\n<p>El veh\u00edculo de carga \u00fatil de m\u00faltiples caracter\u00edsticas de portabilidad, propulsi\u00f3n mejorada y gran capacidad de carga \u00fatil se fabrica a partir de materiales y componentes marinos de alta calidad y se desmonta f\u00e1cilmente para trasportar.<\/p>\n<p>Los entornos de trabajo incluyen minas, plantas de tratamiento de aguas residuales, r\u00edos, lagos, estanques contaminados y puertos.<\/p>\n<p>El control remoto del veh\u00edculo de levantamiento funciona a trav\u00e9s de un sistema remoto de alta potencia que ofrece hasta 2 km de alcance, con una duraci\u00f3n de levantamiento de mas de 8 horas, a una velocidad de 3 nudos con un \u00fanico paquete de bater\u00edas.<\/p>\n<p>Con la opci\u00f3n de AutoNAv, el EchoBoat es totalmente aut\u00f3nomo, el veh\u00edculo se puede monitorear mientras esta en marcha en los modos manual y autom\u00e1tico utilizando la posici\u00f3n GPS y rumbo disponible en tiempo real en la costa por medio de telemetr\u00eda de RF.<\/p>\n[maxbutton id=\"1\" url=\"https:\/\/seafloorsystems.com\/support\/brochures\/seafloor-docs\/110-echoboat-rcv-brochure-spanish\/file\" ]\n","protected":false},"featured_media":22443,"template":"","meta":{"_exactmetrics_skip_tracking":false,"_exactmetrics_sitenote_active":false,"_exactmetrics_sitenote_note":"","_exactmetrics_sitenote_category":0,"_monsterinsights_skip_tracking":false,"_monsterinsights_sitenote_active":false,"_monsterinsights_sitenote_note":"","_monsterinsights_sitenote_category":0},"product_brand":[],"product_cat":[72,112,246,281],"product_tag":[],"class_list":{"0":"post-22442","1":"product","2":"type-product","3":"status-publish","4":"has-post-thumbnail","6":"product_cat-ecosondasypesca","7":"product_cat-hidrografia","8":"product_cat-seafloor","9":"product_cat-sistemasmapeomovil","11":"first","12":"instock","13":"shipping-taxable","14":"product-type-simple","15":"col-xxl","16":"col-xl-4","17":"col-lg-6","18":"col-sm-6"},"_links":{"self":[{"href":"https:\/\/kpn.com.uy\/web\/wp-json\/wp\/v2\/product\/22442","targetHints":{"allow":["GET"]}}],"collection":[{"href":"https:\/\/kpn.com.uy\/web\/wp-json\/wp\/v2\/product"}],"about":[{"href":"https:\/\/kpn.com.uy\/web\/wp-json\/wp\/v2\/types\/product"}],"wp:featuredmedia":[{"embeddable":true,"href":"https:\/\/kpn.com.uy\/web\/wp-json\/wp\/v2\/media\/22443"}],"wp:attachment":[{"href":"https:\/\/kpn.com.uy\/web\/wp-json\/wp\/v2\/media?parent=22442"}],"wp:term":[{"taxonomy":"product_brand","embeddable":true,"href":"https:\/\/kpn.com.uy\/web\/wp-json\/wp\/v2\/product_brand?post=22442"},{"taxonomy":"product_cat","embeddable":true,"href":"https:\/\/kpn.com.uy\/web\/wp-json\/wp\/v2\/product_cat?post=22442"},{"taxonomy":"product_tag","embeddable":true,"href":"https:\/\/kpn.com.uy\/web\/wp-json\/wp\/v2\/product_tag?post=22442"}],"curies":[{"name":"wp","href":"https:\/\/api.w.org\/{rel}","templated":true}]}}